{"id":37981,"date":"2020-10-15T11:42:30","date_gmt":"2020-10-15T09:42:30","guid":{"rendered":"https:\/\/ticinoweb01.jcloud.ik-server.com\/cndestetik\/prodotto\/nettoyant-liquide-a-base-damandes\/"},"modified":"2023-04-19T09:23:44","modified_gmt":"2023-04-19T07:23:44","slug":"nettoyant-liquide-aux-amandes","status":"publish","type":"product","link":"https:\/\/cndestetik.ch\/fr\/prodotto\/nettoyant-liquide-aux-amandes\/","title":{"rendered":"D\u00e9tergent liquide aux amandes &#8211; Base de lavage"},"content":{"rendered":"<p>Nettoyant doux, con\u00e7u pour toute la famille. Il a un fort pouvoir \u00e9nergisant, nettoie en profondeur et laisse la peau douce avec un agr\u00e9able parfum d&#8217;amande. Convient \u00e9galement aux peaux sensibles.<\/p>\n<p>Enrichi en extraits spagyriques de Calendula et de Mauve, il convient au visage, au corps et aux cheveux. Nous recommandons de l&#8217;utiliser dilu\u00e9 !<\/p>\n","protected":false},"excerpt":{"rendered":"<p>D\u00e9tergent liquide aux amandes, disponible en deux formats diff\u00e9rents<\/p>\n","protected":false},"featured_media":37473,"template":"","meta":{"_acf_changed":false},"product_brand":[],"product_cat":[1925],"product_tag":[576,4651,4652,551,449],"class_list":{"0":"post-37981","1":"product","2":"type-product","3":"status-publish","4":"has-post-thumbnail","6":"product_cat-determination","7":"product_tag-amandier","8":"product_tag-detergent-fr","9":"product_tag-liquide","10":"product_tag-mauve","11":"product_tag-rose-dinde","12":"pa_formato-1000ml-fr","13":"pa_formato-300ml-fr","15":"first","16":"instock","17":"taxable","18":"shipping-taxable","19":"purchasable","20":"product-type-variable"},"acf":[],"jetpack_sharing_enabled":true,"_links":{"self":[{"href":"https:\/\/cndestetik.ch\/fr\/wp-json\/wp\/v2\/product\/37981","targetHints":{"allow":["GET"]}}],"collection":[{"href":"https:\/\/cndestetik.ch\/fr\/wp-json\/wp\/v2\/product"}],"about":[{"href":"https:\/\/cndestetik.ch\/fr\/wp-json\/wp\/v2\/types\/product"}],"wp:featuredmedia":[{"embeddable":true,"href":"https:\/\/cndestetik.ch\/fr\/wp-json\/wp\/v2\/media\/37473"}],"wp:attachment":[{"href":"https:\/\/cndestetik.ch\/fr\/wp-json\/wp\/v2\/media?parent=37981"}],"wp:term":[{"taxonomy":"product_brand","embeddable":true,"href":"https:\/\/cndestetik.ch\/fr\/wp-json\/wp\/v2\/product_brand?post=37981"},{"taxonomy":"product_cat","embeddable":true,"href":"https:\/\/cndestetik.ch\/fr\/wp-json\/wp\/v2\/product_cat?post=37981"},{"taxonomy":"product_tag","embeddable":true,"href":"https:\/\/cndestetik.ch\/fr\/wp-json\/wp\/v2\/product_tag?post=37981"}],"curies":[{"name":"wp","href":"https:\/\/api.w.org\/{rel}","templated":true}]}}