{"id":37979,"date":"2020-10-15T11:42:22","date_gmt":"2020-10-15T09:42:22","guid":{"rendered":"https:\/\/ticinoweb01.jcloud.ik-server.com\/cndestetik\/prodotto\/gel-daloes-neutre\/"},"modified":"2025-02-07T08:48:04","modified_gmt":"2025-02-07T07:48:04","slug":"gel-aloe-neutre","status":"publish","type":"product","link":"https:\/\/cndestetik.ch\/fr\/prodotto\/gel-aloe-neutre\/","title":{"rendered":"Gel d&#8217;alo\u00e8s neutre"},"content":{"rendered":"<p><span data-sheets-value=\"{\"1\":2,\"2\":\"Concentrato di gel estratto dall'Aloe Vera, il suo uso topico \u00e8 indicato su infiammazioni, dermatiti, scottature e screpolature della pelle.\\nE' lenitivo, calmante per qualsiasi utilizzo.\\n\\nE' un ottimo veicolo per oli essenziali e altri principi attivi.\\n\\nCome utilizzarlo:\\n- impacchi: arricchiscilo di olie essenziali, oleoliti spagirici, oli vegetali, per ottenere un composto ricco. Applicalo sulla pelle e lascialo in posa qualche minuto; elimina poi i residui sciacquando;\\n- stendilo puro sulla pelle fino ad assorbimento;\\n- utilizzalo come disinfettante mani arricchendolo della MISCELA RISANAMBIENTE\\n- possono utilizzarlo tutti, bambini, anziani, donne in gravidanza, persone con gravi patologie, animali\"}\" data-sheets-userformat=\"{\"2\":15297,\"3\":{\"1\":0},\"9\":0,\"10\":2,\"11\":0,\"12\":0,\"14\":{\"1\":2,\"2\":0},\"15\":\"Calibri\",\"16\":11}\"><br \/>\nGel concentr\u00e9 extrait de l&#8217;Aloe Vera, son utilisation topique est indiqu\u00e9e sur les inflammations, les dermatites, les coups de soleil et les ger\u00e7ures. Il est apaisant, calmant pour tous les usages.<\/span><\/p>\n<p>C&#8217;est un excellent v\u00e9hicule pour les huiles essentielles et autres ingr\u00e9dients actifs.<\/p>\n<p>Comment l&#8217;utiliser : &#8211; compresses : enrichissez-la d&#8217;huiles essentielles, d&#8217;ol\u00e9olites spagyriques, d&#8217;huiles v\u00e9g\u00e9tales, afin d&#8217;obtenir un m\u00e9lange riche.<\/p>\n<p> Appliquez-le sur la peau et laissez-le agir quelques minutes, puis rincez tout r\u00e9sidu ; &#8211; appliquez-le pur sur la peau jusqu&#8217;\u00e0 absorption ; &#8211; utilisez-le comme d\u00e9sinfectant pour les mains, en l&#8217;enrichissant avec le M\u00c9LANGE MAINS SANT\u00c9 &#8211; tout le monde peut l&#8217;utiliser, les enfants, les personnes \u00e2g\u00e9es, les femmes enceintes, les personnes souffrant de maladies graves, les animaux <\/p>\n","protected":false},"excerpt":{"rendered":"<p>Gel d&#8217;alo\u00e8s, apaisant et hydratant. Disponible en deux formats.<\/p>\n","protected":false},"featured_media":37476,"template":"","meta":{"_acf_changed":false},"product_brand":[],"product_cat":[12987,1494,12982,9906,11233,12989],"product_tag":[554,8937,1275,7960],"class_list":{"0":"post-37979","1":"product","2":"type-product","3":"status-publish","4":"has-post-thumbnail","6":"product_cat-corps","7":"product_cat-cosmetiques","8":"product_cat-microcosme","9":"product_cat-oiseau-rose","10":"product_cat-physiotherapie","11":"product_cat-visage","12":"product_tag-aloe-fr","13":"product_tag-aloe-vera-fr","14":"product_tag-gel-fr","15":"product_tag-reel","16":"pa_formato-100ml-fr","17":"pa_formato-500ml-fr","19":"first","20":"instock","21":"taxable","22":"shipping-taxable","23":"purchasable","24":"product-type-variable","25":"has-default-attributes"},"acf":[],"jetpack_sharing_enabled":true,"_links":{"self":[{"href":"https:\/\/cndestetik.ch\/fr\/wp-json\/wp\/v2\/product\/37979","targetHints":{"allow":["GET"]}}],"collection":[{"href":"https:\/\/cndestetik.ch\/fr\/wp-json\/wp\/v2\/product"}],"about":[{"href":"https:\/\/cndestetik.ch\/fr\/wp-json\/wp\/v2\/types\/product"}],"wp:featuredmedia":[{"embeddable":true,"href":"https:\/\/cndestetik.ch\/fr\/wp-json\/wp\/v2\/media\/37476"}],"wp:attachment":[{"href":"https:\/\/cndestetik.ch\/fr\/wp-json\/wp\/v2\/media?parent=37979"}],"wp:term":[{"taxonomy":"product_brand","embeddable":true,"href":"https:\/\/cndestetik.ch\/fr\/wp-json\/wp\/v2\/product_brand?post=37979"},{"taxonomy":"product_cat","embeddable":true,"href":"https:\/\/cndestetik.ch\/fr\/wp-json\/wp\/v2\/product_cat?post=37979"},{"taxonomy":"product_tag","embeddable":true,"href":"https:\/\/cndestetik.ch\/fr\/wp-json\/wp\/v2\/product_tag?post=37979"}],"curies":[{"name":"wp","href":"https:\/\/api.w.org\/{rel}","templated":true}]}}