{"id":37971,"date":"2020-10-15T11:42:18","date_gmt":"2020-10-15T09:42:18","guid":{"rendered":"https:\/\/ticinoweb01.jcloud.ik-server.com\/cndestetik\/prodotto\/gel-defatiguant-rafraichissant\/"},"modified":"2025-01-23T09:40:02","modified_gmt":"2025-01-23T08:40:02","slug":"gel-rafraichissant-defatiguant","status":"publish","type":"product","link":"https:\/\/cndestetik.ch\/fr\/prodotto\/gel-rafraichissant-defatiguant\/","title":{"rendered":"Gel d\u00e9fatiguant rafra\u00eechissant"},"content":{"rendered":"<p><span data-sheets-value=\"{\"1\":2,\"2\":\"Un prodotto ricchissimo di principi attivi, quali Aloe, Ippocastano e Olio Essenziale di Menta.\\nQuesta combinazione alleggerisce e sgonfia le gambe, elimina stanchezza e gonfiore, migliora la circolazione periferica, aiuta in caso di dolore articolare.\\nPreviene gli edemi donando freschezza grazie al mentolo naturale.\\n\\nCome utilizzarla?\\nDopo lo sport oppure alla sera, effettuare un lavaggio accurato del piede e massaggiare il gel dalla pianta del piede, salendo sulla caviglia fino ad arrivare al ginocchio. L'effetto sae\u00e0 immediato.\"}\" data-sheets-userformat=\"{\"2\":15297,\"3\":{\"1\":0},\"9\":0,\"10\":2,\"11\":0,\"12\":0,\"14\":{\"1\":2,\"2\":0},\"15\":\"Calibri\",\"16\":11}\"><\/p>\n<p>Un produit riche en principes actifs, tels que l&#8217;alo\u00e8s, le marron d&#8217;Inde et l&#8217;huile essentielle de menthe. Cette combinaison soulage et d\u00e9gonfle les jambes, \u00e9limine la fatigue et les gonflements, am\u00e9liore la circulation p\u00e9riph\u00e9rique et aide en cas de douleurs articulaires. Pr\u00e9vient les \u0153d\u00e8mes en apportant de la fra\u00eecheur gr\u00e2ce au menthol naturel.<\/span><\/p>\n<p>Comment l&#8217;utiliser ?<br \/>\nApr\u00e8s le sport ou le soir, laver soigneusement le pied et masser le gel de la plante du pied, en remontant de la cheville jusqu&#8217;au genou. L&#8217;effet est imm\u00e9diat.<\/p>\n","protected":false},"excerpt":{"rendered":"<p>Gel d&#8217;\u00e9tirement, disponible en deux formats.<\/p>\n","protected":false},"featured_media":37479,"template":"","meta":{"_acf_changed":false},"product_brand":[],"product_cat":[12987,1494,12982,11233],"product_tag":[554,8944,1275,556,506,4790],"class_list":{"0":"post-37971","1":"product","2":"type-product","3":"status-publish","4":"has-post-thumbnail","6":"product_cat-corps","7":"product_cat-cosmetiques","8":"product_cat-microcosme","9":"product_cat-physiotherapie","10":"product_tag-aloe-fr","11":"product_tag-defatiguant","12":"product_tag-gel-fr","13":"product_tag-marron-dinde","14":"product_tag-menthe","15":"product_tag-rafraichissant","16":"pa_formato-100ml-fr","17":"pa_formato-1x500ml-5x100ml-fr","18":"pa_formato-500ml-fr","20":"first","21":"instock","22":"taxable","23":"shipping-taxable","24":"purchasable","25":"product-type-variable"},"acf":[],"jetpack_sharing_enabled":true,"_links":{"self":[{"href":"https:\/\/cndestetik.ch\/fr\/wp-json\/wp\/v2\/product\/37971","targetHints":{"allow":["GET"]}}],"collection":[{"href":"https:\/\/cndestetik.ch\/fr\/wp-json\/wp\/v2\/product"}],"about":[{"href":"https:\/\/cndestetik.ch\/fr\/wp-json\/wp\/v2\/types\/product"}],"wp:featuredmedia":[{"embeddable":true,"href":"https:\/\/cndestetik.ch\/fr\/wp-json\/wp\/v2\/media\/37479"}],"wp:attachment":[{"href":"https:\/\/cndestetik.ch\/fr\/wp-json\/wp\/v2\/media?parent=37971"}],"wp:term":[{"taxonomy":"product_brand","embeddable":true,"href":"https:\/\/cndestetik.ch\/fr\/wp-json\/wp\/v2\/product_brand?post=37971"},{"taxonomy":"product_cat","embeddable":true,"href":"https:\/\/cndestetik.ch\/fr\/wp-json\/wp\/v2\/product_cat?post=37971"},{"taxonomy":"product_tag","embeddable":true,"href":"https:\/\/cndestetik.ch\/fr\/wp-json\/wp\/v2\/product_tag?post=37971"}],"curies":[{"name":"wp","href":"https:\/\/api.w.org\/{rel}","templated":true}]}}