{"id":37966,"date":"2020-10-15T11:42:11","date_gmt":"2020-10-15T09:42:11","guid":{"rendered":"https:\/\/ticinoweb01.jcloud.ik-server.com\/cndestetik\/prodotto\/hydrolat-de-mauve\/"},"modified":"2025-01-24T08:25:18","modified_gmt":"2025-01-24T07:25:18","slug":"hydrolat-of-malva","status":"publish","type":"product","link":"https:\/\/cndestetik.ch\/fr\/prodotto\/hydrolat-of-malva\/","title":{"rendered":"Hydrolat de mauve"},"content":{"rendered":"<p><span data-sheets-value=\"{\"1\":2,\"2\":\"Durante il processo di distillazione in corrente di vapore delle piante fresche, raccolte nel loro momento balsamico, si ottengono gli idrolati, impregnati di oli essenziali e di altri principi potenziati. Semplici e puri i nostri idrolati sono un'alternativa agli estratti in alcool e agli oli essenziali, ma non hanno le stesse controindicazioni, possono essere usati anche puri sulla pelle, per rinfrescare tonificare e rimuovere impurit\u00e0. Rimangono una delle vie di cura e bellezza principali, rigenerando e tonificando la nostra pelle.\\nSi utilizzano bagnando un batuffolo di cotone passandolo sulla pelle, oppure pi\u00f9 comodamente si possono utilizzare vaporizzandoli direttamente sul viso o sul corpo facendoli penetrare con dei picchiettamenti.\\nLa Malva avendo un alto contenuto di mucillagine ha un'azione idratante, emolliente e disarrossante \u00e8 quindi adatto a pelli secche, sensibili ed irritate. Ottimo doposole, dopo barba e post-epilazione, soprattutto per le sue propriet\u00e0 decongestionanti e lenitive. Si pu\u00f2 applicare anche sui capelli per proteggerli e idratarli dopo l'esposizione al sole.\"}\" data-sheets-userformat=\"{\"2\":15297,\"3\":{\"1\":0},\"9\":0,\"10\":2,\"11\":0,\"12\":0,\"14\":{\"1\":2,\"2\":0},\"15\":\"Calibri\",\"16\":11}\">Au cours du processus de distillation \u00e0 la vapeur des plantes fra\u00eeches, r\u00e9colt\u00e9es \u00e0 leur moment balsamique, on obtient des hydrolats impr\u00e9gn\u00e9s d&#8217;huiles essentielles et d&#8217;autres principes puissants. Simples et purs, nos hydrolats sont une alternative aux extraits d&#8217;alcool et aux huiles essentielles, mais ne pr\u00e9sentent pas les m\u00eames contre-indications. Ils peuvent \u00e9galement \u00eatre utilis\u00e9s purs sur la peau, pour rafra\u00eechir le teint et \u00e9liminer les impuret\u00e9s. Ils restent l&#8217;un des principaux moyens de soin et de beaut\u00e9, r\u00e9g\u00e9n\u00e9rant et tonifiant notre peau.<\/span><\/p>\n<p><span data-sheets-value=\"{\"1\":2,\"2\":\"Durante il processo di distillazione in corrente di vapore delle piante fresche, raccolte nel loro momento balsamico, si ottengono gli idrolati, impregnati di oli essenziali e di altri principi potenziati. Semplici e puri i nostri idrolati sono un'alternativa agli estratti in alcool e agli oli essenziali, ma non hanno le stesse controindicazioni, possono essere usati anche puri sulla pelle, per rinfrescare tonificare e rimuovere impurit\u00e0. Rimangono una delle vie di cura e bellezza principali, rigenerando e tonificando la nostra pelle.\\nSi utilizzano bagnando un batuffolo di cotone passandolo sulla pelle, oppure pi\u00f9 comodamente si possono utilizzare vaporizzandoli direttamente sul viso o sul corpo facendoli penetrare con dei picchiettamenti.\\nLa Malva avendo un alto contenuto di mucillagine ha un'azione idratante, emolliente e disarrossante \u00e8 quindi adatto a pelli secche, sensibili ed irritate. Ottimo doposole, dopo barba e post-epilazione, soprattutto per le sue propriet\u00e0 decongestionanti e lenitive. Si pu\u00f2 applicare anche sui capelli per proteggerli e idratarli dopo l'esposizione al sole.\"}\" data-sheets-userformat=\"{\"2\":15297,\"3\":{\"1\":0},\"9\":0,\"10\":2,\"11\":0,\"12\":0,\"14\":{\"1\":2,\"2\":0},\"15\":\"Calibri\",\"16\":11}\"><br \/>\nOn les utilise en mouillant un tampon d&#8217;ouate et en l&#8217;essuyant sur la peau, ou plus commod\u00e9ment, on peut les vaporiser directement sur le visage ou le corps et les faire p\u00e9n\u00e9trer en tapotant.<\/span><\/p>\n<p><span data-sheets-value=\"{\"1\":2,\"2\":\"Durante il processo di distillazione in corrente di vapore delle piante fresche, raccolte nel loro momento balsamico, si ottengono gli idrolati, impregnati di oli essenziali e di altri principi potenziati. Semplici e puri i nostri idrolati sono un'alternativa agli estratti in alcool e agli oli essenziali, ma non hanno le stesse controindicazioni, possono essere usati anche puri sulla pelle, per rinfrescare tonificare e rimuovere impurit\u00e0. Rimangono una delle vie di cura e bellezza principali, rigenerando e tonificando la nostra pelle.\\nSi utilizzano bagnando un batuffolo di cotone passandolo sulla pelle, oppure pi\u00f9 comodamente si possono utilizzare vaporizzandoli direttamente sul viso o sul corpo facendoli penetrare con dei picchiettamenti.\\nLa Malva avendo un alto contenuto di mucillagine ha un'azione idratante, emolliente e disarrossante \u00e8 quindi adatto a pelli secche, sensibili ed irritate. Ottimo doposole, dopo barba e post-epilazione, soprattutto per le sue propriet\u00e0 decongestionanti e lenitive. Si pu\u00f2 applicare anche sui capelli per proteggerli e idratarli dopo l'esposizione al sole.\"}\" data-sheets-userformat=\"{\"2\":15297,\"3\":{\"1\":0},\"9\":0,\"10\":2,\"11\":0,\"12\":0,\"14\":{\"1\":2,\"2\":0},\"15\":\"Calibri\",\"16\":11}\"><br \/>\nLa mauve, ayant une teneur \u00e9lev\u00e9e en mucilages, a une action hydratante, \u00e9molliente et ros\u00e9e et convient donc aux peaux s\u00e8ches, sensibles et irrit\u00e9es. Excellent apr\u00e8s le soleil, apr\u00e8s le rasage et apr\u00e8s l&#8217;\u00e9pilation, notamment pour ses propri\u00e9t\u00e9s d\u00e9congestionnantes et apaisantes. Elle peut \u00e9galement \u00eatre appliqu\u00e9e sur les cheveux pour les prot\u00e9ger et les hydrater apr\u00e8s une exposition au soleil.<\/span><\/p>\n","protected":false},"excerpt":{"rendered":"<p>Hydrolat de mauve, disponible en deux formats : 100ml et 500ml.<\/p>\n","protected":false},"featured_media":37485,"template":"","meta":{"_acf_changed":false},"product_brand":[],"product_cat":[12987,1494,12982,9906,12989],"product_tag":[593,8926,4181,551],"class_list":{"0":"post-37966","1":"product","2":"type-product","3":"status-publish","4":"has-post-thumbnail","6":"product_cat-corps","7":"product_cat-cosmetiques","8":"product_cat-microcosme","9":"product_cat-oiseau-rose","10":"product_cat-visage","11":"product_tag-creme-hydratante","12":"product_tag-emollient-fr","13":"product_tag-hydrolat","14":"product_tag-mauve","15":"pa_formato-100ml-fr","16":"pa_formato-500ml-fr","18":"first","19":"instock","20":"taxable","21":"shipping-taxable","22":"purchasable","23":"product-type-variable"},"acf":[],"jetpack_sharing_enabled":true,"_links":{"self":[{"href":"https:\/\/cndestetik.ch\/fr\/wp-json\/wp\/v2\/product\/37966","targetHints":{"allow":["GET"]}}],"collection":[{"href":"https:\/\/cndestetik.ch\/fr\/wp-json\/wp\/v2\/product"}],"about":[{"href":"https:\/\/cndestetik.ch\/fr\/wp-json\/wp\/v2\/types\/product"}],"wp:featuredmedia":[{"embeddable":true,"href":"https:\/\/cndestetik.ch\/fr\/wp-json\/wp\/v2\/media\/37485"}],"wp:attachment":[{"href":"https:\/\/cndestetik.ch\/fr\/wp-json\/wp\/v2\/media?parent=37966"}],"wp:term":[{"taxonomy":"product_brand","embeddable":true,"href":"https:\/\/cndestetik.ch\/fr\/wp-json\/wp\/v2\/product_brand?post=37966"},{"taxonomy":"product_cat","embeddable":true,"href":"https:\/\/cndestetik.ch\/fr\/wp-json\/wp\/v2\/product_cat?post=37966"},{"taxonomy":"product_tag","embeddable":true,"href":"https:\/\/cndestetik.ch\/fr\/wp-json\/wp\/v2\/product_tag?post=37966"}],"curies":[{"name":"wp","href":"https:\/\/api.w.org\/{rel}","templated":true}]}}