{"id":37965,"date":"2020-10-15T11:42:08","date_gmt":"2020-10-15T09:42:08","guid":{"rendered":"https:\/\/ticinoweb01.jcloud.ik-server.com\/cndestetik\/prodotto\/hydrolat-de-rose\/"},"modified":"2025-01-24T08:24:01","modified_gmt":"2025-01-24T07:24:01","slug":"hydrolat-de-rose","status":"publish","type":"product","link":"https:\/\/cndestetik.ch\/fr\/prodotto\/hydrolat-de-rose\/","title":{"rendered":"Hydrolat de rose"},"content":{"rendered":"<p><span data-sheets-value=\"{\"1\":2,\"2\":\"Durante il processo di distillazione in corrente di vapore delle piante fresche, raccolte nel loro momento balsamico, si ottengono gli idrolati, impregnati di oli essenziali e di altri principi potenziati. Semplici e puri i nostri idrolati sono un'alternativa agli estratti in alcool e agli oli essenziali, ma non hanno le stesse controindicazioni, possono essere usati anche puri sulla pelle, per rinfrescare tonificare e rimuovere impurit\u00e0. Rimangono una delle vie di cura e bellezza principali, rigenerando e tonificando la nostra pelle.\\nSi utilizzano bagnando un batuffolo di cotone passandolo sulla pelle, oppure pi\u00f9 comodamente si possono utilizzare vaporizzandoli direttamente sul viso o sul corpo facendoli penetrare con dei picchiettamenti.\\nLa Rosa \u00e8 antisettica, lenitiva e rinfrescante. Dona luminosit\u00e0 al viso. Ottimo antirughe. Adatto a pi\u00f9 tipi di pelle, soprattutto quelle delicate.\"}\" data-sheets-userformat=\"{\"2\":15297,\"3\":{\"1\":0},\"9\":0,\"10\":2,\"11\":0,\"12\":0,\"14\":{\"1\":2,\"2\":0},\"15\":\"Calibri\",\"16\":11}\">Au cours du processus de distillation \u00e0 la vapeur des plantes fra\u00eeches, r\u00e9colt\u00e9es \u00e0 leur moment balsamique, on obtient des hydrolats impr\u00e9gn\u00e9s d&#8217;huiles essentielles et d&#8217;autres principes puissants. Simples et purs, nos hydrolats sont une alternative aux extraits d&#8217;alcool et aux huiles essentielles, mais ne pr\u00e9sentent pas les m\u00eames contre-indications. Ils peuvent \u00e9galement \u00eatre utilis\u00e9s purs sur la peau, pour rafra\u00eechir le teint et \u00e9liminer les impuret\u00e9s.  <\/span><\/p>\n<p><span data-sheets-value=\"{\"1\":2,\"2\":\"Durante il processo di distillazione in corrente di vapore delle piante fresche, raccolte nel loro momento balsamico, si ottengono gli idrolati, impregnati di oli essenziali e di altri principi potenziati. Semplici e puri i nostri idrolati sono un'alternativa agli estratti in alcool e agli oli essenziali, ma non hanno le stesse controindicazioni, possono essere usati anche puri sulla pelle, per rinfrescare tonificare e rimuovere impurit\u00e0. Rimangono una delle vie di cura e bellezza principali, rigenerando e tonificando la nostra pelle.\\nSi utilizzano bagnando un batuffolo di cotone passandolo sulla pelle, oppure pi\u00f9 comodamente si possono utilizzare vaporizzandoli direttamente sul viso o sul corpo facendoli penetrare con dei picchiettamenti.\\nLa Rosa \u00e8 antisettica, lenitiva e rinfrescante. Dona luminosit\u00e0 al viso. Ottimo antirughe. Adatto a pi\u00f9 tipi di pelle, soprattutto quelle delicate.\"}\" data-sheets-userformat=\"{\"2\":15297,\"3\":{\"1\":0},\"9\":0,\"10\":2,\"11\":0,\"12\":0,\"14\":{\"1\":2,\"2\":0},\"15\":\"Calibri\",\"16\":11}\"><br \/>\nIls restent l&#8217;un des principaux moyens de soin et de beaut\u00e9, r\u00e9g\u00e9n\u00e9rant et tonifiant notre peau. Ils s&#8217;utilisent en humidifiant une boule de coton que l&#8217;on passe sur la peau, ou plus commod\u00e9ment en les vaporisant directement sur le visage ou le corps en les faisant p\u00e9n\u00e9trer par tapotements.<br \/>\n<\/span><\/p>\n<p><span data-sheets-value=\"{\"1\":2,\"2\":\"Durante il processo di distillazione in corrente di vapore delle piante fresche, raccolte nel loro momento balsamico, si ottengono gli idrolati, impregnati di oli essenziali e di altri principi potenziati. Semplici e puri i nostri idrolati sono un'alternativa agli estratti in alcool e agli oli essenziali, ma non hanno le stesse controindicazioni, possono essere usati anche puri sulla pelle, per rinfrescare tonificare e rimuovere impurit\u00e0. Rimangono una delle vie di cura e bellezza principali, rigenerando e tonificando la nostra pelle.\\nSi utilizzano bagnando un batuffolo di cotone passandolo sulla pelle, oppure pi\u00f9 comodamente si possono utilizzare vaporizzandoli direttamente sul viso o sul corpo facendoli penetrare con dei picchiettamenti.\\nLa Rosa \u00e8 antisettica, lenitiva e rinfrescante. Dona luminosit\u00e0 al viso. Ottimo antirughe. Adatto a pi\u00f9 tipi di pelle, soprattutto quelle delicate.\"}\" data-sheets-userformat=\"{\"2\":15297,\"3\":{\"1\":0},\"9\":0,\"10\":2,\"11\":0,\"12\":0,\"14\":{\"1\":2,\"2\":0},\"15\":\"Calibri\",\"16\":11}\">La rose est antiseptique, apaisante et rafra\u00eechissante. Donne de l&#8217;\u00e9clat au visage. Excellent anti-rides. Convient \u00e0 plusieurs types de peau, notamment les plus d\u00e9licates.<\/span><\/p>\n","protected":false},"excerpt":{"rendered":"<p>L&#8217;hydrolat de rose est apaisant et rafra\u00eechissant. Il fonctionne comme un anti-rides et un \u00e9claircisseur de peau.<\/p>\n","protected":false},"featured_media":37488,"template":"","meta":{"_acf_changed":false},"product_brand":[],"product_cat":[12987,1494,12982,9906,12989],"product_tag":[587,4182,4181,744,4790,549],"class_list":{"0":"post-37965","1":"product","2":"type-product","3":"status-publish","4":"has-post-thumbnail","6":"product_cat-corps","7":"product_cat-cosmetiques","8":"product_cat-microcosme","9":"product_cat-oiseau-rose","10":"product_cat-visage","11":"product_tag-anti-rides","12":"product_tag-apaisant-fr-3","13":"product_tag-hydrolat","14":"product_tag-illuminant","15":"product_tag-rafraichissant","16":"product_tag-rose-fr","17":"pa_formato-100ml-fr","18":"pa_formato-500ml-fr","20":"first","21":"instock","22":"taxable","23":"shipping-taxable","24":"purchasable","25":"product-type-variable","26":"has-default-attributes"},"acf":[],"jetpack_sharing_enabled":true,"_links":{"self":[{"href":"https:\/\/cndestetik.ch\/fr\/wp-json\/wp\/v2\/product\/37965","targetHints":{"allow":["GET"]}}],"collection":[{"href":"https:\/\/cndestetik.ch\/fr\/wp-json\/wp\/v2\/product"}],"about":[{"href":"https:\/\/cndestetik.ch\/fr\/wp-json\/wp\/v2\/types\/product"}],"wp:featuredmedia":[{"embeddable":true,"href":"https:\/\/cndestetik.ch\/fr\/wp-json\/wp\/v2\/media\/37488"}],"wp:attachment":[{"href":"https:\/\/cndestetik.ch\/fr\/wp-json\/wp\/v2\/media?parent=37965"}],"wp:term":[{"taxonomy":"product_brand","embeddable":true,"href":"https:\/\/cndestetik.ch\/fr\/wp-json\/wp\/v2\/product_brand?post=37965"},{"taxonomy":"product_cat","embeddable":true,"href":"https:\/\/cndestetik.ch\/fr\/wp-json\/wp\/v2\/product_cat?post=37965"},{"taxonomy":"product_tag","embeddable":true,"href":"https:\/\/cndestetik.ch\/fr\/wp-json\/wp\/v2\/product_tag?post=37965"}],"curies":[{"name":"wp","href":"https:\/\/api.w.org\/{rel}","templated":true}]}}