{"id":37959,"date":"2020-10-15T11:42:01","date_gmt":"2020-10-15T09:42:01","guid":{"rendered":"https:\/\/ticinoweb01.jcloud.ik-server.com\/cndestetik\/prodotto\/hydrolat-de-thym\/"},"modified":"2025-01-24T08:23:59","modified_gmt":"2025-01-24T07:23:59","slug":"hydrolat-thym","status":"publish","type":"product","link":"https:\/\/cndestetik.ch\/fr\/prodotto\/hydrolat-thym\/","title":{"rendered":"Hydrolat de thym"},"content":{"rendered":"<p>Au cours du processus de distillation \u00e0 la vapeur des plantes fra\u00eeches, r\u00e9colt\u00e9es \u00e0 leur moment balsamique, on obtient non seulement des huiles essentielles, mais aussi des hydrolats, c&#8217;est-\u00e0-dire des eaux aromatiques qui restent impr\u00e9gn\u00e9es d&#8217;huile essentielle et d&#8217;autres principes enrichis. Les hydrolats Microcosmo sont simples et purs, une alternative valable aux extraits d&#8217;alcool et aux huiles essentielles, qui ne pr\u00e9sentent pas les m\u00eames contre-indications et peuvent \u00eatre utilis\u00e9s directement sur la peau, pour rafra\u00eechir le tonus et \u00e9liminer les impuret\u00e9s.<\/p>\n<p>L&#8217;hydrolat de thym est un excellent purifiant, antiseptique, tonique. Il convient aux peaux grasses, anc\u00e9iques et tr\u00e8s atones, notamment aux peaux tr\u00e8s jeunes. Cependant, il convient parfaitement pour purifier le visage et le corps.<\/p>\n<p>Comment l&#8217;utiliser ? Vous pouvez soit mouiller un tissu en coton et le passer sur la peau, soit le vaporiser directement sur le visage ou le corps en le tapotant l\u00e9g\u00e8rement. Utilisez-le le matin pour nettoyer votre visage au lieu de l&#8217;eau du robinet, il laissera votre peau douce et rafra\u00eechie, pr\u00eate pour la cr\u00e8me et le maquillage.<\/p>\n","protected":false},"excerpt":{"rendered":"<p>Hydrolat de mauve, disponible en deux formats diff\u00e9rents, 100ml et 500ml<\/p>\n","protected":false},"featured_media":37494,"template":"","meta":{"_acf_changed":false},"product_brand":[],"product_cat":[12987,1494,12982,9906,12989],"product_tag":[9156,4181,4753,545,9616],"class_list":{"0":"post-37959","1":"product","2":"type-product","3":"status-publish","4":"has-post-thumbnail","6":"product_cat-corps","7":"product_cat-cosmetiques","8":"product_cat-microcosme","9":"product_cat-oiseau-rose","10":"product_cat-visage","11":"product_tag-antiseptique","12":"product_tag-hydrolat","13":"product_tag-purifiant","14":"product_tag-thym","15":"product_tag-tonique","16":"pa_formato-100ml-fr","17":"pa_formato-500ml-fr","19":"first","20":"instock","21":"taxable","22":"shipping-taxable","23":"purchasable","24":"product-type-variable","25":"has-default-attributes"},"acf":[],"jetpack_sharing_enabled":true,"_links":{"self":[{"href":"https:\/\/cndestetik.ch\/fr\/wp-json\/wp\/v2\/product\/37959","targetHints":{"allow":["GET"]}}],"collection":[{"href":"https:\/\/cndestetik.ch\/fr\/wp-json\/wp\/v2\/product"}],"about":[{"href":"https:\/\/cndestetik.ch\/fr\/wp-json\/wp\/v2\/types\/product"}],"wp:featuredmedia":[{"embeddable":true,"href":"https:\/\/cndestetik.ch\/fr\/wp-json\/wp\/v2\/media\/37494"}],"wp:attachment":[{"href":"https:\/\/cndestetik.ch\/fr\/wp-json\/wp\/v2\/media?parent=37959"}],"wp:term":[{"taxonomy":"product_brand","embeddable":true,"href":"https:\/\/cndestetik.ch\/fr\/wp-json\/wp\/v2\/product_brand?post=37959"},{"taxonomy":"product_cat","embeddable":true,"href":"https:\/\/cndestetik.ch\/fr\/wp-json\/wp\/v2\/product_cat?post=37959"},{"taxonomy":"product_tag","embeddable":true,"href":"https:\/\/cndestetik.ch\/fr\/wp-json\/wp\/v2\/product_tag?post=37959"}],"curies":[{"name":"wp","href":"https:\/\/api.w.org\/{rel}","templated":true}]}}