{"id":37958,"date":"2020-10-15T11:42:04","date_gmt":"2020-10-15T09:42:04","guid":{"rendered":"https:\/\/ticinoweb01.jcloud.ik-server.com\/cndestetik\/prodotto\/hydrolat-de-sauge\/"},"modified":"2025-01-24T08:24:05","modified_gmt":"2025-01-24T07:24:05","slug":"hydrolat-de-sauge","status":"publish","type":"product","link":"https:\/\/cndestetik.ch\/fr\/prodotto\/hydrolat-de-sauge\/","title":{"rendered":"Hydrolat de sauge"},"content":{"rendered":"<p><span data-sheets-value=\"{\"1\":2,\"2\":\"Durante il processo di distillazione in corrente di vapore delle piante fresche, raccolte nel loro momento balsamico, si ottengono gli idrolati, impregnati di oli essenziali e di altri principi potenziati. Semplici e puri i nostri idrolati sono un'alternativa agli estratti in alcool e agli oli essenziali, ma non hanno le stesse controindicazioni, possono essere usati anche puri sulla pelle, per rinfrescare tonificare e rimuovere impurit\u00e0. Rimangono una delle vie di cura e bellezza principali, rigenerando e tonificando la nostra pelle.\\nSi utilizzano bagnando un batuffolo di cotone passandolo sulla pelle, oppure pi\u00f9 comodamente si possono utilizzare vaporizzandoli direttamente sul viso o sul corpo facendoli penetrare con dei picchiettamenti.\\nLa Salvia \u00e8 adatta nei casi di sudorazione eccessiva, \u00e8 indicata come antirughe, idratante, sebo normalizzante. Ottime propriet\u00e0 come regolatore ormonale. Spruzzato sul decolt\u00e9 femminile aiuta a riequilibrare e a rilassare. Utile anche nel trattamento delle smagliature.\"}\" data-sheets-userformat=\"{\"2\":15297,\"3\":{\"1\":0},\"9\":0,\"10\":2,\"11\":0,\"12\":0,\"14\":{\"1\":2,\"2\":0},\"15\":\"Calibri\",\"16\":11}\">Au cours du processus de distillation \u00e0 la vapeur des plantes fra\u00eeches, r\u00e9colt\u00e9es \u00e0 leur moment balsamique, on obtient des hydrolats impr\u00e9gn\u00e9s d&#8217;huiles essentielles et d&#8217;autres principes puissants. Simples et purs, nos hydrolats sont une alternative aux extraits d&#8217;alcool et aux huiles essentielles, mais ne pr\u00e9sentent pas les m\u00eames contre-indications. Ils peuvent \u00e9galement \u00eatre utilis\u00e9s purs sur la peau, pour rafra\u00eechir le teint et \u00e9liminer les impuret\u00e9s. <\/p>\n<p>Elles restent l&#8217;un des principaux moyens de soin et de beaut\u00e9, r\u00e9g\u00e9n\u00e9rant et tonifiant notre peau. Elles s&#8217;utilisent en mouillant un coton et en le passant sur la peau, ou plus commod\u00e9ment en les vaporisant directement sur le visage ou le corps, en les faisant p\u00e9n\u00e9trer par tapotements. La sauge convient en cas de transpiration excessive, et est indiqu\u00e9e comme antirides, hydratante, normalisatrice de s\u00e9bum. Excellentes propri\u00e9t\u00e9s en tant que r\u00e9gulateur hormonal. Vaporis\u00e9 sur le d\u00e9collet\u00e9 f\u00e9minin, il contribue \u00e0 l&#8217;\u00e9quilibre et \u00e0 la d\u00e9tente. \u00c9galement utile dans le traitement des vergetures.<\/span><\/p>\n","protected":false},"excerpt":{"rendered":"<p>Hydrolat de sauge, disponible en deux formats : 100ml et 500ml<\/p>\n","protected":false},"featured_media":37491,"template":"","meta":{"_acf_changed":false},"product_brand":[],"product_cat":[12987,1494,12982,9906,12989],"product_tag":[587,593,4181,490,4785],"class_list":{"0":"post-37958","1":"product","2":"type-product","3":"status-publish","4":"has-post-thumbnail","6":"product_cat-corps","7":"product_cat-cosmetiques","8":"product_cat-microcosme","9":"product_cat-oiseau-rose","10":"product_cat-visage","11":"product_tag-anti-rides","12":"product_tag-creme-hydratante","13":"product_tag-hydrolat","14":"product_tag-sage-fr","15":"product_tag-transpiration","16":"pa_formato-100ml-fr","17":"pa_formato-500ml-fr","19":"first","20":"instock","21":"taxable","22":"shipping-taxable","23":"purchasable","24":"product-type-variable"},"acf":[],"jetpack_sharing_enabled":true,"_links":{"self":[{"href":"https:\/\/cndestetik.ch\/fr\/wp-json\/wp\/v2\/product\/37958","targetHints":{"allow":["GET"]}}],"collection":[{"href":"https:\/\/cndestetik.ch\/fr\/wp-json\/wp\/v2\/product"}],"about":[{"href":"https:\/\/cndestetik.ch\/fr\/wp-json\/wp\/v2\/types\/product"}],"wp:featuredmedia":[{"embeddable":true,"href":"https:\/\/cndestetik.ch\/fr\/wp-json\/wp\/v2\/media\/37491"}],"wp:attachment":[{"href":"https:\/\/cndestetik.ch\/fr\/wp-json\/wp\/v2\/media?parent=37958"}],"wp:term":[{"taxonomy":"product_brand","embeddable":true,"href":"https:\/\/cndestetik.ch\/fr\/wp-json\/wp\/v2\/product_brand?post=37958"},{"taxonomy":"product_cat","embeddable":true,"href":"https:\/\/cndestetik.ch\/fr\/wp-json\/wp\/v2\/product_cat?post=37958"},{"taxonomy":"product_tag","embeddable":true,"href":"https:\/\/cndestetik.ch\/fr\/wp-json\/wp\/v2\/product_tag?post=37958"}],"curies":[{"name":"wp","href":"https:\/\/api.w.org\/{rel}","templated":true}]}}