{"id":37953,"date":"2020-10-15T11:40:57","date_gmt":"2020-10-15T09:40:57","guid":{"rendered":"https:\/\/ticinoweb01.jcloud.ik-server.com\/cndestetik\/prodotto\/huile-essentielle-bois-de-cedre\/"},"modified":"2025-01-22T16:14:19","modified_gmt":"2025-01-22T15:14:19","slug":"huile-essentielle-bois-de-cedre","status":"publish","type":"product","link":"https:\/\/cndestetik.ch\/fr\/prodotto\/huile-essentielle-bois-de-cedre\/","title":{"rendered":"Huile essentielle Bois de c\u00e8dre"},"content":{"rendered":"<p>Note de base<\/p>\n<p>Donne du courage, de la force et de la d\u00e9termination, augmente la confiance en soi et est aphrodisiaque Utilisation topique : Aide la circulation sanguine Excellent drainant et tonifiant Convient aux peaux acn\u00e9iques et atones, purifiant Antifongique<\/p>\n<p>Mot cl\u00e9 : Int\u00e9gration<\/p>\n<p>*Les Huiles Essentielles Microcosmo sont toutes distill\u00e9es \u00e0 la vapeur, sans utilisation de solvants ou d&#8217;alcool, elles sont donc 100% pures. Ils ne peuvent \u00eatre utilis\u00e9s par voie topique que s&#8217;ils sont dilu\u00e9s dans un support (huile, cr\u00e8me, boue, argiles, masques), ils ne se diluent pas dans l&#8217;eau. Il est fortement d\u00e9conseill\u00e9 de l&#8217;utiliser par voie orale car sa puret\u00e9 peut causer des dommages aux muqueuses. Ils peuvent \u00eatre utilis\u00e9s en diffusion dans l&#8217;environnement. Tenir hors de port\u00e9e des enfants. Ne pas utiliser par voie topique pendant la grossesse. Si vous suivez un traitement pharmacologique, demandez l&#8217;avis de votre m\u00e9decin.<\/p>\n<p>Ingr\u00e9dients 100% biologiques et naturels Vegan sans cruaut\u00e9<\/p>\n","protected":false},"excerpt":{"rendered":"<p>Huile essentielle de bois de c\u00e8dre, disponible en deux formats, 10 et 30 ml.<\/p>\n","protected":false},"featured_media":37536,"template":"","meta":{"_acf_changed":false},"product_brand":[],"product_cat":[2317,12982],"product_tag":[4355,4354,4353,9651,9653,4256,2322,9652,2184,510],"class_list":{"0":"post-37953","1":"product","2":"type-product","3":"status-publish","4":"has-post-thumbnail","6":"product_cat-essences-fr","7":"product_cat-microcosme","8":"product_tag-bois","9":"product_tag-bois-de-cedre","10":"product_tag-cedre","11":"product_tag-courage-fr","12":"product_tag-determination-fr","13":"product_tag-essence-fr","14":"product_tag-essentiel","15":"product_tag-force","16":"product_tag-huile-fr","17":"product_tag-huiles-essentielles","18":"pa_formato-10ml-fr","19":"pa_formato-30ml-fr","21":"first","22":"instock","23":"taxable","24":"shipping-taxable","25":"purchasable","26":"product-type-variable","27":"has-default-attributes"},"acf":[],"jetpack_sharing_enabled":true,"_links":{"self":[{"href":"https:\/\/cndestetik.ch\/fr\/wp-json\/wp\/v2\/product\/37953","targetHints":{"allow":["GET"]}}],"collection":[{"href":"https:\/\/cndestetik.ch\/fr\/wp-json\/wp\/v2\/product"}],"about":[{"href":"https:\/\/cndestetik.ch\/fr\/wp-json\/wp\/v2\/types\/product"}],"wp:featuredmedia":[{"embeddable":true,"href":"https:\/\/cndestetik.ch\/fr\/wp-json\/wp\/v2\/media\/37536"}],"wp:attachment":[{"href":"https:\/\/cndestetik.ch\/fr\/wp-json\/wp\/v2\/media?parent=37953"}],"wp:term":[{"taxonomy":"product_brand","embeddable":true,"href":"https:\/\/cndestetik.ch\/fr\/wp-json\/wp\/v2\/product_brand?post=37953"},{"taxonomy":"product_cat","embeddable":true,"href":"https:\/\/cndestetik.ch\/fr\/wp-json\/wp\/v2\/product_cat?post=37953"},{"taxonomy":"product_tag","embeddable":true,"href":"https:\/\/cndestetik.ch\/fr\/wp-json\/wp\/v2\/product_tag?post=37953"}],"curies":[{"name":"wp","href":"https:\/\/api.w.org\/{rel}","templated":true}]}}