{"id":37938,"date":"2020-10-15T11:40:38","date_gmt":"2020-10-15T09:40:38","guid":{"rendered":"https:\/\/ticinoweb01.jcloud.ik-server.com\/cndestetik\/prodotto\/huile-essentielle-de-lavande\/"},"modified":"2025-01-22T16:13:00","modified_gmt":"2025-01-22T15:13:00","slug":"huile-essentielle-lavande","status":"publish","type":"product","link":"https:\/\/cndestetik.ch\/fr\/prodotto\/huile-essentielle-lavande\/","title":{"rendered":"Huile essentielle de lavande"},"content":{"rendered":"<p><span data-sheets-value=\"{\"1\":2,\"2\":\"Nota di Cuore. Prodotto nella famosa regione francese della provenza. La lavanda \u00e8 una pianta perfettamente equilibrata. Viene utilizzata in aromaterapia sottile per la sua capacit\u00e0 di agire dal 1\u00b0 al 7\u00b0 chakra. E\u00ec legata a Mercurio e per questo \u00e8 una pianta caratterizzata da leggerezza, velocit\u00e0 e flessibilit\u00e0. Il suo nome ha origine dalla parola \\\"lavare\\\". I romani ne facevano uso nelle loro pratiche di pulizia e nelle terme. L'olio essenziale di lavanda ha svariate propriet\u00e0. Calma e infonde una sensazione di pace alla mente, riequilibra il sistema nervoso e aiuta in caso di insonnia. Ottima per il mal di testa da stress. In mancanza di vigore nervoso per\u00f2 la lavanda funge da stimolante e allevia la stanchezza. Stimola le funzioni di tutto il corpo: dall'apparato respiratorio all'urogenitale, tanto che viene considerata un rimedio di pronto soccorso. Pu\u00f2 alleviare i sintomi premestruali e della menopausa, favorisce la regolarit\u00e0 del flusso.\\nAzioni: blando anestetico locale - antimicrobico - antinfiammatorio - rilassante - deodorante - antitossico - benevolo per le vie respiratorie - cicatrizzante - antimicotico\\nAdatto in caso di: pelle impura - pelle delicata e sensibile - crampi addominali e coliche (massaggio addominale) - tensioni e rigidit\u00e0 muscolari e crampi - orticaria - pidocchi - piede d'atleta - scottature e macchie - massaggio rilassante - punture di insetti - stati di infiammazione - in diffusione per risanare l'ambiente - forfora e pruriti\\n\\nGli oli essenziali vengono estratti da parti specifiche di piante aromatiche dette essenziere. L'estrazione viene per lo pi\u00f9 fatta con il metodo della distillazione in corrente di vapore, ottenuta tramite appositi distillatori. Con essa si riescono a raccogliere le molecole pi\u00f9 volatili e lipofile della pianta\\n-Gli oli essenziali non vanno applicati puri sulla pelle poich\u00e9 possono provocare effetti collaterali, quali irritazioni cutanee, allergie e vere e proprie macchie sulla pelle. E' quindi necessario diluirli sempre in sostanze vettrici come oli base, creme, saponi etc.\\n-Non utilizzarli in trattamenti di donne in gravidanza. Gli O.E. di agrumi (come arancio amaro, bergamotto e limone) contengono sostanze fotosensibilizzanti, non vanno utilizzati prima dell'esposizione al sole. Tenere gli O.E. fuori dalla portata dei bambini. Per escludere eventuali reazioni allergiche, peraltro molto rare, la prima volta che utilizzate un olio essenziale fate una prova con una goccia sull'incavo del gomito. Nel giro di un minuto se non si manifesta nessuna reazione allora potrete usarlo con tranquillit\u00e0 (sempre nelle diluizioni consigliate)\\n-Noce moscata, Salvia, Rosmarino e Timo sono controindicati in caso di epilessia.\\n\"}\" data-sheets-userformat=\"{\"2\":15297,\"3\":{\"1\":0},\"9\":0,\"10\":2,\"11\":0,\"12\":0,\"14\":{\"1\":2,\"2\":0},\"15\":\"Calibri\",\"16\":11}\">Note de c\u0153ur. Produit dans la c\u00e9l\u00e8bre r\u00e9gion fran\u00e7aise de Provence. La lavande est une plante parfaitement \u00e9quilibr\u00e9e. Il est utilis\u00e9 en aromath\u00e9rapie subtile pour sa capacit\u00e9 \u00e0 agir sur les 1er au 7\u00e8me chakras. Elle est li\u00e9e \u00e0 Mercure et est donc une plante caract\u00e9ris\u00e9e par la l\u00e9g\u00e8ret\u00e9, la rapidit\u00e9 et la flexibilit\u00e9. Son nom vient du mot &#8220;laver&#8221;. Les Romains l&#8217;utilisaient dans leurs pratiques de nettoyage et dans les bains. L&#8217;huile essentielle de lavande a de nombreuses propri\u00e9t\u00e9s. Il calme et instille un sentiment de paix dans l&#8217;esprit, \u00e9quilibre le syst\u00e8me nerveux et aide \u00e0 lutter contre l&#8217;insomnie. Bon pour les maux de t\u00eate dus au stress. En revanche, en l&#8217;absence de vigueur nerveuse, la lavande agit comme un stimulant et soulage la fatigue. Il stimule les fonctions de tout l&#8217;organisme : du syst\u00e8me respiratoire au syst\u00e8me urog\u00e9nital, \u00e0 tel point qu&#8217;il est consid\u00e9r\u00e9 comme un rem\u00e8de de premier secours. Peut soulager les sympt\u00f4mes pr\u00e9menstruels et m\u00e9nopausiques, favorise la r\u00e9gularit\u00e9 du flux.<\/p>\n<p>Actions : anesth\u00e9sie locale l\u00e9g\u00e8re &#8211; antimicrobienne &#8211; anti-inflammatoire &#8211; relaxante &#8211; d\u00e9sodorisante &#8211; antitoxique &#8211; b\u00e9n\u00e9fique pour les voies respiratoires &#8211; cicatrisante &#8211; antifongique Convient en cas de : peau impure &#8211; peau d\u00e9licate et sensible &#8211; crampes abdominales et coliques (massage abdominal) &#8211; tensions musculaires et crampes &#8211; urticaire &#8211; poux &#8211; pied d&#8217;athl\u00e8te &#8211; coups de soleil et boutons &#8211; massage relaxant &#8211; piq\u00fbres d&#8217;insectes &#8211; \u00e9tats inflammatoires &#8211; diffusion pour soigner l&#8217;environnement &#8211; pellicules et d\u00e9mangeaisons<\/span><\/p>\n<p>Les huiles essentielles sont extraites de parties sp\u00e9cifiques de plantes aromatiques appel\u00e9es essences. L&#8217;extraction se fait principalement par la m\u00e9thode de distillation \u00e0 la vapeur, \u00e0 l&#8217;aide de distillateurs sp\u00e9ciaux. Il permet de recueillir les mol\u00e9cules les plus volatiles et les plus lipophiles de la plante.<\/p>\n<p><span data-sheets-value=\"{\"1\":2,\"2\":\"Nota di Cuore. Prodotto nella famosa regione francese della provenza. La lavanda \u00e8 una pianta perfettamente equilibrata. Viene utilizzata in aromaterapia sottile per la sua capacit\u00e0 di agire dal 1\u00b0 al 7\u00b0 chakra. E\u00ec legata a Mercurio e per questo \u00e8 una pianta caratterizzata da leggerezza, velocit\u00e0 e flessibilit\u00e0. Il suo nome ha origine dalla parola \\\"lavare\\\". I romani ne facevano uso nelle loro pratiche di pulizia e nelle terme. L'olio essenziale di lavanda ha svariate propriet\u00e0. Calma e infonde una sensazione di pace alla mente, riequilibra il sistema nervoso e aiuta in caso di insonnia. Ottima per il mal di testa da stress. In mancanza di vigore nervoso per\u00f2 la lavanda funge da stimolante e allevia la stanchezza. Stimola le funzioni di tutto il corpo: dall'apparato respiratorio all'urogenitale, tanto che viene considerata un rimedio di pronto soccorso. Pu\u00f2 alleviare i sintomi premestruali e della menopausa, favorisce la regolarit\u00e0 del flusso.\\nAzioni: blando anestetico locale - antimicrobico - antinfiammatorio - rilassante - deodorante - antitossico - benevolo per le vie respiratorie - cicatrizzante - antimicotico\\nAdatto in caso di: pelle impura - pelle delicata e sensibile - crampi addominali e coliche (massaggio addominale) - tensioni e rigidit\u00e0 muscolari e crampi - orticaria - pidocchi - piede d'atleta - scottature e macchie - massaggio rilassante - punture di insetti - stati di infiammazione - in diffusione per risanare l'ambiente - forfora e pruriti\\n\\nGli oli essenziali vengono estratti da parti specifiche di piante aromatiche dette essenziere. L'estrazione viene per lo pi\u00f9 fatta con il metodo della distillazione in corrente di vapore, ottenuta tramite appositi distillatori. Con essa si riescono a raccogliere le molecole pi\u00f9 volatili e lipofile della pianta\\n-Gli oli essenziali non vanno applicati puri sulla pelle poich\u00e9 possono provocare effetti collaterali, quali irritazioni cutanee, allergie e vere e proprie macchie sulla pelle. E' quindi necessario diluirli sempre in sostanze vettrici come oli base, creme, saponi etc.\\n-Non utilizzarli in trattamenti di donne in gravidanza. Gli O.E. di agrumi (come arancio amaro, bergamotto e limone) contengono sostanze fotosensibilizzanti, non vanno utilizzati prima dell'esposizione al sole. Tenere gli O.E. fuori dalla portata dei bambini. Per escludere eventuali reazioni allergiche, peraltro molto rare, la prima volta che utilizzate un olio essenziale fate una prova con una goccia sull'incavo del gomito. Nel giro di un minuto se non si manifesta nessuna reazione allora potrete usarlo con tranquillit\u00e0 (sempre nelle diluizioni consigliate)\\n-Noce moscata, Salvia, Rosmarino e Timo sono controindicati in caso di epilessia.\\n\"}\" data-sheets-userformat=\"{\"2\":15297,\"3\":{\"1\":0},\"9\":0,\"10\":2,\"11\":0,\"12\":0,\"14\":{\"1\":2,\"2\":0},\"15\":\"Calibri\",\"16\":11}\">-Les huiles essentielles ne doivent pas \u00eatre appliqu\u00e9es purement sur la peau car elles peuvent provoquer des effets secondaires, tels qu&#8217;une irritation de la peau, des allergies et des taches sur la peau. Il est donc toujours n\u00e9cessaire de les diluer dans des substances vectrices telles que des huiles de base, des cr\u00e8mes, des savons, etc.<br \/>\n<\/span><\/p>\n<p><span data-sheets-value=\"{\"1\":2,\"2\":\"Nota di Cuore. Prodotto nella famosa regione francese della provenza. La lavanda \u00e8 una pianta perfettamente equilibrata. Viene utilizzata in aromaterapia sottile per la sua capacit\u00e0 di agire dal 1\u00b0 al 7\u00b0 chakra. E\u00ec legata a Mercurio e per questo \u00e8 una pianta caratterizzata da leggerezza, velocit\u00e0 e flessibilit\u00e0. Il suo nome ha origine dalla parola \\\"lavare\\\". I romani ne facevano uso nelle loro pratiche di pulizia e nelle terme. L'olio essenziale di lavanda ha svariate propriet\u00e0. Calma e infonde una sensazione di pace alla mente, riequilibra il sistema nervoso e aiuta in caso di insonnia. Ottima per il mal di testa da stress. In mancanza di vigore nervoso per\u00f2 la lavanda funge da stimolante e allevia la stanchezza. Stimola le funzioni di tutto il corpo: dall'apparato respiratorio all'urogenitale, tanto che viene considerata un rimedio di pronto soccorso. Pu\u00f2 alleviare i sintomi premestruali e della menopausa, favorisce la regolarit\u00e0 del flusso.\\nAzioni: blando anestetico locale - antimicrobico - antinfiammatorio - rilassante - deodorante - antitossico - benevolo per le vie respiratorie - cicatrizzante - antimicotico\\nAdatto in caso di: pelle impura - pelle delicata e sensibile - crampi addominali e coliche (massaggio addominale) - tensioni e rigidit\u00e0 muscolari e crampi - orticaria - pidocchi - piede d'atleta - scottature e macchie - massaggio rilassante - punture di insetti - stati di infiammazione - in diffusione per risanare l'ambiente - forfora e pruriti\\n\\nGli oli essenziali vengono estratti da parti specifiche di piante aromatiche dette essenziere. L'estrazione viene per lo pi\u00f9 fatta con il metodo della distillazione in corrente di vapore, ottenuta tramite appositi distillatori. Con essa si riescono a raccogliere le molecole pi\u00f9 volatili e lipofile della pianta\\n-Gli oli essenziali non vanno applicati puri sulla pelle poich\u00e9 possono provocare effetti collaterali, quali irritazioni cutanee, allergie e vere e proprie macchie sulla pelle. E' quindi necessario diluirli sempre in sostanze vettrici come oli base, creme, saponi etc.\\n-Non utilizzarli in trattamenti di donne in gravidanza. Gli O.E. di agrumi (come arancio amaro, bergamotto e limone) contengono sostanze fotosensibilizzanti, non vanno utilizzati prima dell'esposizione al sole. Tenere gli O.E. fuori dalla portata dei bambini. Per escludere eventuali reazioni allergiche, peraltro molto rare, la prima volta che utilizzate un olio essenziale fate una prova con una goccia sull'incavo del gomito. Nel giro di un minuto se non si manifesta nessuna reazione allora potrete usarlo con tranquillit\u00e0 (sempre nelle diluizioni consigliate)\\n-Noce moscata, Salvia, Rosmarino e Timo sono controindicati in caso di epilessia.\\n\"}\" data-sheets-userformat=\"{\"2\":15297,\"3\":{\"1\":0},\"9\":0,\"10\":2,\"11\":0,\"12\":0,\"14\":{\"1\":2,\"2\":0},\"15\":\"Calibri\",\"16\":11}\">-Ne pas les utiliser dans le traitement des femmes enceintes. Les HE d&#8217;agrumes (comme l&#8217;orange am\u00e8re, la bergamote et le citron) contiennent des substances photosensibilisantes et ne doivent pas \u00eatre utilis\u00e9es avant une exposition au soleil. Gardez l&#8217;O.E. hors de port\u00e9e des enfants. Pour exclure toute r\u00e9action allergique, qui est tr\u00e8s rare, la premi\u00e8re fois que vous utilisez une huile essentielle, testez-la en d\u00e9posant une goutte sur le creux de votre coude. Dans la minute qui suit, si aucune r\u00e9action ne se produit, vous pouvez l&#8217;utiliser en toute s\u00e9curit\u00e9 (toujours dans les dilutions recommand\u00e9es).<br \/>\n<\/span><\/p>\n<p><span data-sheets-value=\"{\"1\":2,\"2\":\"Nota di Cuore. Prodotto nella famosa regione francese della provenza. La lavanda \u00e8 una pianta perfettamente equilibrata. Viene utilizzata in aromaterapia sottile per la sua capacit\u00e0 di agire dal 1\u00b0 al 7\u00b0 chakra. E\u00ec legata a Mercurio e per questo \u00e8 una pianta caratterizzata da leggerezza, velocit\u00e0 e flessibilit\u00e0. Il suo nome ha origine dalla parola \\\"lavare\\\". I romani ne facevano uso nelle loro pratiche di pulizia e nelle terme. L'olio essenziale di lavanda ha svariate propriet\u00e0. Calma e infonde una sensazione di pace alla mente, riequilibra il sistema nervoso e aiuta in caso di insonnia. Ottima per il mal di testa da stress. In mancanza di vigore nervoso per\u00f2 la lavanda funge da stimolante e allevia la stanchezza. Stimola le funzioni di tutto il corpo: dall'apparato respiratorio all'urogenitale, tanto che viene considerata un rimedio di pronto soccorso. Pu\u00f2 alleviare i sintomi premestruali e della menopausa, favorisce la regolarit\u00e0 del flusso.\\nAzioni: blando anestetico locale - antimicrobico - antinfiammatorio - rilassante - deodorante - antitossico - benevolo per le vie respiratorie - cicatrizzante - antimicotico\\nAdatto in caso di: pelle impura - pelle delicata e sensibile - crampi addominali e coliche (massaggio addominale) - tensioni e rigidit\u00e0 muscolari e crampi - orticaria - pidocchi - piede d'atleta - scottature e macchie - massaggio rilassante - punture di insetti - stati di infiammazione - in diffusione per risanare l'ambiente - forfora e pruriti\\n\\nGli oli essenziali vengono estratti da parti specifiche di piante aromatiche dette essenziere. L'estrazione viene per lo pi\u00f9 fatta con il metodo della distillazione in corrente di vapore, ottenuta tramite appositi distillatori. Con essa si riescono a raccogliere le molecole pi\u00f9 volatili e lipofile della pianta\\n-Gli oli essenziali non vanno applicati puri sulla pelle poich\u00e9 possono provocare effetti collaterali, quali irritazioni cutanee, allergie e vere e proprie macchie sulla pelle. E' quindi necessario diluirli sempre in sostanze vettrici come oli base, creme, saponi etc.\\n-Non utilizzarli in trattamenti di donne in gravidanza. Gli O.E. di agrumi (come arancio amaro, bergamotto e limone) contengono sostanze fotosensibilizzanti, non vanno utilizzati prima dell'esposizione al sole. Tenere gli O.E. fuori dalla portata dei bambini. Per escludere eventuali reazioni allergiche, peraltro molto rare, la prima volta che utilizzate un olio essenziale fate una prova con una goccia sull'incavo del gomito. Nel giro di un minuto se non si manifesta nessuna reazione allora potrete usarlo con tranquillit\u00e0 (sempre nelle diluizioni consigliate)\\n-Noce moscata, Salvia, Rosmarino e Timo sono controindicati in caso di epilessia.\\n\"}\" data-sheets-userformat=\"{\"2\":15297,\"3\":{\"1\":0},\"9\":0,\"10\":2,\"11\":0,\"12\":0,\"14\":{\"1\":2,\"2\":0},\"15\":\"Calibri\",\"16\":11}\">-Nutmeg, Sauge, Romarin et Thym sont contre-indiqu\u00e9s en cas d&#8217;\u00e9pilepsie.<br \/>\n<\/span><\/p>\n","protected":false},"excerpt":{"rendered":"<p>Huile essentielle de , disponible en deux formats, 10 et 30 ml.<\/p>\n","protected":false},"featured_media":37551,"template":"","meta":{"_acf_changed":false},"product_brand":[],"product_cat":[2317,12982],"product_tag":[9129,9665,7585,3646,4256,2322,7290,2184,2325,521],"class_list":{"0":"post-37938","1":"product","2":"type-product","3":"status-publish","4":"has-post-thumbnail","6":"product_cat-essences-fr","7":"product_cat-microcosme","8":"product_tag-anti-inflammatoire","9":"product_tag-antitoxique","10":"product_tag-deodorant-fr-2","11":"product_tag-detente","12":"product_tag-essence-fr","13":"product_tag-essentiel","14":"product_tag-guerison","15":"product_tag-huile-fr","16":"product_tag-huile-essentielle-fr","17":"product_tag-lavande","18":"pa_formato-10ml-fr","19":"pa_formato-30ml-fr","21":"first","22":"instock","23":"taxable","24":"shipping-taxable","25":"purchasable","26":"product-type-variable"},"acf":[],"jetpack_sharing_enabled":true,"_links":{"self":[{"href":"https:\/\/cndestetik.ch\/fr\/wp-json\/wp\/v2\/product\/37938","targetHints":{"allow":["GET"]}}],"collection":[{"href":"https:\/\/cndestetik.ch\/fr\/wp-json\/wp\/v2\/product"}],"about":[{"href":"https:\/\/cndestetik.ch\/fr\/wp-json\/wp\/v2\/types\/product"}],"wp:featuredmedia":[{"embeddable":true,"href":"https:\/\/cndestetik.ch\/fr\/wp-json\/wp\/v2\/media\/37551"}],"wp:attachment":[{"href":"https:\/\/cndestetik.ch\/fr\/wp-json\/wp\/v2\/media?parent=37938"}],"wp:term":[{"taxonomy":"product_brand","embeddable":true,"href":"https:\/\/cndestetik.ch\/fr\/wp-json\/wp\/v2\/product_brand?post=37938"},{"taxonomy":"product_cat","embeddable":true,"href":"https:\/\/cndestetik.ch\/fr\/wp-json\/wp\/v2\/product_cat?post=37938"},{"taxonomy":"product_tag","embeddable":true,"href":"https:\/\/cndestetik.ch\/fr\/wp-json\/wp\/v2\/product_tag?post=37938"}],"curies":[{"name":"wp","href":"https:\/\/api.w.org\/{rel}","templated":true}]}}