{"id":37930,"date":"2020-10-15T11:40:34","date_gmt":"2020-10-15T09:40:34","guid":{"rendered":"https:\/\/ticinoweb01.jcloud.ik-server.com\/cndestetik\/prodotto\/huile-essentielle-de-citron\/"},"modified":"2020-10-15T11:40:34","modified_gmt":"2020-10-15T09:40:34","slug":"huile-essentielle-limon","status":"publish","type":"product","link":"https:\/\/cndestetik.ch\/fr\/prodotto\/huile-essentielle-limon\/","title":{"rendered":"Huile essentielle de citron"},"content":{"rendered":"<p>Note de t\u00eate<\/p>\n<p>Apporte de la clart\u00e9, stimule la concentration et la m\u00e9moire Soulage la lourdeur physique et mentale, convient contre les maux de t\u00eate dus au stress Usage topique : Excellent \u00e9claircissant et \u00e9quilibrant de la dyschromie Vasoconstricteur, donc excellent pour les veines et les capillaires Rafra\u00eechissant Astringent, excellent pour les peaux grasses Tonique sur la peau D\u00e9toxifiant<\/p>\n<p>Mot cl\u00e9 : Optimisme<\/p>\n<p>*Les Huiles Essentielles Microcosmo sont toutes distill\u00e9es \u00e0 la vapeur, sans utilisation de solvants ou d&#8217;alcool, elles sont donc 100% pures. Ils ne peuvent \u00eatre utilis\u00e9s par voie topique que s&#8217;ils sont dilu\u00e9s dans un support (huile, cr\u00e8me, boue, argiles, masques), ils ne se diluent pas dans l&#8217;eau. Il est fortement d\u00e9conseill\u00e9 de l&#8217;utiliser par voie orale car sa puret\u00e9 peut causer des dommages aux muqueuses. Ils peuvent \u00eatre utilis\u00e9s en diffusion dans l&#8217;environnement. Tenir hors de port\u00e9e des enfants. Ne pas utiliser par voie topique pendant la grossesse. Si vous suivez un traitement pharmacologique, demandez l&#8217;avis de votre m\u00e9decin.<\/p>\n<p>Ingr\u00e9dients 100% biologiques et naturels Vegan sans cruaut\u00e9<\/p>\n","protected":false},"excerpt":{"rendered":"<p>Note de t\u00eate Apporte de la clart\u00e9, stimule la concentration et la m\u00e9moire Soulage la lourdeur physique et mentale, convient contre les maux de t\u00eate dus au stress Usage topique : Excellent \u00e9claircissant et \u00e9quilibrant de la dyschromie Vasoconstricteur, donc excellent pour les veines et les capillaires Rafra\u00eechissant Astringent, excellent pour les peaux grasses Tonique [&hellip;]<\/p>\n","protected":false},"featured_media":37554,"template":"","meta":{"_acf_changed":false},"product_brand":[],"product_cat":[15],"product_tag":[],"class_list":{"0":"post-37930","1":"product","2":"type-product","3":"status-publish","4":"has-post-thumbnail","6":"product_cat-07-cosmetica","8":"first","9":"instock","10":"taxable","11":"shipping-taxable","12":"purchasable","13":"product-type-simple"},"acf":[],"jetpack_sharing_enabled":true,"_links":{"self":[{"href":"https:\/\/cndestetik.ch\/fr\/wp-json\/wp\/v2\/product\/37930","targetHints":{"allow":["GET"]}}],"collection":[{"href":"https:\/\/cndestetik.ch\/fr\/wp-json\/wp\/v2\/product"}],"about":[{"href":"https:\/\/cndestetik.ch\/fr\/wp-json\/wp\/v2\/types\/product"}],"wp:featuredmedia":[{"embeddable":true,"href":"https:\/\/cndestetik.ch\/fr\/wp-json\/wp\/v2\/media\/37554"}],"wp:attachment":[{"href":"https:\/\/cndestetik.ch\/fr\/wp-json\/wp\/v2\/media?parent=37930"}],"wp:term":[{"taxonomy":"product_brand","embeddable":true,"href":"https:\/\/cndestetik.ch\/fr\/wp-json\/wp\/v2\/product_brand?post=37930"},{"taxonomy":"product_cat","embeddable":true,"href":"https:\/\/cndestetik.ch\/fr\/wp-json\/wp\/v2\/product_cat?post=37930"},{"taxonomy":"product_tag","embeddable":true,"href":"https:\/\/cndestetik.ch\/fr\/wp-json\/wp\/v2\/product_tag?post=37930"}],"curies":[{"name":"wp","href":"https:\/\/api.w.org\/{rel}","templated":true}]}}