{"id":37928,"date":"2020-10-15T11:40:26","date_gmt":"2020-10-15T09:40:26","guid":{"rendered":"https:\/\/ticinoweb01.jcloud.ik-server.com\/cndestetik\/prodotto\/huile-essentielle-de-menthe\/"},"modified":"2020-10-15T11:40:26","modified_gmt":"2020-10-15T09:40:26","slug":"huile-essentielle-menthe","status":"publish","type":"product","link":"https:\/\/cndestetik.ch\/fr\/prodotto\/huile-essentielle-menthe\/","title":{"rendered":"Huile essentielle de menthe"},"content":{"rendered":"<p>Note de t\u00eate<br \/>\nRafra\u00eechissant, r\u00e9g\u00e9n\u00e9rant, donne de la clart\u00e9 mentale et de la force d&#8217;esprit, convient \u00e0 ceux qui ont tendance \u00e0 se laisser d\u00e9border par la passion, aide \u00e0 surmonter un sentiment d&#8217;inf\u00e9riorit\u00e9, convient contre les maux de t\u00eate.<\/p>\n<p>Usage topique :<br \/>\nTr\u00e8s rafra\u00eechissant, donne une sensation de l\u00e9g\u00e8ret\u00e9.<br \/>\nContre l&#8217;asthme bronchique<br \/>\nd\u00e9toxifiant cutan\u00e9<br \/>\nExcellent anti-inflammatoire<\/p>\n<p>Mot cl\u00e9 :  <\/p>\n<p>*Les Huiles Essentielles Microcosmo sont toutes distill\u00e9es \u00e0 la vapeur, sans utilisation de solvants ou d&#8217;alcool, elles sont donc 100% pures.<br \/>\nIls ne peuvent \u00eatre utilis\u00e9s par voie topique que s&#8217;ils sont dilu\u00e9s dans un support (huile, cr\u00e8me, boue, argiles, masques), ils ne se diluent pas dans l&#8217;eau.<br \/>\nIl est fortement d\u00e9conseill\u00e9 de l&#8217;utiliser par voie orale car sa puret\u00e9 peut causer des dommages aux muqueuses.<br \/>\nIls peuvent \u00eatre utilis\u00e9s en diffusion dans l&#8217;environnement.<\/p>\n<p>Tenir hors de port\u00e9e des enfants. Ne pas utiliser par voie topique pendant la grossesse.<br \/>\nSi vous suivez un traitement pharmacologique, demandez l&#8217;avis de votre m\u00e9decin.<\/p>\n<p>Ingr\u00e9dients 100% biologiques et naturels<br \/>\nVegan<br \/>\nSans cruaut\u00e9<\/p>\n","protected":false},"excerpt":{"rendered":"<p>Note de t\u00eate Rafra\u00eechissant, r\u00e9g\u00e9n\u00e9rant, donne de la clart\u00e9 mentale et de la force d&#8217;esprit, convient \u00e0 ceux qui ont tendance \u00e0 se laisser d\u00e9border par la passion, aide \u00e0 surmonter un sentiment d&#8217;inf\u00e9riorit\u00e9, convient contre les maux de t\u00eate. Usage topique : Tr\u00e8s rafra\u00eechissant, donne une sensation de l\u00e9g\u00e8ret\u00e9. Contre l&#8217;asthme bronchique d\u00e9toxifiant cutan\u00e9 [&hellip;]<\/p>\n","protected":false},"featured_media":37560,"template":"","meta":{"_acf_changed":false},"product_brand":[],"product_cat":[15],"product_tag":[],"class_list":{"0":"post-37928","1":"product","2":"type-product","3":"status-publish","4":"has-post-thumbnail","6":"product_cat-07-cosmetica","8":"first","9":"instock","10":"taxable","11":"shipping-taxable","12":"purchasable","13":"product-type-simple"},"acf":[],"jetpack_sharing_enabled":true,"_links":{"self":[{"href":"https:\/\/cndestetik.ch\/fr\/wp-json\/wp\/v2\/product\/37928","targetHints":{"allow":["GET"]}}],"collection":[{"href":"https:\/\/cndestetik.ch\/fr\/wp-json\/wp\/v2\/product"}],"about":[{"href":"https:\/\/cndestetik.ch\/fr\/wp-json\/wp\/v2\/types\/product"}],"wp:featuredmedia":[{"embeddable":true,"href":"https:\/\/cndestetik.ch\/fr\/wp-json\/wp\/v2\/media\/37560"}],"wp:attachment":[{"href":"https:\/\/cndestetik.ch\/fr\/wp-json\/wp\/v2\/media?parent=37928"}],"wp:term":[{"taxonomy":"product_brand","embeddable":true,"href":"https:\/\/cndestetik.ch\/fr\/wp-json\/wp\/v2\/product_brand?post=37928"},{"taxonomy":"product_cat","embeddable":true,"href":"https:\/\/cndestetik.ch\/fr\/wp-json\/wp\/v2\/product_cat?post=37928"},{"taxonomy":"product_tag","embeddable":true,"href":"https:\/\/cndestetik.ch\/fr\/wp-json\/wp\/v2\/product_tag?post=37928"}],"curies":[{"name":"wp","href":"https:\/\/api.w.org\/{rel}","templated":true}]}}