{"id":37907,"date":"2020-10-15T11:38:21","date_gmt":"2020-10-15T09:38:21","guid":{"rendered":"https:\/\/ticinoweb01.jcloud.ik-server.com\/cndestetik\/prodotto\/huile-de-noyau-dabricot\/"},"modified":"2025-01-24T08:19:35","modified_gmt":"2025-01-24T07:19:35","slug":"huile-dabricot-et-de-noix","status":"publish","type":"product","link":"https:\/\/cndestetik.ch\/fr\/prodotto\/huile-dabricot-et-de-noix\/","title":{"rendered":"Huile de noyau d&#8217;abricot"},"content":{"rendered":"<p><span data-sheets-value=\"{\"1\":2,\"2\":\"Ottenuto dalla spremitura a freddo dei noccioli di Prunus armeniaca. E' un olio leggerissimo, ricchissimo di acidi insaturi e vitamina E. Nell'uso cosmetico \u00e8 indicato per massaggi sul corpo e sul viso ad effetto elasticizzante e antismagliature. Sul viso in particolare \u00e8 ottimo per le pelli miste e\/o secche perch\u00e8 stimola la produzione di sebo. E' fortemente antiossidante emolliente e nutriente, quindi ottimo nel trattamento delle rughe e in generale pelli mature e sciupate. La sua consistenza molto fine lo rende poco untuoso e di facilissimo assorbimento. Pu\u00f2 essere usato come struccante, delicatissimo e naturale. Sui capelli viene utilizzato come impacco per renderli lucidi e morbidi. Ottimo olio per il massaggio dei neonati. Da usare su tutti i tipi di pelli, sia giovani che mature, fini, sensibili, infiammate e secche; eczemi, pruriti e gonfiori; impacco per capelli; come struccante.\"}\" data-sheets-userformat=\"{\"2\":15297,\"3\":{\"1\":0},\"9\":0,\"10\":2,\"11\":0,\"12\":0,\"14\":{\"1\":2,\"2\":0},\"15\":\"Calibri\",\"16\":11}\">Obtenu par pressage \u00e0 froid des noyaux de Prunus armeniaca. Il s&#8217;agit d&#8217;une huile tr\u00e8s l\u00e9g\u00e8re, riche en acides insatur\u00e9s et en vitamine E. Dans l&#8217;usage cosm\u00e9tique, il est indiqu\u00e9 pour les massages du corps et du visage avec un effet \u00e9lasticisant et anti-stretch. Sur le visage en particulier, il est excellent pour les peaux mixtes et\/ou s\u00e8ches car il stimule la production de s\u00e9bum.  <\/span><\/p>\n<p><span data-sheets-value=\"{\"1\":2,\"2\":\"Ottenuto dalla spremitura a freddo dei noccioli di Prunus armeniaca. E' un olio leggerissimo, ricchissimo di acidi insaturi e vitamina E. Nell'uso cosmetico \u00e8 indicato per massaggi sul corpo e sul viso ad effetto elasticizzante e antismagliature. Sul viso in particolare \u00e8 ottimo per le pelli miste e\/o secche perch\u00e8 stimola la produzione di sebo. E' fortemente antiossidante emolliente e nutriente, quindi ottimo nel trattamento delle rughe e in generale pelli mature e sciupate. La sua consistenza molto fine lo rende poco untuoso e di facilissimo assorbimento. Pu\u00f2 essere usato come struccante, delicatissimo e naturale. Sui capelli viene utilizzato come impacco per renderli lucidi e morbidi. Ottimo olio per il massaggio dei neonati. Da usare su tutti i tipi di pelli, sia giovani che mature, fini, sensibili, infiammate e secche; eczemi, pruriti e gonfiori; impacco per capelli; come struccante.\"}\" data-sheets-userformat=\"{\"2\":15297,\"3\":{\"1\":0},\"9\":0,\"10\":2,\"11\":0,\"12\":0,\"14\":{\"1\":2,\"2\":0},\"15\":\"Calibri\",\"16\":11}\">Elle est fortement antioxydante, \u00e9molliente et nourrissante, et donc excellente dans le traitement des rides et des peaux g\u00e9n\u00e9ralement matures et ab\u00eem\u00e9es. Sa consistance tr\u00e8s fine le rend peu gras et tr\u00e8s facilement absorbable. Il peut \u00eatre utilis\u00e9 comme d\u00e9maquillant, doux et naturel. Sur les cheveux, il est utilis\u00e9 comme un paquet pour les rendre brillants et doux. Excellente huile de massage pour les b\u00e9b\u00e9s.  <\/span><\/p>\n<p><span data-sheets-value=\"{\"1\":2,\"2\":\"Ottenuto dalla spremitura a freddo dei noccioli di Prunus armeniaca. E' un olio leggerissimo, ricchissimo di acidi insaturi e vitamina E. Nell'uso cosmetico \u00e8 indicato per massaggi sul corpo e sul viso ad effetto elasticizzante e antismagliature. Sul viso in particolare \u00e8 ottimo per le pelli miste e\/o secche perch\u00e8 stimola la produzione di sebo. E' fortemente antiossidante emolliente e nutriente, quindi ottimo nel trattamento delle rughe e in generale pelli mature e sciupate. La sua consistenza molto fine lo rende poco untuoso e di facilissimo assorbimento. Pu\u00f2 essere usato come struccante, delicatissimo e naturale. Sui capelli viene utilizzato come impacco per renderli lucidi e morbidi. Ottimo olio per il massaggio dei neonati. Da usare su tutti i tipi di pelli, sia giovani che mature, fini, sensibili, infiammate e secche; eczemi, pruriti e gonfiori; impacco per capelli; come struccante.\"}\" data-sheets-userformat=\"{\"2\":15297,\"3\":{\"1\":0},\"9\":0,\"10\":2,\"11\":0,\"12\":0,\"14\":{\"1\":2,\"2\":0},\"15\":\"Calibri\",\"16\":11}\">S&#8217;utilise sur tous les types de peaux, jeunes et matures, fines, sensibles, enflamm\u00e9es et s\u00e8ches ; ecz\u00e9ma, d\u00e9mangeaisons et gonflements ; paquet de cheveux ; comme d\u00e9maquillant.<\/span><\/p>\n","protected":false},"excerpt":{"rendered":"<p>Huile de noyau d&#8217;abricot, disponible en deux formats diff\u00e9rents.<\/p>\n","protected":false},"featured_media":36701,"template":"","meta":{"_acf_changed":false},"product_brand":[],"product_cat":[12987,1494,12982,9906,12989],"product_tag":[4740,4769,2184,4739,4745,4767],"class_list":{"0":"post-37907","1":"product","2":"type-product","3":"status-publish","4":"has-post-thumbnail","6":"product_cat-corps","7":"product_cat-cosmetiques","8":"product_cat-microcosme","9":"product_cat-oiseau-rose","10":"product_cat-visage","11":"product_tag-abricot","12":"product_tag-demaquillant","13":"product_tag-huile-fr","14":"product_tag-legumes","15":"product_tag-noyau","16":"product_tag-noyau-dabricot","17":"pa_formato-100ml-fr","18":"pa_formato-500ml-fr","20":"first","21":"instock","22":"taxable","23":"shipping-taxable","24":"purchasable","25":"product-type-variable","26":"has-default-attributes"},"acf":[],"jetpack_sharing_enabled":true,"_links":{"self":[{"href":"https:\/\/cndestetik.ch\/fr\/wp-json\/wp\/v2\/product\/37907","targetHints":{"allow":["GET"]}}],"collection":[{"href":"https:\/\/cndestetik.ch\/fr\/wp-json\/wp\/v2\/product"}],"about":[{"href":"https:\/\/cndestetik.ch\/fr\/wp-json\/wp\/v2\/types\/product"}],"wp:featuredmedia":[{"embeddable":true,"href":"https:\/\/cndestetik.ch\/fr\/wp-json\/wp\/v2\/media\/36701"}],"wp:attachment":[{"href":"https:\/\/cndestetik.ch\/fr\/wp-json\/wp\/v2\/media?parent=37907"}],"wp:term":[{"taxonomy":"product_brand","embeddable":true,"href":"https:\/\/cndestetik.ch\/fr\/wp-json\/wp\/v2\/product_brand?post=37907"},{"taxonomy":"product_cat","embeddable":true,"href":"https:\/\/cndestetik.ch\/fr\/wp-json\/wp\/v2\/product_cat?post=37907"},{"taxonomy":"product_tag","embeddable":true,"href":"https:\/\/cndestetik.ch\/fr\/wp-json\/wp\/v2\/product_tag?post=37907"}],"curies":[{"name":"wp","href":"https:\/\/api.w.org\/{rel}","templated":true}]}}