{"id":37905,"date":"2020-10-15T11:38:13","date_gmt":"2020-10-15T09:38:13","guid":{"rendered":"https:\/\/ticinoweb01.jcloud.ik-server.com\/cndestetik\/prodotto\/huile-de-rose-musquee\/"},"modified":"2025-01-24T08:18:37","modified_gmt":"2025-01-24T07:18:37","slug":"huile-de-roses-mosqueta","status":"publish","type":"product","link":"https:\/\/cndestetik.ch\/fr\/prodotto\/huile-de-roses-mosqueta\/","title":{"rendered":"Huile de rose musqu\u00e9e"},"content":{"rendered":"<p>Ses caract\u00e9ristiques reposent sur sa haute teneur en acides gras essentiels aux propri\u00e9t\u00e9s stimulantes et r\u00e9paratrices des processus physiologiques de la peau.<\/p>\n<p>Elle est utilis\u00e9e pour r\u00e9duire les rides, pour hydrater, et dans le traitement des plaies et des abrasions. Il est excellent comme r\u00e9g\u00e9n\u00e9rateur cellulaire et pour pr\u00e9venir les signes ext\u00e9rieurs du vieillissement de la peau.<\/p>\n<p>Il peut \u00e9galement \u00eatre utilis\u00e9 pour traiter les cheveux secs et cassants et les ongles fragiles et ternes.<\/p>\n<p>Taille : 50ml<\/p>\n","protected":false},"excerpt":{"rendered":"<p>R\u00e9duit les lignes et hydrate.<\/p>\n","protected":false},"featured_media":37659,"template":"","meta":{"_acf_changed":false},"product_brand":[],"product_cat":[12987,1494,12982,12989],"product_tag":[2184,7126,460,3973,549],"class_list":{"0":"post-37905","1":"product","2":"type-product","3":"status-publish","4":"has-post-thumbnail","6":"product_cat-corps","7":"product_cat-cosmetiques","8":"product_cat-microcosme","9":"product_cat-visage","10":"product_tag-huile-fr","11":"product_tag-mosqueta-fr","12":"product_tag-regenerant","13":"product_tag-rides","14":"product_tag-rose-fr","16":"first","17":"instock","18":"taxable","19":"shipping-taxable","20":"purchasable","21":"product-type-simple"},"acf":[],"jetpack_sharing_enabled":true,"_links":{"self":[{"href":"https:\/\/cndestetik.ch\/fr\/wp-json\/wp\/v2\/product\/37905","targetHints":{"allow":["GET"]}}],"collection":[{"href":"https:\/\/cndestetik.ch\/fr\/wp-json\/wp\/v2\/product"}],"about":[{"href":"https:\/\/cndestetik.ch\/fr\/wp-json\/wp\/v2\/types\/product"}],"wp:featuredmedia":[{"embeddable":true,"href":"https:\/\/cndestetik.ch\/fr\/wp-json\/wp\/v2\/media\/37659"}],"wp:attachment":[{"href":"https:\/\/cndestetik.ch\/fr\/wp-json\/wp\/v2\/media?parent=37905"}],"wp:term":[{"taxonomy":"product_brand","embeddable":true,"href":"https:\/\/cndestetik.ch\/fr\/wp-json\/wp\/v2\/product_brand?post=37905"},{"taxonomy":"product_cat","embeddable":true,"href":"https:\/\/cndestetik.ch\/fr\/wp-json\/wp\/v2\/product_cat?post=37905"},{"taxonomy":"product_tag","embeddable":true,"href":"https:\/\/cndestetik.ch\/fr\/wp-json\/wp\/v2\/product_tag?post=37905"}],"curies":[{"name":"wp","href":"https:\/\/api.w.org\/{rel}","templated":true}]}}