{"id":37904,"date":"2020-10-15T11:38:24","date_gmt":"2020-10-15T09:38:24","guid":{"rendered":"https:\/\/ticinoweb01.jcloud.ik-server.com\/cndestetik\/prodotto\/huile-de-germe-de-ble\/"},"modified":"2025-01-24T08:19:41","modified_gmt":"2025-01-24T07:19:41","slug":"huile-de-germe-de-ble","status":"publish","type":"product","link":"https:\/\/cndestetik.ch\/fr\/prodotto\/huile-de-germe-de-ble\/","title":{"rendered":"Huile de germe de bl\u00e9"},"content":{"rendered":"<p><span data-sheets-value=\"{\"1\":2,\"2\":\"Estratto per spremitura dai semi germinati di Triticum sativum, \u00e8 di colore giallo-arancio e ha sapore ed odore tipici. Un vero e proprio concentrato di sostanze nutritive. Contiene un'alta percentuale di frazione insaponificabile, ricca di carotenoidi e tocoferolo (vitamina E), responsabile dell'azione antinfiammatoria, antiossidante, elasticizzante dell'olio. Per la sua intensa azione nutritiva, rigenerante e restitutiva viene indicato soprattutto per pelli aride e sciupate; favorisce il rinnovamento cellulare e viene utilizzato per contrastare l'invecchiamento cutaneo ossidativo causato dai radicali liberi. La presenza consistente di vitamina E lo rende un buon conservante per i prodotti in cui entra come ingrediente. Utilizzandolo nei trattamenti in cabina, che hanno lo scopo di essere piacevoli oltre che efficaci, \u00e8 consigliata l'aggiunta di oli essenziali per coprire il suo odore marcato di cereali. Usare su tutti i tipi di pelle, in particolare pelle invecchiata, secca, fessurata, deperita; scottature e cicatrici (smagliature); contorno occhi.\"}\" data-sheets-userformat=\"{\"2\":15297,\"3\":{\"1\":0},\"9\":0,\"10\":2,\"11\":0,\"12\":0,\"14\":{\"1\":2,\"2\":0},\"15\":\"Calibri\",\"16\":11}\">Extraite par pression des graines germ\u00e9es de Triticum sativum, elle est de couleur jaune-orange et poss\u00e8de un go\u00fbt et une odeur typiques. Un v\u00e9ritable concentr\u00e9 de nutriments.  <\/span><\/p>\n<p><span data-sheets-value=\"{\"1\":2,\"2\":\"Estratto per spremitura dai semi germinati di Triticum sativum, \u00e8 di colore giallo-arancio e ha sapore ed odore tipici. Un vero e proprio concentrato di sostanze nutritive. Contiene un'alta percentuale di frazione insaponificabile, ricca di carotenoidi e tocoferolo (vitamina E), responsabile dell'azione antinfiammatoria, antiossidante, elasticizzante dell'olio. Per la sua intensa azione nutritiva, rigenerante e restitutiva viene indicato soprattutto per pelli aride e sciupate; favorisce il rinnovamento cellulare e viene utilizzato per contrastare l'invecchiamento cutaneo ossidativo causato dai radicali liberi. La presenza consistente di vitamina E lo rende un buon conservante per i prodotti in cui entra come ingrediente. Utilizzandolo nei trattamenti in cabina, che hanno lo scopo di essere piacevoli oltre che efficaci, \u00e8 consigliata l'aggiunta di oli essenziali per coprire il suo odore marcato di cereali. Usare su tutti i tipi di pelle, in particolare pelle invecchiata, secca, fessurata, deperita; scottature e cicatrici (smagliature); contorno occhi.\"}\" data-sheets-userformat=\"{\"2\":15297,\"3\":{\"1\":0},\"9\":0,\"10\":2,\"11\":0,\"12\":0,\"14\":{\"1\":2,\"2\":0},\"15\":\"Calibri\",\"16\":11}\">Elle contient un pourcentage \u00e9lev\u00e9 de la fraction insaponifiable, riche en carot\u00e9no\u00efdes et en tocoph\u00e9rol (vitamine E), qui est responsable de l&#8217;action anti-inflammatoire, antioxydante et \u00e9lasticisante de l&#8217;huile. Gr\u00e2ce \u00e0 son action nourrissante, r\u00e9g\u00e9n\u00e9rante et r\u00e9paratrice intense, il est particuli\u00e8rement recommand\u00e9 pour les peaux s\u00e8ches et ab\u00eem\u00e9es ; il favorise le renouvellement cellulaire et est utilis\u00e9 pour lutter contre le vieillissement oxydatif de la peau caus\u00e9 par les radicaux libres.  <\/span><\/p>\n<p><span data-sheets-value=\"{\"1\":2,\"2\":\"Estratto per spremitura dai semi germinati di Triticum sativum, \u00e8 di colore giallo-arancio e ha sapore ed odore tipici. Un vero e proprio concentrato di sostanze nutritive. Contiene un'alta percentuale di frazione insaponificabile, ricca di carotenoidi e tocoferolo (vitamina E), responsabile dell'azione antinfiammatoria, antiossidante, elasticizzante dell'olio. Per la sua intensa azione nutritiva, rigenerante e restitutiva viene indicato soprattutto per pelli aride e sciupate; favorisce il rinnovamento cellulare e viene utilizzato per contrastare l'invecchiamento cutaneo ossidativo causato dai radicali liberi. La presenza consistente di vitamina E lo rende un buon conservante per i prodotti in cui entra come ingrediente. Utilizzandolo nei trattamenti in cabina, che hanno lo scopo di essere piacevoli oltre che efficaci, \u00e8 consigliata l'aggiunta di oli essenziali per coprire il suo odore marcato di cereali. Usare su tutti i tipi di pelle, in particolare pelle invecchiata, secca, fessurata, deperita; scottature e cicatrici (smagliature); contorno occhi.\"}\" data-sheets-userformat=\"{\"2\":15297,\"3\":{\"1\":0},\"9\":0,\"10\":2,\"11\":0,\"12\":0,\"14\":{\"1\":2,\"2\":0},\"15\":\"Calibri\",\"16\":11}\">La pr\u00e9sence constante de la vitamine E en fait un bon conservateur pour les produits dans lesquels elle est utilis\u00e9e comme ingr\u00e9dient. Utilis\u00e9 dans les traitements en cabine, qui se veulent aussi agr\u00e9ables qu&#8217;efficaces, l&#8217;ajout d&#8217;huiles essentielles est recommand\u00e9 pour couvrir son odeur c\u00e9r\u00e9ali\u00e8re prononc\u00e9e. A utiliser sur tous les types de peau, en particulier les peaux vieillissantes, s\u00e8ches, craquel\u00e9es, d\u00e9form\u00e9es ; les coups de soleil et les cicatrices (vergetures) ; le contour des yeux.<\/span><\/p>\n","protected":false},"excerpt":{"rendered":"<p>Huile v\u00e9g\u00e9tale de germe de bl\u00e9. Disponible en deux formats.<\/p>\n","protected":false},"featured_media":37653,"template":"","meta":{"_acf_changed":false},"product_brand":[],"product_cat":[12987,1494,12982,9906,12989],"product_tag":[4777,4772,4775,2184,4739],"class_list":{"0":"post-37904","1":"product","2":"type-product","3":"status-publish","4":"has-post-thumbnail","6":"product_cat-corps","7":"product_cat-cosmetiques","8":"product_cat-microcosme","9":"product_cat-oiseau-rose","10":"product_cat-visage","11":"product_tag-ble","12":"product_tag-germe-fr","13":"product_tag-germe-de-ble","14":"product_tag-huile-fr","15":"product_tag-legumes","16":"pa_formato-100ml-fr","17":"pa_formato-500ml-fr","19":"first","20":"instock","21":"taxable","22":"shipping-taxable","23":"purchasable","24":"product-type-variable"},"acf":[],"jetpack_sharing_enabled":true,"_links":{"self":[{"href":"https:\/\/cndestetik.ch\/fr\/wp-json\/wp\/v2\/product\/37904","targetHints":{"allow":["GET"]}}],"collection":[{"href":"https:\/\/cndestetik.ch\/fr\/wp-json\/wp\/v2\/product"}],"about":[{"href":"https:\/\/cndestetik.ch\/fr\/wp-json\/wp\/v2\/types\/product"}],"wp:featuredmedia":[{"embeddable":true,"href":"https:\/\/cndestetik.ch\/fr\/wp-json\/wp\/v2\/media\/37653"}],"wp:attachment":[{"href":"https:\/\/cndestetik.ch\/fr\/wp-json\/wp\/v2\/media?parent=37904"}],"wp:term":[{"taxonomy":"product_brand","embeddable":true,"href":"https:\/\/cndestetik.ch\/fr\/wp-json\/wp\/v2\/product_brand?post=37904"},{"taxonomy":"product_cat","embeddable":true,"href":"https:\/\/cndestetik.ch\/fr\/wp-json\/wp\/v2\/product_cat?post=37904"},{"taxonomy":"product_tag","embeddable":true,"href":"https:\/\/cndestetik.ch\/fr\/wp-json\/wp\/v2\/product_tag?post=37904"}],"curies":[{"name":"wp","href":"https:\/\/api.w.org\/{rel}","templated":true}]}}