{"id":37899,"date":"2020-10-15T11:38:17","date_gmt":"2020-10-15T09:38:17","guid":{"rendered":"https:\/\/ticinoweb01.jcloud.ik-server.com\/cndestetik\/prodotto\/huile-de-castor\/"},"modified":"2025-01-24T08:18:33","modified_gmt":"2025-01-24T07:18:33","slug":"huile-de-tricino","status":"publish","type":"product","link":"https:\/\/cndestetik.ch\/fr\/prodotto\/huile-de-tricino\/","title":{"rendered":"huile de castor"},"content":{"rendered":"<p>Contenant des glyc\u00e9rides d&#8217;acides ricinol\u00e9ique, isoricinol\u00e9ique, st\u00e9ra\u00efque et linol\u00e9ique. Convient aux zones cutan\u00e9es particuli\u00e8rement s\u00e8ches, gerc\u00e9es, fissur\u00e9es et souffrantes ; convient aux pointes fourchues et aux cheveux permanent\u00e9s, \u00e0 l&#8217;alop\u00e9cie et \u00e0 la chute des cheveux.<\/p>\n<p>Convient aux ongles. Indiqu\u00e9 pour adoucir les cors et les callosit\u00e9s, pour les cils et les sourcils et pour la cicatrisation des plaies. Recommand\u00e9 chaud sur les maux de dos, les douleurs menstruelles et les mastites.<\/p>\n<p>Taille : 100ml<\/p>\n","protected":false},"excerpt":{"rendered":"<p>Convient aux ongles. Indiqu\u00e9 pour adoucir les cors et les callosit\u00e9s, pour les cils et les sourcils et pour la cicatrisation des plaies. Recommand\u00e9 chaud sur les maux de dos, les douleurs menstruelles et les mastites.<\/p>\n","protected":false},"featured_media":37656,"template":"","meta":{"_acf_changed":false},"product_brand":[],"product_cat":[12987,1494,2125,12982,12989],"product_tag":[1368,1017,727,3373,2184,3374,4739,1355,474,2127],"class_list":{"0":"post-37899","1":"product","2":"type-product","3":"status-publish","4":"has-post-thumbnail","6":"product_cat-corps","7":"product_cat-cosmetiques","8":"product_cat-lash-brow-fr","9":"product_cat-microcosme","10":"product_cat-visage","11":"product_tag-calli-fr","12":"product_tag-cheveu","13":"product_tag-cils","14":"product_tag-duroni-fr","15":"product_tag-huile-fr","16":"product_tag-huile-de-miel","17":"product_tag-legumes","18":"product_tag-ongles-fr","19":"product_tag-roulette","20":"product_tag-sourcils","22":"first","23":"instock","24":"taxable","25":"shipping-taxable","26":"purchasable","27":"product-type-simple"},"acf":[],"jetpack_sharing_enabled":true,"_links":{"self":[{"href":"https:\/\/cndestetik.ch\/fr\/wp-json\/wp\/v2\/product\/37899","targetHints":{"allow":["GET"]}}],"collection":[{"href":"https:\/\/cndestetik.ch\/fr\/wp-json\/wp\/v2\/product"}],"about":[{"href":"https:\/\/cndestetik.ch\/fr\/wp-json\/wp\/v2\/types\/product"}],"wp:featuredmedia":[{"embeddable":true,"href":"https:\/\/cndestetik.ch\/fr\/wp-json\/wp\/v2\/media\/37656"}],"wp:attachment":[{"href":"https:\/\/cndestetik.ch\/fr\/wp-json\/wp\/v2\/media?parent=37899"}],"wp:term":[{"taxonomy":"product_brand","embeddable":true,"href":"https:\/\/cndestetik.ch\/fr\/wp-json\/wp\/v2\/product_brand?post=37899"},{"taxonomy":"product_cat","embeddable":true,"href":"https:\/\/cndestetik.ch\/fr\/wp-json\/wp\/v2\/product_cat?post=37899"},{"taxonomy":"product_tag","embeddable":true,"href":"https:\/\/cndestetik.ch\/fr\/wp-json\/wp\/v2\/product_tag?post=37899"}],"curies":[{"name":"wp","href":"https:\/\/api.w.org\/{rel}","templated":true}]}}