{"id":37897,"date":"2020-10-15T11:38:07","date_gmt":"2020-10-15T09:38:07","guid":{"rendered":"https:\/\/ticinoweb01.jcloud.ik-server.com\/cndestetik\/prodotto\/huile-de-lin\/"},"modified":"2025-01-24T08:18:31","modified_gmt":"2025-01-24T07:18:31","slug":"huile-de-lin","status":"publish","type":"product","link":"https:\/\/cndestetik.ch\/fr\/prodotto\/huile-de-lin\/","title":{"rendered":"Huile de lin"},"content":{"rendered":"<p><span data-sheets-value=\"{\"1\":2,\"2\":\"Viene estratto dai semi di Linum usitassimum ed \u00e8 molto ricco, a differenza degli altri oli vegetali, di acido linoleico, il capostipite degli omega 3. L'olio di semi di Lino \u00e8 utile in caso di pelle secca o squamosa, smagliature e psoriasi ma anche pelle grassa e acne. E' famoso per il suo utilizzo sui capelli che nutre e protegge donando loro lucentezza (passate con delicatezza qualche goccia di olio sulle punte dei capelli sfregando delicatamente). E' un olio che ha un ottimo effetto antiossidante ma, proprio per le sue caratteristiche organolettiche utili in cosmetica, irrancidisce facilmente, \u00e8 quindi opportuno conservarlo al meglio: lontano da luce, fonti di calore e aria (chiudere bene il tappo dopo l'uso). Da usare sulla pelle secca, squamosa, grassa, acne, psoriasi, eczemi, smagliature, cicatrici in generale, capelli.\"}\" data-sheets-userformat=\"{\"2\":15297,\"3\":{\"1\":0},\"9\":0,\"10\":2,\"11\":0,\"12\":0,\"14\":{\"1\":2,\"2\":0},\"15\":\"Calibri\",\"16\":11}\">Elle est extraite des graines de Linum usitassimum et est tr\u00e8s riche, contrairement aux autres huiles v\u00e9g\u00e9tales, en acide linol\u00e9ique, le prog\u00e9niteur des om\u00e9ga-3. L&#8217;huile de lin est utile en cas de peau s\u00e8che ou squameuse, de vergetures et de psoriasis, mais aussi de peau grasse et d&#8217;acn\u00e9.  <\/span><\/p>\n<p><span data-sheets-value=\"{\"1\":2,\"2\":\"Viene estratto dai semi di Linum usitassimum ed \u00e8 molto ricco, a differenza degli altri oli vegetali, di acido linoleico, il capostipite degli omega 3. L'olio di semi di Lino \u00e8 utile in caso di pelle secca o squamosa, smagliature e psoriasi ma anche pelle grassa e acne. E' famoso per il suo utilizzo sui capelli che nutre e protegge donando loro lucentezza (passate con delicatezza qualche goccia di olio sulle punte dei capelli sfregando delicatamente). E' un olio che ha un ottimo effetto antiossidante ma, proprio per le sue caratteristiche organolettiche utili in cosmetica, irrancidisce facilmente, \u00e8 quindi opportuno conservarlo al meglio: lontano da luce, fonti di calore e aria (chiudere bene il tappo dopo l'uso). Da usare sulla pelle secca, squamosa, grassa, acne, psoriasi, eczemi, smagliature, cicatrici in generale, capelli.\"}\" data-sheets-userformat=\"{\"2\":15297,\"3\":{\"1\":0},\"9\":0,\"10\":2,\"11\":0,\"12\":0,\"14\":{\"1\":2,\"2\":0},\"15\":\"Calibri\",\"16\":11}\">Elle est c\u00e9l\u00e8bre pour son utilisation sur les cheveux, qu&#8217;elle nourrit et prot\u00e8ge tout en leur donnant de la brillance (frotter doucement quelques gouttes d&#8217;huile sur les pointes des cheveux). Il s&#8217;agit d&#8217;une huile qui a un excellent effet antioxydant mais, pr\u00e9cis\u00e9ment en raison de ses caract\u00e9ristiques organoleptiques utiles en cosm\u00e9tique, elle rancit facilement. Il faut donc la conserver au mieux : \u00e0 l&#8217;abri de la lumi\u00e8re, des sources de chaleur et de l&#8217;air (bien refermer le bouchon apr\u00e8s utilisation).  <\/span><\/p>\n<p><span data-sheets-value=\"{\"1\":2,\"2\":\"Viene estratto dai semi di Linum usitassimum ed \u00e8 molto ricco, a differenza degli altri oli vegetali, di acido linoleico, il capostipite degli omega 3. L'olio di semi di Lino \u00e8 utile in caso di pelle secca o squamosa, smagliature e psoriasi ma anche pelle grassa e acne. E' famoso per il suo utilizzo sui capelli che nutre e protegge donando loro lucentezza (passate con delicatezza qualche goccia di olio sulle punte dei capelli sfregando delicatamente). E' un olio che ha un ottimo effetto antiossidante ma, proprio per le sue caratteristiche organolettiche utili in cosmetica, irrancidisce facilmente, \u00e8 quindi opportuno conservarlo al meglio: lontano da luce, fonti di calore e aria (chiudere bene il tappo dopo l'uso). Da usare sulla pelle secca, squamosa, grassa, acne, psoriasi, eczemi, smagliature, cicatrici in generale, capelli.\"}\" data-sheets-userformat=\"{\"2\":15297,\"3\":{\"1\":0},\"9\":0,\"10\":2,\"11\":0,\"12\":0,\"14\":{\"1\":2,\"2\":0},\"15\":\"Calibri\",\"16\":11}\">A utiliser sur les peaux s\u00e8ches, squameuses, grasses, acn\u00e9, psoriasis, ecz\u00e9ma, vergetures, cicatrices en g\u00e9n\u00e9ral, cheveux.<\/span><\/p>\n","protected":false},"excerpt":{"rendered":"<p>Une huile qui peut \u00eatre appliqu\u00e9e \u00e0 la fois sur le corps et les cheveux.<\/p>\n","protected":false},"featured_media":37662,"template":"","meta":{"_acf_changed":false},"product_brand":[],"product_cat":[12987,1494,12982,12989],"product_tag":[4780,4783,2184,4782,4739,472,473],"class_list":{"0":"post-37897","1":"product","2":"type-product","3":"status-publish","4":"has-post-thumbnail","6":"product_cat-corps","7":"product_cat-cosmetiques","8":"product_cat-microcosme","9":"product_cat-visage","10":"product_tag-briller","11":"product_tag-graines","12":"product_tag-huile-fr","13":"product_tag-huile-de-graines","14":"product_tag-legumes","15":"product_tag-lino-fr","16":"product_tag-nourrissant","17":"pa_formato-100ml-fr","18":"pa_formato-500ml-fr","20":"first","21":"instock","22":"taxable","23":"shipping-taxable","24":"purchasable","25":"product-type-variable","26":"has-default-attributes"},"acf":[],"jetpack_sharing_enabled":true,"_links":{"self":[{"href":"https:\/\/cndestetik.ch\/fr\/wp-json\/wp\/v2\/product\/37897","targetHints":{"allow":["GET"]}}],"collection":[{"href":"https:\/\/cndestetik.ch\/fr\/wp-json\/wp\/v2\/product"}],"about":[{"href":"https:\/\/cndestetik.ch\/fr\/wp-json\/wp\/v2\/types\/product"}],"wp:featuredmedia":[{"embeddable":true,"href":"https:\/\/cndestetik.ch\/fr\/wp-json\/wp\/v2\/media\/37662"}],"wp:attachment":[{"href":"https:\/\/cndestetik.ch\/fr\/wp-json\/wp\/v2\/media?parent=37897"}],"wp:term":[{"taxonomy":"product_brand","embeddable":true,"href":"https:\/\/cndestetik.ch\/fr\/wp-json\/wp\/v2\/product_brand?post=37897"},{"taxonomy":"product_cat","embeddable":true,"href":"https:\/\/cndestetik.ch\/fr\/wp-json\/wp\/v2\/product_cat?post=37897"},{"taxonomy":"product_tag","embeddable":true,"href":"https:\/\/cndestetik.ch\/fr\/wp-json\/wp\/v2\/product_tag?post=37897"}],"curies":[{"name":"wp","href":"https:\/\/api.w.org\/{rel}","templated":true}]}}