{"id":37888,"date":"2020-10-15T11:38:00","date_gmt":"2020-10-15T09:38:00","guid":{"rendered":"https:\/\/ticinoweb01.jcloud.ik-server.com\/cndestetik\/prodotto\/huile-de-jojoba\/"},"modified":"2025-01-24T08:17:08","modified_gmt":"2025-01-24T07:17:08","slug":"huile-de-jojoba","status":"publish","type":"product","link":"https:\/\/cndestetik.ch\/fr\/prodotto\/huile-de-jojoba\/","title":{"rendered":"Huile de jojoba"},"content":{"rendered":"<p><span data-sheets-value=\"{\"1\":2,\"2\":\"Deriva dalla spremitura dei semi della Simmondsia chinensis, una pianta che cresce in centro e nord America. I nativi americani lo usano da secoli per lenire le irritazioni dei tessuti e le infiammazioni delle mucose. E' pi\u00f9 corretto chiamarlo cera liquida; infatti non contiene trigliceridi ma \u00e8 ricco di grassi insaturi, esteri cerosi, vitamina E, vitamine del gruppo B e numerosi minerali. Stabile al calore ed all'irrancimento. La struttura dei suoi lipidi lo rende molto simile al sebo umano e per questo si dispone facilmente tra le cellule dell'epidermide, viene assorbito portando nutrimento, sostenendo l'equilibrio del PH cutaneo, proteggendo la pelle e veicolando le sostanze con le quali viene miscelato. La presenza di molti antiossidanti gli permette di preservare la pelle dall'invecchiamento (ottimo anche per il contorno occhi e decolt\u00e8), mentre la sua capacit\u00e0 di penetrazione gli permette di ammorbidire i punti neri stimolandone l'uscita durante la spremitura. Ottimo per prevenire irritazioni e ripristinare il film idrolipidico che pu\u00f2 venire a mancare con l'uso di detergenti aggressivi, lampade solari o poca idratazione cutanea. Pu\u00f2 essere usato anche per nutrire e illuminare i capelli e per regolarizzare la produzione di sebo del cuoio capelluto. E' ottimo come doposole e sulle piccole scottature. Aiuta la pelle a rigenerarsi ed \u00e8 quindi indicato per rivitalizzare e rendere setosa la pelle, per prevenire le smagliature e per lenire problematiche quali psoriasi, desquamazioni, acne, prurito ed eczemi. Sui bimbi si pu\u00f2 applicare come olio dopo il bagnetto su tutto il corpo e nel cambio pannolino per evitare arrossamenti della pelle. Da usare su tutti i tipi di pelle, in particolare quelle invecchiate, secche, infiammate e sensibili, soggette ad acne, dermatiti, pelli con eccesso di sebo (cuoio capelluto e capelli grassi); speciale sulle punte dei capelli secchi e sfibrati; ottimo per mantenere l'abbronzatura.\"}\" data-sheets-userformat=\"{\"2\":15297,\"3\":{\"1\":0},\"9\":0,\"10\":2,\"11\":0,\"12\":0,\"14\":{\"1\":2,\"2\":0},\"15\":\"Calibri\",\"16\":11}\">Il est obtenu en pressant les graines de Simmondsia chinensis, une plante qui pousse en Am\u00e9rique centrale et en Am\u00e9rique du Nord. Les Am\u00e9rindiens l&#8217;utilisent depuis des si\u00e8cles pour apaiser les irritations tissulaires et les inflammations des muqueuses. Il est plus correct de l&#8217;appeler cire liquide ; en effet, elle ne contient pas de triglyc\u00e9rides mais est riche en graisses insatur\u00e9es, en esters de cire, en vitamine E, en vitamines B et en nombreux min\u00e9raux. Stable \u00e0 la chaleur et au r\u00e9tr\u00e9cissement. La structure de ses lipides le rend tr\u00e8s similaire au s\u00e9bum humain, ce qui explique qu&#8217;il s&#8217;ins\u00e8re facilement entre les cellules de l&#8217;\u00e9piderme, qu&#8217;il soit absorb\u00e9, qu&#8217;il apporte de la nourriture, qu&#8217;il soutienne l&#8217;\u00e9quilibre du PH de la peau, qu&#8217;il prot\u00e8ge la peau et qu&#8217;il v\u00e9hicule les substances avec lesquelles il est m\u00e9lang\u00e9.  <\/span><\/p>\n<p><span data-sheets-value=\"{\"1\":2,\"2\":\"Deriva dalla spremitura dei semi della Simmondsia chinensis, una pianta che cresce in centro e nord America. I nativi americani lo usano da secoli per lenire le irritazioni dei tessuti e le infiammazioni delle mucose. E' pi\u00f9 corretto chiamarlo cera liquida; infatti non contiene trigliceridi ma \u00e8 ricco di grassi insaturi, esteri cerosi, vitamina E, vitamine del gruppo B e numerosi minerali. Stabile al calore ed all'irrancimento. La struttura dei suoi lipidi lo rende molto simile al sebo umano e per questo si dispone facilmente tra le cellule dell'epidermide, viene assorbito portando nutrimento, sostenendo l'equilibrio del PH cutaneo, proteggendo la pelle e veicolando le sostanze con le quali viene miscelato. La presenza di molti antiossidanti gli permette di preservare la pelle dall'invecchiamento (ottimo anche per il contorno occhi e decolt\u00e8), mentre la sua capacit\u00e0 di penetrazione gli permette di ammorbidire i punti neri stimolandone l'uscita durante la spremitura. Ottimo per prevenire irritazioni e ripristinare il film idrolipidico che pu\u00f2 venire a mancare con l'uso di detergenti aggressivi, lampade solari o poca idratazione cutanea. Pu\u00f2 essere usato anche per nutrire e illuminare i capelli e per regolarizzare la produzione di sebo del cuoio capelluto. E' ottimo come doposole e sulle piccole scottature. Aiuta la pelle a rigenerarsi ed \u00e8 quindi indicato per rivitalizzare e rendere setosa la pelle, per prevenire le smagliature e per lenire problematiche quali psoriasi, desquamazioni, acne, prurito ed eczemi. Sui bimbi si pu\u00f2 applicare come olio dopo il bagnetto su tutto il corpo e nel cambio pannolino per evitare arrossamenti della pelle. Da usare su tutti i tipi di pelle, in particolare quelle invecchiate, secche, infiammate e sensibili, soggette ad acne, dermatiti, pelli con eccesso di sebo (cuoio capelluto e capelli grassi); speciale sulle punte dei capelli secchi e sfibrati; ottimo per mantenere l'abbronzatura.\"}\" data-sheets-userformat=\"{\"2\":15297,\"3\":{\"1\":0},\"9\":0,\"10\":2,\"11\":0,\"12\":0,\"14\":{\"1\":2,\"2\":0},\"15\":\"Calibri\",\"16\":11}\">La pr\u00e9sence de nombreux antioxydants lui permet de pr\u00e9server la peau du vieillissement (\u00e9galement excellent pour le contour des yeux et le d\u00e9collet\u00e9), tandis que son pouvoir de p\u00e9n\u00e9tration lui permet d&#8217;adoucir les points noirs en stimulant leur sortie lors de la pression. Excellent pour pr\u00e9venir les irritations et restaurer le film hydrolipidique qui peut \u00eatre perdu par l&#8217;utilisation de nettoyants agressifs, les lampes solaires ou le manque d&#8217;hydratation de la peau. Il peut \u00e9galement \u00eatre utilis\u00e9 pour nourrir et \u00e9claircir les cheveux et pour r\u00e9gulariser la production de s\u00e9bum du cuir chevelu. Elle est excellente en apr\u00e8s-soleil et sur les petits coups de soleil. Il favorise la r\u00e9g\u00e9n\u00e9ration de la peau et convient donc pour revitaliser et rendre la peau soyeuse, pr\u00e9venir les vergetures et apaiser les probl\u00e8mes tels que le psoriasis, la desquamation, l&#8217;acn\u00e9, les d\u00e9mangeaisons et l&#8217;ecz\u00e9ma. Sur les b\u00e9b\u00e9s, elle peut \u00eatre appliqu\u00e9e comme une huile apr\u00e8s le bain sur tout le corps et au moment du change pour \u00e9viter les rougeurs de la peau.  <\/span><\/p>\n<p><span data-sheets-value=\"{\"1\":2,\"2\":\"Deriva dalla spremitura dei semi della Simmondsia chinensis, una pianta che cresce in centro e nord America. I nativi americani lo usano da secoli per lenire le irritazioni dei tessuti e le infiammazioni delle mucose. E' pi\u00f9 corretto chiamarlo cera liquida; infatti non contiene trigliceridi ma \u00e8 ricco di grassi insaturi, esteri cerosi, vitamina E, vitamine del gruppo B e numerosi minerali. Stabile al calore ed all'irrancimento. La struttura dei suoi lipidi lo rende molto simile al sebo umano e per questo si dispone facilmente tra le cellule dell'epidermide, viene assorbito portando nutrimento, sostenendo l'equilibrio del PH cutaneo, proteggendo la pelle e veicolando le sostanze con le quali viene miscelato. La presenza di molti antiossidanti gli permette di preservare la pelle dall'invecchiamento (ottimo anche per il contorno occhi e decolt\u00e8), mentre la sua capacit\u00e0 di penetrazione gli permette di ammorbidire i punti neri stimolandone l'uscita durante la spremitura. Ottimo per prevenire irritazioni e ripristinare il film idrolipidico che pu\u00f2 venire a mancare con l'uso di detergenti aggressivi, lampade solari o poca idratazione cutanea. Pu\u00f2 essere usato anche per nutrire e illuminare i capelli e per regolarizzare la produzione di sebo del cuoio capelluto. E' ottimo come doposole e sulle piccole scottature. Aiuta la pelle a rigenerarsi ed \u00e8 quindi indicato per rivitalizzare e rendere setosa la pelle, per prevenire le smagliature e per lenire problematiche quali psoriasi, desquamazioni, acne, prurito ed eczemi. Sui bimbi si pu\u00f2 applicare come olio dopo il bagnetto su tutto il corpo e nel cambio pannolino per evitare arrossamenti della pelle. Da usare su tutti i tipi di pelle, in particolare quelle invecchiate, secche, infiammate e sensibili, soggette ad acne, dermatiti, pelli con eccesso di sebo (cuoio capelluto e capelli grassi); speciale sulle punte dei capelli secchi e sfibrati; ottimo per mantenere l'abbronzatura.\"}\" data-sheets-userformat=\"{\"2\":15297,\"3\":{\"1\":0},\"9\":0,\"10\":2,\"11\":0,\"12\":0,\"14\":{\"1\":2,\"2\":0},\"15\":\"Calibri\",\"16\":11}\">A utiliser sur tous les types de peau, en particulier les peaux vieillissantes, s\u00e8ches, enflamm\u00e9es et sensibles, sujettes \u00e0 l&#8217;acn\u00e9, aux dermatites, aux peaux avec exc\u00e8s de s\u00e9bum (cuir chevelu et cheveux gras) ; sp\u00e9cial sur les pointes de cheveux s\u00e8ches et cassantes ; excellent pour maintenir le bronzage.<\/span><\/p>\n","protected":false},"excerpt":{"rendered":"<p>Huile v\u00e9g\u00e9tale de jojoba, disponible en deux formats diff\u00e9rents.<\/p>\n","protected":false},"featured_media":37668,"template":"","meta":{"_acf_changed":false},"product_brand":[],"product_cat":[12987,1494,1897,12982,9906,12989],"product_tag":[2184,459,4739,460,461],"class_list":{"0":"post-37888","1":"product","2":"type-product","3":"status-publish","4":"has-post-thumbnail","6":"product_cat-corps","7":"product_cat-cosmetiques","8":"product_cat-enfants","9":"product_cat-microcosme","10":"product_cat-oiseau-rose","11":"product_cat-visage","12":"product_tag-huile-fr","13":"product_tag-jojoba-fr","14":"product_tag-legumes","15":"product_tag-regenerant","16":"product_tag-vitamines","17":"pa_formato-100ml-fr","18":"pa_formato-50ml-fr","20":"first","21":"instock","22":"taxable","23":"shipping-taxable","24":"purchasable","25":"product-type-variable","26":"has-default-attributes"},"acf":[],"jetpack_sharing_enabled":true,"_links":{"self":[{"href":"https:\/\/cndestetik.ch\/fr\/wp-json\/wp\/v2\/product\/37888","targetHints":{"allow":["GET"]}}],"collection":[{"href":"https:\/\/cndestetik.ch\/fr\/wp-json\/wp\/v2\/product"}],"about":[{"href":"https:\/\/cndestetik.ch\/fr\/wp-json\/wp\/v2\/types\/product"}],"wp:featuredmedia":[{"embeddable":true,"href":"https:\/\/cndestetik.ch\/fr\/wp-json\/wp\/v2\/media\/37668"}],"wp:attachment":[{"href":"https:\/\/cndestetik.ch\/fr\/wp-json\/wp\/v2\/media?parent=37888"}],"wp:term":[{"taxonomy":"product_brand","embeddable":true,"href":"https:\/\/cndestetik.ch\/fr\/wp-json\/wp\/v2\/product_brand?post=37888"},{"taxonomy":"product_cat","embeddable":true,"href":"https:\/\/cndestetik.ch\/fr\/wp-json\/wp\/v2\/product_cat?post=37888"},{"taxonomy":"product_tag","embeddable":true,"href":"https:\/\/cndestetik.ch\/fr\/wp-json\/wp\/v2\/product_tag?post=37888"}],"curies":[{"name":"wp","href":"https:\/\/api.w.org\/{rel}","templated":true}]}}