{"id":37881,"date":"2020-10-15T11:37:56","date_gmt":"2020-10-15T09:37:56","guid":{"rendered":"https:\/\/ticinoweb01.jcloud.ik-server.com\/cndestetik\/prodotto\/exfoliant-pour-le-visage\/"},"modified":"2025-01-24T08:17:12","modified_gmt":"2025-01-24T07:17:12","slug":"gommage-du-visage","status":"publish","type":"product","link":"https:\/\/cndestetik.ch\/fr\/prodotto\/gommage-du-visage\/","title":{"rendered":"Exfoliant pour le visage"},"content":{"rendered":"<p><span data-sheets-value=\"{\"1\":2,\"2\":\"Contiene Acido Ialuronico ed Estratto Spagirico di Mirtillo. Una formula innovativa arricchita di microsferule di Nocciolo di Albicocca. E' un esfoliante meccanico poich\u00e8 necessita di movimenti sgommanti per l'eliminazione delle cellule morte e delle impurit\u00e0. Grazie all'azione dermopurificante del caolino permette una profonda pulizia della cute. L'estratto spagirico di Mirtillo aiuta a stimolare e protegge la microcircolazione sottocutanea e a donare luminosit\u00e0 al viso.\"}\" data-sheets-userformat=\"{\"2\":15297,\"3\":{\"1\":0},\"9\":0,\"10\":2,\"11\":0,\"12\":0,\"14\":{\"1\":2,\"2\":0},\"15\":\"Calibri\",\"16\":11}\">Contient de l&#8217;acide hyaluronique et de l&#8217;extrait spagyrique de myrtille. Une formule innovante enrichie en microsph\u00e9rules de noyau d&#8217;abricot. C&#8217;est un exfoliant m\u00e9canique car il n\u00e9cessite des mouvements de gommage pour \u00e9liminer les cellules mortes et les impuret\u00e9s.  <\/span><\/p>\n<p><span data-sheets-value=\"{\"1\":2,\"2\":\"Contiene Acido Ialuronico ed Estratto Spagirico di Mirtillo. Una formula innovativa arricchita di microsferule di Nocciolo di Albicocca. E' un esfoliante meccanico poich\u00e8 necessita di movimenti sgommanti per l'eliminazione delle cellule morte e delle impurit\u00e0. Grazie all'azione dermopurificante del caolino permette una profonda pulizia della cute. L'estratto spagirico di Mirtillo aiuta a stimolare e protegge la microcircolazione sottocutanea e a donare luminosit\u00e0 al viso.\"}\" data-sheets-userformat=\"{\"2\":15297,\"3\":{\"1\":0},\"9\":0,\"10\":2,\"11\":0,\"12\":0,\"14\":{\"1\":2,\"2\":0},\"15\":\"Calibri\",\"16\":11}\">Gr\u00e2ce \u00e0 l&#8217;action dermopurifiante du kaolin, il permet un nettoyage en profondeur de la peau. L&#8217;extrait spagyrique de myrtille contribue \u00e0 stimuler et \u00e0 prot\u00e9ger la microcirculation sous-cutan\u00e9e et \u00e0 donner de l&#8217;\u00e9clat au visage.<\/span><\/p>\n","protected":false},"excerpt":{"rendered":"<p>Nettoie la peau en profondeur et donne de l&#8217;\u00e9clat au visage.<\/p>\n","protected":false},"featured_media":37671,"template":"","meta":{"_acf_changed":false},"product_brand":[],"product_cat":[1494,12982,12989],"product_tag":[4740,4742,4743,430,441,4745,765],"class_list":{"0":"post-37881","1":"product","2":"type-product","3":"status-publish","4":"has-post-thumbnail","6":"product_cat-cosmetiques","7":"product_cat-microcosme","8":"product_cat-visage","9":"product_tag-abricot","10":"product_tag-exfoliant-fr","11":"product_tag-gommage-fr","12":"product_tag-kaolin-fr","13":"product_tag-myrtille","14":"product_tag-noyau","15":"product_tag-visage","16":"pa_formato-100ml-fr","17":"pa_formato-500ml-fr","19":"first","20":"instock","21":"taxable","22":"shipping-taxable","23":"purchasable","24":"product-type-variable","25":"has-default-attributes"},"acf":[],"jetpack_sharing_enabled":true,"_links":{"self":[{"href":"https:\/\/cndestetik.ch\/fr\/wp-json\/wp\/v2\/product\/37881","targetHints":{"allow":["GET"]}}],"collection":[{"href":"https:\/\/cndestetik.ch\/fr\/wp-json\/wp\/v2\/product"}],"about":[{"href":"https:\/\/cndestetik.ch\/fr\/wp-json\/wp\/v2\/types\/product"}],"wp:featuredmedia":[{"embeddable":true,"href":"https:\/\/cndestetik.ch\/fr\/wp-json\/wp\/v2\/media\/37671"}],"wp:attachment":[{"href":"https:\/\/cndestetik.ch\/fr\/wp-json\/wp\/v2\/media?parent=37881"}],"wp:term":[{"taxonomy":"product_brand","embeddable":true,"href":"https:\/\/cndestetik.ch\/fr\/wp-json\/wp\/v2\/product_brand?post=37881"},{"taxonomy":"product_cat","embeddable":true,"href":"https:\/\/cndestetik.ch\/fr\/wp-json\/wp\/v2\/product_cat?post=37881"},{"taxonomy":"product_tag","embeddable":true,"href":"https:\/\/cndestetik.ch\/fr\/wp-json\/wp\/v2\/product_tag?post=37881"}],"curies":[{"name":"wp","href":"https:\/\/api.w.org\/{rel}","templated":true}]}}