{"id":37878,"date":"2020-10-15T11:37:49","date_gmt":"2020-10-15T09:37:49","guid":{"rendered":"https:\/\/ticinoweb01.jcloud.ik-server.com\/cndestetik\/prodotto\/masque-pour-le-visage-au-beurre-de-karite\/"},"modified":"2025-01-23T09:55:15","modified_gmt":"2025-01-23T08:55:15","slug":"masque-a-face-karite","status":"publish","type":"product","link":"https:\/\/cndestetik.ch\/fr\/prodotto\/masque-a-face-karite\/","title":{"rendered":"Masque pour le visage au beurre de karit\u00e9"},"content":{"rendered":"<p><span data-sheets-value=\"{\"1\":2,\"2\":\"Con burro di Karit\u00e8 e Caolino. E' la maschera base Microcosmo; la sua formulazione con burro di Karit\u00e8 e Argilla Bianca la rende estremamente nutriente ed elasticizzata oltre che purificante per il derma. Pu\u00f2 essere impreziosita e personalizzata in base al tipo di pelle o al tipo di trattamento che si vuole svolgere con Oleoliti Spagirici singoli, Oli Essenziali e Idroglicerici mirati.\\n\\nModalita d'uso:\\nDopo un'attenta detersione con latte detergente, gommage e\/o peeling stendere la maschera e lasciare in posa almeno 15 min. prima di sciacquare. Le maschere pi\u00f9 cremose possono essere applicate (quantit\u00e0 adeguata) anche la sera e lasciate in posa tutta la notte per essere sciacquate la mattina.\"}\" data-sheets-userformat=\"{\"2\":15297,\"3\":{\"1\":0},\"9\":0,\"10\":2,\"11\":0,\"12\":0,\"14\":{\"1\":2,\"2\":0},\"15\":\"Calibri\",\"16\":11}\">Avec du beurre de karit\u00e9 et du Kaolin. Il s&#8217;agit du masque de base de Microcosmo ; sa formulation \u00e0 base de beurre de karit\u00e9 et d&#8217;argile blanche le rend extr\u00eamement nourrissant et \u00e9lasticisant, ainsi que purifiant pour le derme. Il peut \u00eatre enrichi et personnalis\u00e9 en fonction du type de peau ou du type de traitement \u00e0 effectuer avec des ol\u00e9olites spagyriques individuelles, des huiles essentielles et des hydroglyc\u00e9rides cibl\u00e9s.<\/span><\/p>\n<p>Mode d&#8217;emploi : Apr\u00e8s un nettoyage soigneux avec un lait d\u00e9maquillant, un gommage et\/ou un peeling, appliquez le masque et laissez-le agir pendant au moins 15 minutes avant de le rincer. Les masques plus cr\u00e9meux peuvent \u00e9galement \u00eatre appliqu\u00e9s (en quantit\u00e9 appropri\u00e9e) le soir et laiss\u00e9s en place toute la nuit pour \u00eatre rinc\u00e9s le matin.<\/p>\n<p>Taille : 100ml<\/p>\n","protected":false},"excerpt":{"rendered":"<p>Masque facial purifiant au beurre de karit\u00e9.<\/p>\n","protected":false},"featured_media":37677,"template":"","meta":{"_acf_changed":false},"product_brand":[],"product_cat":[1494,12982,12989],"product_tag":[430,433,4726,436,765],"class_list":{"0":"post-37878","1":"product","2":"type-product","3":"status-publish","4":"has-post-thumbnail","6":"product_cat-cosmetiques","7":"product_cat-microcosme","8":"product_cat-visage","9":"product_tag-kaolin-fr","10":"product_tag-karite-fr","11":"product_tag-masque-fr","12":"product_tag-spagyria","13":"product_tag-visage","15":"first","16":"instock","17":"taxable","18":"shipping-taxable","19":"purchasable","20":"product-type-simple"},"acf":[],"jetpack_sharing_enabled":true,"_links":{"self":[{"href":"https:\/\/cndestetik.ch\/fr\/wp-json\/wp\/v2\/product\/37878","targetHints":{"allow":["GET"]}}],"collection":[{"href":"https:\/\/cndestetik.ch\/fr\/wp-json\/wp\/v2\/product"}],"about":[{"href":"https:\/\/cndestetik.ch\/fr\/wp-json\/wp\/v2\/types\/product"}],"wp:featuredmedia":[{"embeddable":true,"href":"https:\/\/cndestetik.ch\/fr\/wp-json\/wp\/v2\/media\/37677"}],"wp:attachment":[{"href":"https:\/\/cndestetik.ch\/fr\/wp-json\/wp\/v2\/media?parent=37878"}],"wp:term":[{"taxonomy":"product_brand","embeddable":true,"href":"https:\/\/cndestetik.ch\/fr\/wp-json\/wp\/v2\/product_brand?post=37878"},{"taxonomy":"product_cat","embeddable":true,"href":"https:\/\/cndestetik.ch\/fr\/wp-json\/wp\/v2\/product_cat?post=37878"},{"taxonomy":"product_tag","embeddable":true,"href":"https:\/\/cndestetik.ch\/fr\/wp-json\/wp\/v2\/product_tag?post=37878"}],"curies":[{"name":"wp","href":"https:\/\/api.w.org\/{rel}","templated":true}]}}