{"id":37876,"date":"2020-10-15T11:38:04","date_gmt":"2020-10-15T09:38:04","guid":{"rendered":"https:\/\/ticinoweb01.jcloud.ik-server.com\/cndestetik\/prodotto\/huile-de-sesame\/"},"modified":"2025-01-24T08:17:15","modified_gmt":"2025-01-24T07:17:15","slug":"huile-de-sesame","status":"publish","type":"product","link":"https:\/\/cndestetik.ch\/fr\/prodotto\/huile-de-sesame\/","title":{"rendered":"Huile de s\u00e9same"},"content":{"rendered":"<p><span data-sheets-value=\"{\"1\":2,\"2\":\"Ottenuto per spremitura a freddo dei semi della pianta Sesamum indicum. Per uso esterno l'olio di sesamo presenta ottime propriet\u00e0 emollienti, antiossidanti e seborestitutive. E' particolarmente raccomandato per pelli grasse, dalle quali viene assorbito con facilit\u00e0. Anche la medicina ayurvedica accorda grande importanza al sesamo, che viene usato per tutti i tipi di massaggi. Viene indicato anche come protezione solare (fattore di protezione 4). Ha un effetto \"riscaldante\", per questo stimola tutte le funzioni metaboliche del corpo ed \u00e8 adatto a tutti i trattamenti snellenti. Ha anche un effetto tranquilizzante e questo lo rende un ottimo olio per i massaggi ai neonati. Da usare su tutti i tipi di pelle, in particolare quella grassa o con psoriasi\/eczema; come protezione solare (fattore 4); nei trattamenti snellenti; per massaggi ai neonati\"}\" data-sheets-userformat=\"{\"2\":15297,\"3\":{\"1\":0},\"9\":0,\"10\":2,\"11\":0,\"12\":0,\"14\":{\"1\":2,\"2\":0},\"15\":\"Calibri\",\"16\":11}\">Obtenu par pression \u00e0 froid des graines de la plante Sesamum indicum. En usage externe, l&#8217;huile de s\u00e9same poss\u00e8de d&#8217;excellentes propri\u00e9t\u00e9s \u00e9mollientes, antioxydantes et restauratrices de s\u00e9bum. Il est particuli\u00e8rement recommand\u00e9 aux peaux grasses, qui l&#8217;absorbent facilement. La m\u00e9decine ayurv\u00e9dique accorde \u00e9galement une grande importance au s\u00e9same, qui est utilis\u00e9 pour toutes sortes de massages.  <\/span><\/p>\n<p><span data-sheets-value=\"{\"1\":2,\"2\":\"Ottenuto per spremitura a freddo dei semi della pianta Sesamum indicum. Per uso esterno l'olio di sesamo presenta ottime propriet\u00e0 emollienti, antiossidanti e seborestitutive. E' particolarmente raccomandato per pelli grasse, dalle quali viene assorbito con facilit\u00e0. Anche la medicina ayurvedica accorda grande importanza al sesamo, che viene usato per tutti i tipi di massaggi. Viene indicato anche come protezione solare (fattore di protezione 4). Ha un effetto \"riscaldante\", per questo stimola tutte le funzioni metaboliche del corpo ed \u00e8 adatto a tutti i trattamenti snellenti. Ha anche un effetto tranquilizzante e questo lo rende un ottimo olio per i massaggi ai neonati. Da usare su tutti i tipi di pelle, in particolare quella grassa o con psoriasi\/eczema; come protezione solare (fattore 4); nei trattamenti snellenti; per massaggi ai neonati\"}\" data-sheets-userformat=\"{\"2\":15297,\"3\":{\"1\":0},\"9\":0,\"10\":2,\"11\":0,\"12\":0,\"14\":{\"1\":2,\"2\":0},\"15\":\"Calibri\",\"16\":11}\">Il est \u00e9galement indiqu\u00e9 comme \u00e9cran solaire (facteur de protection 4). Il a un effet &#8220;r\u00e9chauffant&#8221;, c&#8217;est pourquoi il stimule toutes les fonctions m\u00e9taboliques du corps et convient \u00e0 tous les traitements amincissants. Elle a \u00e9galement un effet calmant, ce qui en fait une excellente huile pour les massages des b\u00e9b\u00e9s.  <\/span><\/p>\n<p><span data-sheets-value=\"{\"1\":2,\"2\":\"Ottenuto per spremitura a freddo dei semi della pianta Sesamum indicum. Per uso esterno l'olio di sesamo presenta ottime propriet\u00e0 emollienti, antiossidanti e seborestitutive. E' particolarmente raccomandato per pelli grasse, dalle quali viene assorbito con facilit\u00e0. Anche la medicina ayurvedica accorda grande importanza al sesamo, che viene usato per tutti i tipi di massaggi. Viene indicato anche come protezione solare (fattore di protezione 4). Ha un effetto \"riscaldante\", per questo stimola tutte le funzioni metaboliche del corpo ed \u00e8 adatto a tutti i trattamenti snellenti. Ha anche un effetto tranquilizzante e questo lo rende un ottimo olio per i massaggi ai neonati. Da usare su tutti i tipi di pelle, in particolare quella grassa o con psoriasi\/eczema; come protezione solare (fattore 4); nei trattamenti snellenti; per massaggi ai neonati\"}\" data-sheets-userformat=\"{\"2\":15297,\"3\":{\"1\":0},\"9\":0,\"10\":2,\"11\":0,\"12\":0,\"14\":{\"1\":2,\"2\":0},\"15\":\"Calibri\",\"16\":11}\">Pour tous les types de peau, en particulier les peaux grasses ou les peaux atteintes de psoriasis\/ecz\u00e9ma ; comme protection solaire (facteur 4) ; dans les traitements amincissants ; pour les massages de b\u00e9b\u00e9.<\/span><\/p>\n","protected":false},"excerpt":{"rendered":"<p>Huile v\u00e9g\u00e9tale de s\u00e9same, disponible en deux tailles diff\u00e9rentes.<\/p>\n","protected":false},"featured_media":37665,"template":"","meta":{"_acf_changed":false},"product_brand":[],"product_cat":[12987,1494,12982,9906,12989],"product_tag":[4117,2184,4739,4056,427,4087,428],"class_list":{"0":"post-37876","1":"product","2":"type-product","3":"status-publish","4":"has-post-thumbnail","6":"product_cat-corps","7":"product_cat-cosmetiques","8":"product_cat-microcosme","9":"product_cat-oiseau-rose","10":"product_cat-visage","11":"product_tag-ecran-solaire","12":"product_tag-huile-fr","13":"product_tag-legumes","14":"product_tag-protection","15":"product_tag-sesame-fr","16":"product_tag-solaire","17":"product_tag-spf4-fr","18":"pa_formato-100ml-fr","19":"pa_formato-2-pieces-de-500-ml","20":"pa_formato-500ml-fr","22":"first","23":"instock","24":"sale","25":"taxable","26":"shipping-taxable","27":"purchasable","28":"product-type-variable"},"acf":[],"jetpack_sharing_enabled":true,"_links":{"self":[{"href":"https:\/\/cndestetik.ch\/fr\/wp-json\/wp\/v2\/product\/37876","targetHints":{"allow":["GET"]}}],"collection":[{"href":"https:\/\/cndestetik.ch\/fr\/wp-json\/wp\/v2\/product"}],"about":[{"href":"https:\/\/cndestetik.ch\/fr\/wp-json\/wp\/v2\/types\/product"}],"wp:featuredmedia":[{"embeddable":true,"href":"https:\/\/cndestetik.ch\/fr\/wp-json\/wp\/v2\/media\/37665"}],"wp:attachment":[{"href":"https:\/\/cndestetik.ch\/fr\/wp-json\/wp\/v2\/media?parent=37876"}],"wp:term":[{"taxonomy":"product_brand","embeddable":true,"href":"https:\/\/cndestetik.ch\/fr\/wp-json\/wp\/v2\/product_brand?post=37876"},{"taxonomy":"product_cat","embeddable":true,"href":"https:\/\/cndestetik.ch\/fr\/wp-json\/wp\/v2\/product_cat?post=37876"},{"taxonomy":"product_tag","embeddable":true,"href":"https:\/\/cndestetik.ch\/fr\/wp-json\/wp\/v2\/product_tag?post=37876"}],"curies":[{"name":"wp","href":"https:\/\/api.w.org\/{rel}","templated":true}]}}