{"id":52846,"date":"2020-10-15T11:37:26","date_gmt":"2020-10-15T09:37:26","guid":{"rendered":"https:\/\/cndestetik.ch\/prodotto\/epsom-salts\/"},"modified":"2025-02-12T08:50:24","modified_gmt":"2025-02-12T07:50:24","slug":"salts-of-epsom","status":"publish","type":"product","link":"https:\/\/cndestetik.ch\/en\/prodotto\/salts-of-epsom\/","title":{"rendered":"Epsom salts"},"content":{"rendered":"<p><span data-sheets-value=\"{\"1\":2,\"2\":\"Il sale inglese, che \u00e8 solfato di magnesio idratato, \u00e8 un materiale naturale al 100% che prende il suo nome da Epsom, una citt\u00e0 del sud dell'inghilterra dove il sale viene ottenuto dall'acqua delle terme locali. Visto che la nostra pelle assorbe liquidi e farmaci \u00e8 in grado di farlo anche con i preziosi minerali trovati nell'acqua. I risultati sono straordinari. I sali di Epsom hanno un potere drenante e detossinante che \u00e8 visibile dopo il primo trattamento, ma che si mette in evidenza continuando il lavoro con costanza e ottenendo grandi risultati anche su situazioni gravi come l'obesit\u00e0. Sono un eccellente alleato per chi ha problematiche legate alla ritenzione idrica essendo in grado di scardinare questo meccanismo che crea sempre pi\u00f9 disagi al benessere quotidiano. Ottimi nel dimagrimento e coadiuvanti nel trattamento della cellulite e della circolazione sanguigna, in quanto hanno anche la capacit\u00e0 di proteggere i capillari donando un piacevole senso di leggerezza alle gambe stanche. Consigliati alle donne in gravidanza per mantenere le gambe leggere, sgonfie e per proteggere la microcircolazione linfatica.\\n\\nCONSIGLI PER L'UTILIZZO:\\nI sali di Epsom si possono utilizzare con i bendaggi o con i pantasalis per chi ne dispone. Si procede preparando una soluzione di acqua e sale di Epsom imbibendo i bendaggi e facendoli indossare per 30 min. Microcapsulazione: si tratta di un particolare procedimento che insedia i principi attivi nelle fibre e garantisce un rilascio graduale e uniforme sulla cute. Questa tecnologia permette di abbinare in maniera estremamente efficace i benefici dei principi attivi dei sali di Epsom alla compressione graduata ottenuta con i pantasalis o con i bendaggi. Il risultato \u00e8 un piacevole massaggio che dona leggerezza alle gambe e si prende cura dei capillari drenando in profondit\u00e0 e detossinando l'organismo. I sali di Epsom possono essere utilizzati come pediluvio o come peeling corpo mischiandoli ad un olio vegetale.\"}\" data-sheets-userformat=\"{\"2\":15297,\"3\":{\"1\":0},\"9\":0,\"10\":2,\"11\":0,\"12\":0,\"14\":{\"1\":2,\"2\":0},\"15\":\"Calibri\",\"16\":11}\">English salt, which is hydrated magnesium sulfate, is a 100 percent natural material that takes its name from Epsom, a town in southern England where salt is obtained from the water of local hot springs. Since our skin absorbs liquids and drugs, it is also able to do so with the valuable minerals found in water. The results are extraordinary. Epsom salts have a draining and detoxifying power that is visible after the first treatment, but it comes to the fore by continuing the work consistently and achieving great results even on serious situations such as obesity. They are an excellent ally for those with issues related to water retention being able to unhinge this mechanism that creates more and more discomfort to daily well-being. Excellent in slimming and adjuvant in the treatment of cellulite and blood circulation, as they also have the ability to protect capillaries giving a pleasant sense of lightness to tired legs. Recommended for pregnant women to keep legs light, deflated and to protect lymphatic microcirculation.<\/span><\/p>\n<p>TIPS FOR USE:<br \/>\nEpsom salts can be used with bandages or with pantasalis for those who have them. This is done by preparing a solution of water and Epsom salt by soaking the bandages and wearing them for 30 min. Microcapsulation: this is a special process that settles the active ingredients in the fibers and ensures a gradual and uniform release on the skin. This technology allows the benefits of the active ingredients of Epsom salts to be combined extremely effectively with the graduated compression achieved with pantasalis or bandages. The result is a pleasant massage that gives lightness to the legs and takes care of the capillaries by deeply draining and detoxifying the body.<\/p>\n<p><span data-sheets-value=\"{\"1\":2,\"2\":\"Il sale inglese, che \u00e8 solfato di magnesio idratato, \u00e8 un materiale naturale al 100% che prende il suo nome da Epsom, una citt\u00e0 del sud dell'inghilterra dove il sale viene ottenuto dall'acqua delle terme locali. Visto che la nostra pelle assorbe liquidi e farmaci \u00e8 in grado di farlo anche con i preziosi minerali trovati nell'acqua. I risultati sono straordinari. I sali di Epsom hanno un potere drenante e detossinante che \u00e8 visibile dopo il primo trattamento, ma che si mette in evidenza continuando il lavoro con costanza e ottenendo grandi risultati anche su situazioni gravi come l'obesit\u00e0. Sono un eccellente alleato per chi ha problematiche legate alla ritenzione idrica essendo in grado di scardinare questo meccanismo che crea sempre pi\u00f9 disagi al benessere quotidiano. Ottimi nel dimagrimento e coadiuvanti nel trattamento della cellulite e della circolazione sanguigna, in quanto hanno anche la capacit\u00e0 di proteggere i capillari donando un piacevole senso di leggerezza alle gambe stanche. Consigliati alle donne in gravidanza per mantenere le gambe leggere, sgonfie e per proteggere la microcircolazione linfatica.\\n\\nCONSIGLI PER L'UTILIZZO:\\nI sali di Epsom si possono utilizzare con i bendaggi o con i pantasalis per chi ne dispone. Si procede preparando una soluzione di acqua e sale di Epsom imbibendo i bendaggi e facendoli indossare per 30 min. Microcapsulazione: si tratta di un particolare procedimento che insedia i principi attivi nelle fibre e garantisce un rilascio graduale e uniforme sulla cute. Questa tecnologia permette di abbinare in maniera estremamente efficace i benefici dei principi attivi dei sali di Epsom alla compressione graduata ottenuta con i pantasalis o con i bendaggi. Il risultato \u00e8 un piacevole massaggio che dona leggerezza alle gambe e si prende cura dei capillari drenando in profondit\u00e0 e detossinando l'organismo. I sali di Epsom possono essere utilizzati come pediluvio o come peeling corpo mischiandoli ad un olio vegetale.\"}\" data-sheets-userformat=\"{\"2\":15297,\"3\":{\"1\":0},\"9\":0,\"10\":2,\"11\":0,\"12\":0,\"14\":{\"1\":2,\"2\":0},\"15\":\"Calibri\",\"16\":11}\">Epsom salts can be used as a foot bath or as a body scrub by mixing them with a vegetable oil.<\/span><\/p>\n","protected":false},"excerpt":{"rendered":"<p>Epsom salts available in two different sizes: 200 grams or 1 kilo<\/p>\n","protected":false},"featured_media":36694,"template":"","meta":{"_acf_changed":false},"product_brand":[],"product_cat":[12986,1493,12981],"product_tag":[3671,9170,9171,440],"class_list":{"0":"post-52846","1":"product","2":"type-product","3":"status-publish","4":"has-post-thumbnail","6":"product_cat-body-en","7":"product_cat-cosmetics","8":"product_cat-microcosm","9":"product_tag-epsom-en","10":"product_tag-halls","11":"product_tag-salts","12":"product_tag-spagyria-en","13":"pa_formato-100-pieces-of-200g","14":"pa_formato-1kg-en","15":"pa_formato-200g-en","17":"first","18":"instock","19":"sale","20":"taxable","21":"shipping-taxable","22":"purchasable","23":"product-type-variable","24":"has-default-attributes"},"acf":[],"jetpack_sharing_enabled":true,"_links":{"self":[{"href":"https:\/\/cndestetik.ch\/en\/wp-json\/wp\/v2\/product\/52846","targetHints":{"allow":["GET"]}}],"collection":[{"href":"https:\/\/cndestetik.ch\/en\/wp-json\/wp\/v2\/product"}],"about":[{"href":"https:\/\/cndestetik.ch\/en\/wp-json\/wp\/v2\/types\/product"}],"wp:featuredmedia":[{"embeddable":true,"href":"https:\/\/cndestetik.ch\/en\/wp-json\/wp\/v2\/media\/36694"}],"wp:attachment":[{"href":"https:\/\/cndestetik.ch\/en\/wp-json\/wp\/v2\/media?parent=52846"}],"wp:term":[{"taxonomy":"product_brand","embeddable":true,"href":"https:\/\/cndestetik.ch\/en\/wp-json\/wp\/v2\/product_brand?post=52846"},{"taxonomy":"product_cat","embeddable":true,"href":"https:\/\/cndestetik.ch\/en\/wp-json\/wp\/v2\/product_cat?post=52846"},{"taxonomy":"product_tag","embeddable":true,"href":"https:\/\/cndestetik.ch\/en\/wp-json\/wp\/v2\/product_tag?post=52846"}],"curies":[{"name":"wp","href":"https:\/\/api.w.org\/{rel}","templated":true}]}}