{"id":52834,"date":"2020-10-15T11:38:41","date_gmt":"2020-10-15T09:38:41","guid":{"rendered":"https:\/\/cndestetik.ch\/prodotto\/anti-wrinkle-spagyric-oleolite\/"},"modified":"2025-01-24T08:19:54","modified_gmt":"2025-01-24T07:19:54","slug":"oleolyte-spagyric-anti-wrinkle","status":"publish","type":"product","link":"https:\/\/cndestetik.ch\/en\/prodotto\/oleolyte-spagyric-anti-wrinkle\/","title":{"rendered":"Anti-wrinkle spagyric oleolite"},"content":{"rendered":"<p><span data-sheets-value=\"{\"1\":2,\"2\":\"Con oleoliti spagirici di Calendula e Iperico. Un olio con forte capacit\u00e0 elasticizzante della pelle che lavora sui solchi della rughe gi\u00e0 formate e come preventivo per quelle nuove, donando idratazione profonda. Svolge ubna potente attivit\u00e0 rigenerante dei tessuti, dona luminosit\u00e0 al viso ed un nuovo colorito della pelle. Dal profumo dolce ed inebriante, \u00e8 un olio pensato come compagno ideale per chi vuole risvegliare la propria femminilit\u00e0.\\n\\nOgni Oleolito Spagirico Viso \u00e8 una preziosa miscela di Oleoliti Spagirici ed Oli Essenziali studiata con cura da esperti erboristi per offrire un prodotto specifico ed efficace per la pelle delicata del viso.\"}\" data-sheets-userformat=\"{\"2\":15297,\"3\":{\"1\":0},\"9\":0,\"10\":2,\"11\":0,\"12\":0,\"14\":{\"1\":2,\"2\":0},\"15\":\"Calibri\",\"16\":11}\">With spagyric oleolites of Calendula and Hypericum. An oil with strong skin elasticizing ability that works on the furrows of already formed wrinkles and as a preventive for new ones, giving deep hydration. It performs powerful tissue regenerating activity, gives radiance to the face and a new skin tone. With a sweet and intoxicating fragrance, it is an oil designed as an ideal companion for those who want to awaken their femininity.<\/span><\/p>\n<p>Each Facial Spagyric Oleolite is a valuable blend of Spagyric Oleolites and Essential Oils carefully designed by expert herbalists to offer a specific and effective product for delicate facial skin.<\/p>\n<p>Size: 30ml<\/p>\n","protected":false},"excerpt":{"rendered":"<p>Elasticizing oil that works on skin wrinkles and counteracts new ones.<\/p>\n","protected":false},"featured_media":37640,"template":"","meta":{"_acf_changed":false},"product_brand":[],"product_cat":[1493,12990,12981],"product_tag":[583,439,2106,440,4820,1881],"class_list":{"0":"post-52834","1":"product","2":"type-product","3":"status-publish","4":"has-post-thumbnail","6":"product_cat-cosmetics","7":"product_cat-face","8":"product_cat-microcosm","9":"product_tag-anti-wrinkle","10":"product_tag-marigold","11":"product_tag-oleolite","12":"product_tag-spagyria-en","13":"product_tag-spagyric","14":"product_tag-st-johns-wort","16":"first","17":"instock","18":"taxable","19":"shipping-taxable","20":"purchasable","21":"product-type-simple"},"acf":[],"jetpack_sharing_enabled":true,"_links":{"self":[{"href":"https:\/\/cndestetik.ch\/en\/wp-json\/wp\/v2\/product\/52834","targetHints":{"allow":["GET"]}}],"collection":[{"href":"https:\/\/cndestetik.ch\/en\/wp-json\/wp\/v2\/product"}],"about":[{"href":"https:\/\/cndestetik.ch\/en\/wp-json\/wp\/v2\/types\/product"}],"wp:featuredmedia":[{"embeddable":true,"href":"https:\/\/cndestetik.ch\/en\/wp-json\/wp\/v2\/media\/37640"}],"wp:attachment":[{"href":"https:\/\/cndestetik.ch\/en\/wp-json\/wp\/v2\/media?parent=52834"}],"wp:term":[{"taxonomy":"product_brand","embeddable":true,"href":"https:\/\/cndestetik.ch\/en\/wp-json\/wp\/v2\/product_brand?post=52834"},{"taxonomy":"product_cat","embeddable":true,"href":"https:\/\/cndestetik.ch\/en\/wp-json\/wp\/v2\/product_cat?post=52834"},{"taxonomy":"product_tag","embeddable":true,"href":"https:\/\/cndestetik.ch\/en\/wp-json\/wp\/v2\/product_tag?post=52834"}],"curies":[{"name":"wp","href":"https:\/\/api.w.org\/{rel}","templated":true}]}}