{"id":52821,"date":"2020-10-15T11:39:01","date_gmt":"2020-10-15T09:39:01","guid":{"rendered":"https:\/\/cndestetik.ch\/prodotto\/lavender-spagyric-oleolite\/"},"modified":"2025-01-24T08:21:59","modified_gmt":"2025-01-24T07:21:59","slug":"oleolyte-spagyric-lavender","status":"publish","type":"product","link":"https:\/\/cndestetik.ch\/en\/prodotto\/oleolyte-spagyric-lavender\/","title":{"rendered":"Lavender Spagyric Oleolite"},"content":{"rendered":"<p><span data-sheets-value=\"{\"1\":2,\"2\":\"Gli oleoliti spagirici singoli sono in olio di ricino, girasole e mandorle. In formato da 50 ml.\\nL'oleolito \u00e8 una semplice preparazione erboristica che prevede la macerazione di una pianta in olio, con conseguente estrazione dei principi liposolubili difficilmente estraibili con altri solventi. Lo spagirista, rispettando i ritmi della natura terreste e celeste, opera estraendo anche alcuni principi attivi nascosti, attraverso tecniche specifiche come ad esempio la calcinazione. Mediante esposizione alle radiazioni celesti e particolari manovre, lo spagirista cerca di esaltare la qualit\u00e0 energetiche che esprimono le virt\u00f9 caratteristiche dell'anima della pianta. Ne risulta un preparato ricco di principi attivi e capace di trasmettere le qualit\u00e0 energetiche insite nella natura di ciascuna pianta. \\n\\nL'oleolito spagirico \u00e8 cos\u00ec adatto al consueto trattamento attraverso la pelle, a una applicazione energetica sulle varie zone riflesse del corpo, come anche sui punti sensibili dei vari meridiani.\\n\\nI nostri Oleoliti Spagirici vengono realizzati con piante selvatiche raccolte nelle zone incontaminate d'Italia, considerando tutti gli aspetti planetari. Esse vengono raccolte nel momento balsamico, quando le loro qualit\u00e0 attive raggiungono l'apice dell'energia vitale. Poi per un periodo di due lunazioni, gli oli vengono scrupolosamente trasformati in elisir grazie agli insegnamenti della spagiria. Fra tutti gli oli, quello di ricino \u00e8 il pi\u00f9 specifico per il derma e le sue disfunzioni, \u00e8 quello maggiormente impiegato nella produzione di oleoliti.\\n\\nGli oleoliti Spagirici Singoli (OSS) si possono utilizzare puri, miscelati con creme o con oli vegetali.\\n\\nLAVANDA: ha propriet\u00e0 purificanti, antisettiche, antinfiammatorie e cicatrizzanti. Pu\u00f2 essere utilizzato anche su acne, piaghe da decubito e punture d'insetti.\"}\" data-sheets-userformat=\"{\"2\":15297,\"3\":{\"1\":0},\"9\":0,\"10\":2,\"11\":0,\"12\":0,\"14\":{\"1\":2,\"2\":0},\"15\":\"Calibri\",\"16\":11}\">Single spagyric oleolites are in castor, sunflower and almond oils. In 50 ml format.<br \/>\nOleolite is a simple herbal preparation that involves macerating a plant in oil, resulting in the extraction of fat-soluble principles that are difficult to extract with other solvents. The spagyrist, respecting the rhythms of earthly and heavenly nature, also works by extracting certain hidden active ingredients through specific techniques such as calcination. Through exposure to celestial radiation and special maneuvers, the spagyrist seeks to enhance the energetic qualities that express the characteristic virtues of the plant&#8217;s soul. The result is a preparation rich in active ingredients and capable of conveying the energetic qualities inherent in the nature of each plant.<\/span><\/p>\n<p>The spagyric oleolyte is thus suitable for the usual treatment through the skin, for energetic application on the various reflex zones of the body, as well as on the sensitive points of the various meridians.<\/p>\n<p>Our Spagyric Oleolites are made from wild plants gathered in the pristine areas of Italy, considering all planetary aspects. They are harvested at the balsamic moment, when their active qualities reach the peak of vital energy. Then over a period of two lunations, the oils are painstakingly transformed into elixirs through the teachings of spagyria. Of all the oils, castor oil is the most specific for the dermis and its dysfunction; it is the one most commonly used in the production of oleolites.<\/p>\n<p>Single Spagyric Oleolites (OSS) can be used pure, mixed with creams or with vegetable oils.<\/p>\n<p>LAVENDER: Has purifying, antiseptic, anti-inflammatory and healing properties. It can also be used on acne, bed sores and insect bites.<\/p>\n","protected":false},"excerpt":{"rendered":"<p>Lavender oleolite, suitable on acne-prone skin and insect bites. Excellent as an anti-inflammatory and purifying agent.<\/p>\n","protected":false},"featured_media":37625,"template":"","meta":{"_acf_changed":false},"product_brand":[],"product_cat":[12986,1493,12990,12981,9905],"product_tag":[9123,9149,7259,505,2106,4746,423,440,4820],"class_list":{"0":"post-52821","1":"product","2":"type-product","3":"status-publish","4":"has-post-thumbnail","6":"product_cat-body-en","7":"product_cat-cosmetics","8":"product_cat-face","9":"product_cat-microcosm","10":"product_cat-pink-bird-en","11":"product_tag-anti-inflammatory","12":"product_tag-antiseptic","13":"product_tag-healing","14":"product_tag-lavender","15":"product_tag-oleolite","16":"product_tag-purifying","17":"product_tag-sesame","18":"product_tag-spagyria-en","19":"product_tag-spagyric","21":"first","22":"instock","23":"taxable","24":"shipping-taxable","25":"purchasable","26":"product-type-simple"},"acf":[],"jetpack_sharing_enabled":true,"_links":{"self":[{"href":"https:\/\/cndestetik.ch\/en\/wp-json\/wp\/v2\/product\/52821","targetHints":{"allow":["GET"]}}],"collection":[{"href":"https:\/\/cndestetik.ch\/en\/wp-json\/wp\/v2\/product"}],"about":[{"href":"https:\/\/cndestetik.ch\/en\/wp-json\/wp\/v2\/types\/product"}],"wp:featuredmedia":[{"embeddable":true,"href":"https:\/\/cndestetik.ch\/en\/wp-json\/wp\/v2\/media\/37625"}],"wp:attachment":[{"href":"https:\/\/cndestetik.ch\/en\/wp-json\/wp\/v2\/media?parent=52821"}],"wp:term":[{"taxonomy":"product_brand","embeddable":true,"href":"https:\/\/cndestetik.ch\/en\/wp-json\/wp\/v2\/product_brand?post=52821"},{"taxonomy":"product_cat","embeddable":true,"href":"https:\/\/cndestetik.ch\/en\/wp-json\/wp\/v2\/product_cat?post=52821"},{"taxonomy":"product_tag","embeddable":true,"href":"https:\/\/cndestetik.ch\/en\/wp-json\/wp\/v2\/product_tag?post=52821"}],"curies":[{"name":"wp","href":"https:\/\/api.w.org\/{rel}","templated":true}]}}