{"id":52747,"date":"2020-10-15T11:43:58","date_gmt":"2020-10-15T09:43:58","guid":{"rendered":"https:\/\/cndestetik.ch\/prodotto\/monoi-oil\/"},"modified":"2025-01-23T09:41:16","modified_gmt":"2025-01-23T08:41:16","slug":"oil-of-monoi","status":"publish","type":"product","link":"https:\/\/cndestetik.ch\/en\/prodotto\/oil-of-monoi\/","title":{"rendered":"Monoi Oil"},"content":{"rendered":"<p><span data-sheets-value=\"{\"1\":2,\"2\":\"L'olio ed il burro di Monoi vengono ottenuti dalla macerazione del fiore di Tiar\u00e8 in purissimo olio di cocco. Il Tiar\u00e8 \u00e8 un fiore bianco originario della Polinesia, ha un profumo dolce e delicato.\\nL'Olio di Monoi contiene una piccola percentuale di olio di mandorle per mantenerlo allo stato liquido sempre, sia d'estate che d'inverno.\\nIl burro di Monoi \u00e8 solido in inverno e si scioglie in estate quando la temperatura supera i 25\u00b0.\\nLe propriet\u00e0 sono le stesse, adatti per il corpo e per i capelli, \u00e8 un prodotto molto versatile indicate per tutti i tipi di pelle.\\nLa composizione chimica dell'olio di cocco si caratterizza per una prevelenza di acidi saturi a catena breve dalle notevoli propriet\u00e0 antimicrobiche. Oltre alle caratteristiche antibatteriche e antimicotiche, possiede notevoli capacit\u00e0 idratanti, nutrienti ed elasticizzanti dei tessuti. E' un ottimo antirughe in quanto contiene vitamina E, uno dei pi\u00f9 importanti antiossidanti e grazie al suo dolce profumo \u00e8 apprezzato dalle donne con il quale si sentono coccolate. Ha una texture molto morbida, scorre piacevolmente sulla pelle e si assorbe facilmente, per questo \u00e8 un eccellente prodotto sia da cabina che da rivendita. L'utilizzo del burro\/olio di monoi, nella moderna dermatologia e cosmetica, \u00e8 importante per le sue propriet\u00e0: antisettiche, antimicotiche, emollienti, elasticizzanti, antirughe, idratanti e lenitive.Idoneo a tutti i tipi di pelle, anche quelle pi\u00f9 sensibili e con prurito; capelli; ottimo per l'estate, aiuta a mantenere l'abbronzatura.\\n\\nConsigli per l'utilizzo:\\n-Sul corpo e sul viso per un'idratazione quotidiana. Adatto anche per le pelli dei neonati.\\n-Pi\u00f9 generosamente sul viso per una maschera di bellezza\\n-Come impacco prima dello shampoo su tutta la lunghezza dei capelli (in posa per 20\/30 min.)\\n-Come impacco su mani e piedi con pelle particolarmente secca (in posa con guanto di cotone o pellicola)\\nCome doposole per mantenere l'abbronzatura, l'idratazione e per prevenire le rughe\\n\"}\" data-sheets-userformat=\"{\"2\":15297,\"3\":{\"1\":0},\"9\":0,\"10\":2,\"11\":0,\"12\":0,\"14\":{\"1\":2,\"2\":0},\"15\":\"Calibri\",\"16\":11}\" data-sheets-textstyleruns=\"{\"1\":0}\uee10{\"1\":197,\"2\":{\"5\":1}}\uee10{\"1\":213}\uee10{\"1\":336,\"2\":{\"5\":1}}\uee10{\"1\":354}\">Monoi oil and butter are obtained by macerating the Tiare flower in pure coconut oil. Tiare is a white flower native to Polynesia and has a sweet and delicate fragrance.<br \/>\nMonoi Oil contains a small percentage of almond oil to keep it in a liquid state at all times, both in summer and winter.<br \/>\nMonoi butter is solid in winter and melts in summer when the temperature exceeds 25\u00b0.<br \/>\nThe properties are the same, suitable for body and hair, it is a very versatile product indicated for all skin types.<br \/>\nThe chemical composition of coconut oil is characterized by a predominance of short-chain saturated acids with remarkable antimicrobial properties. In addition to its antibacterial and antifungal characteristics, it has remarkable moisturizing, nourishing and tissue-elasticizing abilities. It is an excellent anti-wrinkle as it contains vitamin E, one of the most important antioxidants, and because of its sweet scent it is appreciated by women with which they feel pampered. It has a very soft texture, glides nicely on the skin and absorbs easily, so it is an excellent product for both cabin and resale. The use of monoi butter\/oil, in modern dermatology and cosmetics, is important for its properties: antiseptic, antifungal, emollient, elasticizing, anti-wrinkle, moisturizing and soothing. Suitable for all skin types, including sensitive and itchy skin; hair; great for summer, helps maintain a tan.<\/span><\/p>\n<p>Tips for use:<br \/>\n-On the body and face for daily moisturizing. Also suitable for baby skin.<br \/>\n-More generously on the face for a beauty mask<br \/>\n-As a pack before shampooing on the entire length of the hair (leave on for 20 to 30 min.)<br \/>\n-As a pack on hands and feet with particularly dry skin (leave on with cotton glove or foil)<br \/>\nAs an after-sun lotion to maintain tan, hydration and to prevent wrinkles <\/p>\n","protected":false},"excerpt":{"rendered":"<p>Monoi oil, available in two different formats.<\/p>\n","protected":false},"featured_media":37408,"template":"","meta":{"_acf_changed":false},"product_brand":[],"product_cat":[12986,1896,1493,1928,12981,9905],"product_tag":[583,401,2188,440,9405],"class_list":{"0":"post-52747","1":"product","2":"type-product","3":"status-publish","4":"has-post-thumbnail","6":"product_cat-body-en","7":"product_cat-children","8":"product_cat-cosmetics","9":"product_cat-deterion","10":"product_cat-microcosm","11":"product_cat-pink-bird-en","12":"product_tag-anti-wrinkle","13":"product_tag-monoi-en","14":"product_tag-oil-en-2","15":"product_tag-spagyria-en","16":"product_tag-tiare-en","17":"pa_formato-100ml-en","18":"pa_formato-200ml-en","20":"first","21":"instock","22":"taxable","23":"shipping-taxable","24":"purchasable","25":"product-type-variable","26":"has-default-attributes"},"acf":[],"jetpack_sharing_enabled":true,"_links":{"self":[{"href":"https:\/\/cndestetik.ch\/en\/wp-json\/wp\/v2\/product\/52747","targetHints":{"allow":["GET"]}}],"collection":[{"href":"https:\/\/cndestetik.ch\/en\/wp-json\/wp\/v2\/product"}],"about":[{"href":"https:\/\/cndestetik.ch\/en\/wp-json\/wp\/v2\/types\/product"}],"wp:featuredmedia":[{"embeddable":true,"href":"https:\/\/cndestetik.ch\/en\/wp-json\/wp\/v2\/media\/37408"}],"wp:attachment":[{"href":"https:\/\/cndestetik.ch\/en\/wp-json\/wp\/v2\/media?parent=52747"}],"wp:term":[{"taxonomy":"product_brand","embeddable":true,"href":"https:\/\/cndestetik.ch\/en\/wp-json\/wp\/v2\/product_brand?post=52747"},{"taxonomy":"product_cat","embeddable":true,"href":"https:\/\/cndestetik.ch\/en\/wp-json\/wp\/v2\/product_cat?post=52747"},{"taxonomy":"product_tag","embeddable":true,"href":"https:\/\/cndestetik.ch\/en\/wp-json\/wp\/v2\/product_tag?post=52747"}],"curies":[{"name":"wp","href":"https:\/\/api.w.org\/{rel}","templated":true}]}}