{"id":52711,"date":"2020-10-15T11:44:40","date_gmt":"2020-10-15T09:44:40","guid":{"rendered":"https:\/\/cndestetik.ch\/prodotto\/almond-oil\/"},"modified":"2023-07-19T16:05:36","modified_gmt":"2023-07-19T14:05:36","slug":"oil-of-almonds","status":"publish","type":"product","link":"https:\/\/cndestetik.ch\/en\/prodotto\/oil-of-almonds\/","title":{"rendered":"Almond Oil"},"content":{"rendered":"<p><span data-sheets-value=\"{\"1\":2,\"2\":\"L'olio di Mandorle dolci, di antica fama e di estrema versatilit\u00e0, rimane probabilmente il pi\u00f9 noto e utilizzato tra gli oli da massaggio e oli per dermocosmesi. Si ricava per spremitura dei semi maturi di Prunus Amygdalus variet\u00e0 dolce, ha colore giallo chiaro ed \u00e8 inodore. Proprio per assenza di un odore caratteristico quest'olio \u00e8 adatto ad ogni miscela di essenze in quanto \u00e8 un buon vettore e non altera il profumo. Altamente insaturo, emolliente e rinfrescante. Completamente privo di effetti irritanti, viene impiegato in una vastissima gamma di prodotti igienici e cosmetici. Bench\u00e8 non lo si possa considerare un vero e proprio olio medicinale, costituisce un buon lenitivo per le irritazioni cutanee lievi, per gli arrossamenti e gli eritemi solari. Grazie alla sua facilit\u00e0 di assorbimento e alla sua azione ammorbidente \u00e8 inoltre un buon prodotto da applicare dopo il bagno sulla pelle secca che tende a squamarsi.\\nUsarlo su tutti i tipi di pelle, in particolare pelli secche, poco elastiche, sensibili e arrossate, pelli con dermatiti o psoriasi; contribuisce a diminuire il prurito e l'infiammazione.\"}\" data-sheets-userformat=\"{\"2\":15297,\"3\":{\"1\":0},\"9\":0,\"10\":2,\"11\":0,\"12\":0,\"14\":{\"1\":2,\"2\":0},\"15\":\"Calibri\",\"16\":11}\">Sweet Almond oil, of long-standing reputation and extreme versatility, remains probably the best known and most widely used of the massage and dermocosmetic oils. It is obtained by pressing the ripe seeds of Prunus Amygdalus sweet variety, has a light yellow color and is odorless. Precisely because of the absence of a characteristic odor, this oil is suitable for any blend of essences as it is a good carrier and does not alter the scent. Highly unsaturated, emollient and refreshing. Completely free of irritant effects, it is used in a very wide range of hygiene and cosmetic products.  <\/span><\/p>\n<p><span data-sheets-value=\"{\"1\":2,\"2\":\"L'olio di Mandorle dolci, di antica fama e di estrema versatilit\u00e0, rimane probabilmente il pi\u00f9 noto e utilizzato tra gli oli da massaggio e oli per dermocosmesi. Si ricava per spremitura dei semi maturi di Prunus Amygdalus variet\u00e0 dolce, ha colore giallo chiaro ed \u00e8 inodore. Proprio per assenza di un odore caratteristico quest'olio \u00e8 adatto ad ogni miscela di essenze in quanto \u00e8 un buon vettore e non altera il profumo. Altamente insaturo, emolliente e rinfrescante. Completamente privo di effetti irritanti, viene impiegato in una vastissima gamma di prodotti igienici e cosmetici. Bench\u00e8 non lo si possa considerare un vero e proprio olio medicinale, costituisce un buon lenitivo per le irritazioni cutanee lievi, per gli arrossamenti e gli eritemi solari. Grazie alla sua facilit\u00e0 di assorbimento e alla sua azione ammorbidente \u00e8 inoltre un buon prodotto da applicare dopo il bagno sulla pelle secca che tende a squamarsi.\\nUsarlo su tutti i tipi di pelle, in particolare pelli secche, poco elastiche, sensibili e arrossate, pelli con dermatiti o psoriasi; contribuisce a diminuire il prurito e l'infiammazione.\"}\" data-sheets-userformat=\"{\"2\":15297,\"3\":{\"1\":0},\"9\":0,\"10\":2,\"11\":0,\"12\":0,\"14\":{\"1\":2,\"2\":0},\"15\":\"Calibri\",\"16\":11}\">Although it cannot be considered a true medicinal oil, it is a good soother for mild skin irritations, redness and sunburn. Because of its easy absorption and softening action, it is also a good product to apply after bathing on dry skin that tends to peel.<br \/>\n<\/span><\/p>\n<p><span data-sheets-value=\"{\"1\":2,\"2\":\"L'olio di Mandorle dolci, di antica fama e di estrema versatilit\u00e0, rimane probabilmente il pi\u00f9 noto e utilizzato tra gli oli da massaggio e oli per dermocosmesi. Si ricava per spremitura dei semi maturi di Prunus Amygdalus variet\u00e0 dolce, ha colore giallo chiaro ed \u00e8 inodore. Proprio per assenza di un odore caratteristico quest'olio \u00e8 adatto ad ogni miscela di essenze in quanto \u00e8 un buon vettore e non altera il profumo. Altamente insaturo, emolliente e rinfrescante. Completamente privo di effetti irritanti, viene impiegato in una vastissima gamma di prodotti igienici e cosmetici. Bench\u00e8 non lo si possa considerare un vero e proprio olio medicinale, costituisce un buon lenitivo per le irritazioni cutanee lievi, per gli arrossamenti e gli eritemi solari. Grazie alla sua facilit\u00e0 di assorbimento e alla sua azione ammorbidente \u00e8 inoltre un buon prodotto da applicare dopo il bagno sulla pelle secca che tende a squamarsi.\\nUsarlo su tutti i tipi di pelle, in particolare pelli secche, poco elastiche, sensibili e arrossate, pelli con dermatiti o psoriasi; contribuisce a diminuire il prurito e l'infiammazione.\"}\" data-sheets-userformat=\"{\"2\":15297,\"3\":{\"1\":0},\"9\":0,\"10\":2,\"11\":0,\"12\":0,\"14\":{\"1\":2,\"2\":0},\"15\":\"Calibri\",\"16\":11}\">Use it on all skin types, especially dry, inelastic, sensitive and reddened skin, skin with dermatitis or psoriasis; it helps decrease itching and inflammation.<\/span><\/p>\n","protected":false},"excerpt":{"rendered":"<p>Almond oil available in different formats.<\/p>\n","protected":false},"featured_media":37378,"template":"","meta":{"_acf_changed":false},"product_brand":[],"product_cat":[1928,11232],"product_tag":[9070,604,2188],"class_list":{"0":"post-52711","1":"product","2":"type-product","3":"status-publish","4":"has-post-thumbnail","6":"product_cat-deterion","7":"product_cat-physiotherapy","8":"product_tag-almond-oil","9":"product_tag-almonds","10":"product_tag-oil-en-2","11":"pa_formato-1000ml-en","12":"pa_formato-100ml-en","13":"pa_formato-500ml-en","15":"first","16":"instock","17":"taxable","18":"shipping-taxable","19":"purchasable","20":"product-type-variable"},"acf":[],"jetpack_sharing_enabled":true,"_links":{"self":[{"href":"https:\/\/cndestetik.ch\/en\/wp-json\/wp\/v2\/product\/52711","targetHints":{"allow":["GET"]}}],"collection":[{"href":"https:\/\/cndestetik.ch\/en\/wp-json\/wp\/v2\/product"}],"about":[{"href":"https:\/\/cndestetik.ch\/en\/wp-json\/wp\/v2\/types\/product"}],"wp:featuredmedia":[{"embeddable":true,"href":"https:\/\/cndestetik.ch\/en\/wp-json\/wp\/v2\/media\/37378"}],"wp:attachment":[{"href":"https:\/\/cndestetik.ch\/en\/wp-json\/wp\/v2\/media?parent=52711"}],"wp:term":[{"taxonomy":"product_brand","embeddable":true,"href":"https:\/\/cndestetik.ch\/en\/wp-json\/wp\/v2\/product_brand?post=52711"},{"taxonomy":"product_cat","embeddable":true,"href":"https:\/\/cndestetik.ch\/en\/wp-json\/wp\/v2\/product_cat?post=52711"},{"taxonomy":"product_tag","embeddable":true,"href":"https:\/\/cndestetik.ch\/en\/wp-json\/wp\/v2\/product_tag?post=52711"}],"curies":[{"name":"wp","href":"https:\/\/api.w.org\/{rel}","templated":true}]}}