{"id":52462,"date":"2020-10-15T11:39:59","date_gmt":"2020-10-15T09:39:59","guid":{"rendered":"https:\/\/cndestetik.ch\/prodotto\/synergy-of-essential-oils-energy\/"},"modified":"2025-01-22T16:10:17","modified_gmt":"2025-01-22T15:10:17","slug":"synergy-of-essential-oils-energy","status":"publish","type":"product","link":"https:\/\/cndestetik.ch\/en\/prodotto\/synergy-of-essential-oils-energy\/","title":{"rendered":"Synergy of Essential Oils Energy"},"content":{"rendered":"<p><span data-sheets-value=\"{\"1\":2,\"2\":\"Una Sinergia dal profumo pungente e vivace. Risveglia la vitalita rinvigorendo il tuo naturale entusiasmo.\\nPuoi utilizzare le 5 sinergie olfattive Microcosmo per:\\n1) AROMATIZZARE GLI AMBIENTI - Metti un p\u00f2 d'acqua e qualche goccia della Sinergia scelta nel diffusore di essenze (Fornelletto in terracotta Microcosmo). Sfrutta la capacit\u00e0 dell'unione dei 4 elementi fuoco, terra, acqua e aria per aromatizzare l'ambiente e donare al tuo centro una qualit\u00e0 in pi\u00f9 di benessere.\\n2)AROMATIZZARE E CARATTERIZZARE UN OLIO O UNA CREMA BASE - Scegli insieme alla tua cliente la Sinergia pi\u00f9 indicata per lei. Aggiungi la sinergia scelta ad una Crema Massaggio base o ad un olio vegetale per creare un prodotto da massaggio specifico. In questo modo offri un viaggio di profumi e messaggi della natura, insieme al tocco e alla cura esperta delle tua mani. Dosaggi: 2-3% di sinergia nel veicolo che hai scelto (Olio Vegetale o Crema Base). 20 gocce equivalgono circa ad 1 ml., quindi puoi aggiungere circa 40-50 gocce in 100 ml. (in una porzione di crema o olio vegetale dedicato ad un massaggio corpo \u00e8 consigliabile aggiungere circa 7-10 gocce di sinergia)\\n3)AROMATIZZARE E CARATTERIZZARE UNO SCRUB CORPO - Componi uno scrub corpo personalizzato con i Sali di Epsom scegliendo l'olio vegetale pi\u00f9 indicato e facendo scegliere alla tua cliente una tra le sinergie di O.E. Unisci circa 4-5 cucchiai di Sali di Epsom, circa 7-10 gocce di Sinergia e Olio Vegetale q.b.\\n4)AROMATIZZARE E CARATTERIZZARE UN PEDILUVIO - In questo modo dai ancora pi\u00f9 valore a questo splndido gesto di cura riconoscendone cos\u00ec la sua importanza. Per fare questo aggiungi 3-4 gocce di Sinergia in un pugno di Sali di Epsom e solubilizzali nell'acqua del pediluvio.\\n5)AROMATIZZARE E CARATTERIZZARE UN BAGNO CALDO - In vasca normale o idromassaggio. Aggiungi 6-8 gocce di Sinergia in un pugno di Sali di Epsom (o pi\u00f9 Sali di Epsom a seconda che tu voglia rendere il bagno anche drenante e depurativo dei tessuti) e disperdili in acqua.\\n6)AROMATIZZARE E CARATTERIZZARE UN BAGNO DI VAPORE - Scegli insieme alla tua cliente la Sinergia pi\u00f9 indicata per lei e aggiungila nel bagno di vapore in quantit\u00e0 di circa 6-8 gocce. Le offrirai un viaggio di profumi che incentivano il rilassamento ed il benessere.\"}\" data-sheets-userformat=\"{\"2\":15297,\"3\":{\"1\":0},\"9\":0,\"10\":2,\"11\":0,\"12\":0,\"14\":{\"1\":2,\"2\":0},\"15\":\"Calibri\",\"16\":11}\">A Synergy with a pungent and lively fragrance. Awaken your vitality by reinvigorating your natural enthusiasm.<br \/>\nYou can use Microcosmo&#8217;s 5 olfactory synergies to:<br \/>\n1) AROMATIZE ENVIRONMENTS &#8211; Put a little water and a few drops of your chosen Synergy in the essence diffuser (Microcosmo terracotta stove). Take advantage of the ability of the union of the 4 elements fire, earth, water and air to aromatize the environment and give your center an extra quality of well-being.<br \/>\n2)AROMATIZE AND CHARACTERIZE AN OIL OR CREAM BASE &#8211; Choose together with your client the Synergy most suitable for her.  Add your chosen synergy to a basic Massage Cream or vegetable oil to create a specific massage product. In this way you offer a journey of scents and messages from nature, along with the expert touch and care of your hands. Dosages: 2-3% synergy in your chosen vehicle (Plant Oil or Cream Base). 20 drops is about equivalent to 1 ml., so you can add about 40-50 drops in 100 ml. (In a portion of a cream or vegetable oil dedicated to a body massage, it is advisable to add about 7-10 drops of Synergy)<br \/>\n3)AROMATIZE AND CHARACTERIZE A BODY SCRUB &#8211; Compose a customized body scrub with Epsom Salts by choosing the most suitable vegetable oil and having your client choose one of the O.E. synergies. Combine about 4-5 tablespoons of Epsom Salts, about 7-10 drops of Synergy and Vegetable Oil to taste.<br \/>\n4)AROMATIZING AND CHARACTERIZING A PEDILUCE &#8211; In this way you give even more value to this splndid gesture of care thus recognizing its importance. To do this, add 3-4 drops of Synergy in a handful of Epsom Salts and solubilize them in the foot bath water.<br \/>\n5)AROMATIZE AND CHARACTERIZE A HOT BATH &#8211; In a regular or whirlpool tub. Add 6-8 drops of Synergy to a fistful of Epsom salts (or more Epsom salts depending on whether you want to make the bath also draining and tissue purifying) and disperse them in the water.<br \/>\n6)AROMATIZE AND CHARACTERIZE A STEAM BATH &#8211; Choose together with your client the Synergy most suitable for her and add it to the steam bath in quantities of about 6-8 drops.  You will offer her a journey of scents that encourage relaxation and well-being.<\/span><\/p>\n","protected":false},"excerpt":{"rendered":"<p>Pungent and lively essential oil synergy.<\/p>\n","protected":false},"featured_media":37580,"template":"","meta":{"_acf_changed":false},"product_brand":[],"product_cat":[2308,12981],"product_tag":[533,8905,4252,400,2311,504,4270,492,511,503,502,4296],"class_list":{"0":"post-52462","1":"product","2":"type-product","3":"status-publish","4":"has-post-thumbnail","6":"product_cat-essences","7":"product_cat-microcosm","8":"product_tag-cinnamon","9":"product_tag-energy","10":"product_tag-essence-en","11":"product_tag-essences","12":"product_tag-essential","13":"product_tag-essential-oils","14":"product_tag-essentials","15":"product_tag-grapefruit-en","16":"product_tag-juniper","17":"product_tag-lemon","18":"product_tag-mint","19":"product_tag-synergy","20":"pa_formato-10ml-en","21":"pa_formato-30ml-en","23":"first","24":"instock","25":"taxable","26":"shipping-taxable","27":"purchasable","28":"product-type-variable"},"acf":[],"jetpack_sharing_enabled":true,"_links":{"self":[{"href":"https:\/\/cndestetik.ch\/en\/wp-json\/wp\/v2\/product\/52462","targetHints":{"allow":["GET"]}}],"collection":[{"href":"https:\/\/cndestetik.ch\/en\/wp-json\/wp\/v2\/product"}],"about":[{"href":"https:\/\/cndestetik.ch\/en\/wp-json\/wp\/v2\/types\/product"}],"wp:featuredmedia":[{"embeddable":true,"href":"https:\/\/cndestetik.ch\/en\/wp-json\/wp\/v2\/media\/37580"}],"wp:attachment":[{"href":"https:\/\/cndestetik.ch\/en\/wp-json\/wp\/v2\/media?parent=52462"}],"wp:term":[{"taxonomy":"product_brand","embeddable":true,"href":"https:\/\/cndestetik.ch\/en\/wp-json\/wp\/v2\/product_brand?post=52462"},{"taxonomy":"product_cat","embeddable":true,"href":"https:\/\/cndestetik.ch\/en\/wp-json\/wp\/v2\/product_cat?post=52462"},{"taxonomy":"product_tag","embeddable":true,"href":"https:\/\/cndestetik.ch\/en\/wp-json\/wp\/v2\/product_tag?post=52462"}],"curies":[{"name":"wp","href":"https:\/\/api.w.org\/{rel}","templated":true}]}}