{"id":49247,"date":"2022-06-29T11:37:51","date_gmt":"2022-06-29T09:37:51","guid":{"rendered":"https:\/\/cndestetik.ch\/prodotto\/inika-liquid-foundation-nude\/"},"modified":"2022-07-18T13:26:52","modified_gmt":"2022-07-18T11:26:52","slug":"inika-liquid-foundation-nude-2","status":"publish","type":"product","link":"https:\/\/cndestetik.ch\/en\/prodotto\/inika-liquid-foundation-nude-2\/","title":{"rendered":"Inika Liquid Foundation Nude"},"content":{"rendered":"<p><span data-sheets-value=\"{\"1\":2,\"2\":\"Questo fondotinta liquido \u00e8 ricco di sostanze nutritive e combina le propriet\u00e0 idratanti di una crema idratante con la copertura impeccabile di un fondotinta.\\nSfruttando i benefici dell'Acido Ialuronico, che trattiene mille volte il suo peso in acqua, aiuta a rafforzare l'elasticit\u00e0 e la carnosit\u00e0 della pelle per una carnagione pi\u00f9 giovane. \\nContiene molteplici prodotti botanici per la cura della pelle, tra cui t\u00e8 verde ricco di antiossidanti, lavanda lenitiva e antibatterica e olio di Argan nutriente, aumenta la salute della pelle e assicura una carnagione meravigliosamente morbida e lenita con una maggiore luminosit\u00e0.\\nContiene Acido Ialuronico per un'idratazione istantanea della pelle, una migliore elasticit\u00e0 e una riduzione della comparsa delle linee sottili.\\nContiene antiossidanti naturali, vitamine e minerali.\\nFornisce una copertura luminosa media e modulabile.\\nNon ostruisce i pori. Ipoallergenico e dermatologicamente testato.\\n70% di ingredienti biologici.\\n \\nTutti i prodotti INIKA sono di derivazione naturale al 100%, certificati vegani e cruelty free.\\nNota: per una finitura impeccabile senza aloni, applica il Certified Organic Liquid Foundation con un pennello per fondotinta. \\n1. Erogare una piccola quantit\u00e0 di fondotinta liquido organico certificato sul dorso della mano. \\n2. Utilizzando il pennello INIKA Vegan Foundation Brush per raccogliere una piccola quantit\u00e0 di prodotto, sfumarlo delicatamente sulla pelle con piccoli movimenti circolari o pennellate fino a ottenere una finitura uniforme e impeccabile.\\n3. Ripetere per creare il livello di copertura desiderato.\\n4. Mescolare bene intorno alla mascella, all'attaccatura dei capelli e alle orecchie.\\n\"}\" data-sheets-userformat=\"{\"2\":15297,\"3\":{\"1\":0},\"9\":0,\"10\":2,\"11\":0,\"12\":0,\"14\":{\"1\":2,\"2\":0},\"15\":\"Calibri\",\"16\":11}\">This liquid foundation is rich in nutrients and combines the moisturizing properties of a moisturizer with the flawless coverage of a foundation.<br \/>\nBy harnessing the benefits of Hyaluronic Acid, which retains 1,000 times its weight in water, it helps strengthen the skin&#8217;s elasticity and complexion for a younger-looking complexion.<br \/>\nContaining multiple skin-care botanicals, including antioxidant-rich green tea, soothing and antibacterial lavender, and nourishing Argan oil, it boosts skin health and ensures a wonderfully soft and soothed complexion with enhanced radiance.<br \/>\nContains Hyaluronic Acid for instant skin hydration, improved elasticity and reduced appearance of fine lines.<br \/>\nIt contains natural antioxidants, vitamins and minerals.<br \/>\nProvides medium and adjustable light coverage.<br \/>\nIt does not clog pores. Hypoallergenic and dermatologically tested.<br \/>\n70% organic ingredients.<\/span><\/p>\n<p>All INIKA products are 100% naturally derived, certified vegan and cruelty free.<br \/>\nNote: For a flawless finish without halos, apply Certified Organic Liquid Foundation with a foundation brush.<br \/>\n1. Dispense a small amount of certified organic liquid foundation on the back of the hand.<br \/>\n2. Using the INIKA Vegan Foundation Brush to pick up a small amount of product, gently blend it onto the skin in small circular motions or brush strokes until a smooth, flawless finish is achieved.<br \/>\n3. Repeat to create the desired level of coverage.<br \/>\n4. Blend well around the jawline, hairline and ears.<\/p>\n<p>Size: 30ml<\/p>\n","protected":false},"excerpt":{"rendered":"<p>Mask imperfections with a veil of color<\/p>\n","protected":false},"featured_media":49244,"template":"","meta":{"_acf_changed":false},"product_brand":[],"product_cat":[15],"product_tag":[5492,7630,7438,6902],"class_list":{"0":"post-49247","1":"product","2":"type-product","3":"status-publish","4":"has-post-thumbnail","6":"product_cat-07-cosmetica","7":"product_tag-cream-en-2","8":"product_tag-fdt-en","9":"product_tag-foundation-en-2","10":"product_tag-liquid-en-2","12":"first","13":"instock","14":"taxable","15":"shipping-taxable","16":"purchasable","17":"product-type-simple"},"acf":[],"jetpack_sharing_enabled":true,"_links":{"self":[{"href":"https:\/\/cndestetik.ch\/en\/wp-json\/wp\/v2\/product\/49247","targetHints":{"allow":["GET"]}}],"collection":[{"href":"https:\/\/cndestetik.ch\/en\/wp-json\/wp\/v2\/product"}],"about":[{"href":"https:\/\/cndestetik.ch\/en\/wp-json\/wp\/v2\/types\/product"}],"wp:featuredmedia":[{"embeddable":true,"href":"https:\/\/cndestetik.ch\/en\/wp-json\/wp\/v2\/media\/49244"}],"wp:attachment":[{"href":"https:\/\/cndestetik.ch\/en\/wp-json\/wp\/v2\/media?parent=49247"}],"wp:term":[{"taxonomy":"product_brand","embeddable":true,"href":"https:\/\/cndestetik.ch\/en\/wp-json\/wp\/v2\/product_brand?post=49247"},{"taxonomy":"product_cat","embeddable":true,"href":"https:\/\/cndestetik.ch\/en\/wp-json\/wp\/v2\/product_cat?post=49247"},{"taxonomy":"product_tag","embeddable":true,"href":"https:\/\/cndestetik.ch\/en\/wp-json\/wp\/v2\/product_tag?post=49247"}],"curies":[{"name":"wp","href":"https:\/\/api.w.org\/{rel}","templated":true}]}}