{"id":48828,"date":"2022-06-22T15:21:01","date_gmt":"2022-06-22T13:21:01","guid":{"rendered":"https:\/\/cndestetik.ch\/?post_type=product&p=48828"},"modified":"2022-06-22T15:21:01","modified_gmt":"2022-06-22T13:21:01","slug":"butter-body","status":"publish","type":"product","link":"https:\/\/cndestetik.ch\/en\/prodotto\/butter-body\/","title":{"rendered":"Body Butter"},"content":{"rendered":"<p><span data-sheets-value=\"{\"1\":2,\"2\":\"Crema burro corpo con estratto spagirico di Calendula, ideale nel trattamento quotidiano della cute. Prodotto da Microcosmo.\\n\\nDalla texture morbida e corposa, viene assorbito facilmente dalla pelle senza ungerla. Il Burro Corpo nutre e idrata in profondit\u00e0 anche le pelli pi\u00f9 secche e screpolate.\\n\\nGrazie all\u2019azione cicatrizzante e lenitiva dell\u2019Estratto Spagirico di Calendula, pianta capace di stimolare la rigenerazione dei tessuti cutanei e di calmare i rossori, il Burro Corpo Microcosmo \u00e8 ottimo per proteggere la pelle. Il suo uso quotidiano mantiene la cute morbida, elastica e bella, soprattutto durante l\u2019inverno in cui gli sbalzi di temperatura, il freddo e il vento possono contribuire a seccarla, irritarla e indurirla.\\n\\nE\u2019 indicato anche su tutte le pelli che subiscono lavaggi frequenti o quelle pi\u00f9 delicate di bambini e anziani. Nella nuova praticissima confezione airless \u00e8 un comodo prodotto da portare in piscina e palestra, per prendersi cura di s\u00e9 anche fuori casa.\\n\\nInfine l\u2019Olio Essenziale di Bergamotto oltre a donare al Burro il suo fresco e piacevole profumo lo rende indicato anche nei casi di impurit\u00e0 e macchie cutanee. E\u2019 una fragranza che dona forza e infonde ottimismo ed \u00e8 utile per risvegliare il proprio entusiasmo durante le fredde giornate invernali.\\n\\nModo d\u2019uso:\\nMassaggiare sulla pelle fino a completo assorbimento\"}\" data-sheets-userformat=\"{\"2\":15297,\"3\":{\"1\":0},\"9\":0,\"10\":2,\"11\":0,\"12\":0,\"14\":{\"1\":2,\"2\":0},\"15\":\"Calibri\",\"16\":11}\">Body butter cream with spagyric extract of Calendula, ideal in daily skin treatment. Produced by Microcosm.<\/p>\n<p>With a soft and full-bodied texture, it is easily absorbed by the skin without making it greasy. Body Butter deeply nourishes and moisturizes even the driest and most chapped skin.<\/p>\n<p>Thanks to the healing and soothing action of Spagyric Calendula Extract, a plant capable of stimulating skin tissue regeneration and calming redness, Microcosm Body Butter is excellent for protecting the skin. Its daily use keeps skin soft, supple and beautiful, especially during winter when temperature changes, cold and wind can contribute to drying, irritating and hardening it.<\/p>\n<p>It is also indicated on all skin that undergoes frequent washing or the more delicate skin of children and the elderly. In the new very practical airless packaging, it is a convenient product to take to the pool and gym to take care of yourself away from home.<\/p>\n<p>Finally, Bergamot Essential Oil not only gives the Butter its fresh and pleasant fragrance but also makes it suitable in cases of skin impurities and blemishes. It is a fragrance that gives strength and instills optimism and is useful for awakening one&#8217;s enthusiasm during cold winter days.<\/p>\n<p>Mode of use:<br \/>\nMassage into the skin until completely absorbed<\/span><\/p>\n<p>Size: 200ml<\/p>\n","protected":false},"excerpt":{"rendered":"<p>Body butter that protects the skin, keeps it soft and supple, even during temperature changes.<\/p>\n","protected":false},"featured_media":0,"template":"","meta":{"_acf_changed":false},"product_brand":[],"product_cat":[15],"product_tag":[],"class_list":{"0":"post-48828","1":"product","2":"type-product","3":"status-publish","5":"product_cat-07-cosmetica","7":"first","8":"instock","9":"taxable","10":"shipping-taxable","11":"purchasable","12":"product-type-simple"},"acf":[],"jetpack_sharing_enabled":true,"_links":{"self":[{"href":"https:\/\/cndestetik.ch\/en\/wp-json\/wp\/v2\/product\/48828","targetHints":{"allow":["GET"]}}],"collection":[{"href":"https:\/\/cndestetik.ch\/en\/wp-json\/wp\/v2\/product"}],"about":[{"href":"https:\/\/cndestetik.ch\/en\/wp-json\/wp\/v2\/types\/product"}],"wp:attachment":[{"href":"https:\/\/cndestetik.ch\/en\/wp-json\/wp\/v2\/media?parent=48828"}],"wp:term":[{"taxonomy":"product_brand","embeddable":true,"href":"https:\/\/cndestetik.ch\/en\/wp-json\/wp\/v2\/product_brand?post=48828"},{"taxonomy":"product_cat","embeddable":true,"href":"https:\/\/cndestetik.ch\/en\/wp-json\/wp\/v2\/product_cat?post=48828"},{"taxonomy":"product_tag","embeddable":true,"href":"https:\/\/cndestetik.ch\/en\/wp-json\/wp\/v2\/product_tag?post=48828"}],"curies":[{"name":"wp","href":"https:\/\/api.w.org\/{rel}","templated":true}]}}