{"id":48821,"date":"2022-06-20T16:38:13","date_gmt":"2022-06-20T14:38:13","guid":{"rendered":"https:\/\/cndestetik.ch\/prodotto\/balsamic-ointment\/"},"modified":"2025-02-07T08:51:37","modified_gmt":"2025-02-07T07:51:37","slug":"ointment-balsamic","status":"publish","type":"product","link":"https:\/\/cndestetik.ch\/en\/prodotto\/ointment-balsamic\/","title":{"rendered":"Balsamic Ointment"},"content":{"rendered":"<p><span data-sheets-value=\"{\"1\":2,\"2\":\"Oleoliti Spagirici di: Timo Rosso e Elicriso - Oli Essenziali di Eucalipto, Menta , Pino Silvestre, Timo. Le propriet\u00e0 espettoranti e antibatteriche dell'oleolito di Timo e di Elicriso e degli oli essenziali rendono questo unguento particolarmente adatto in caso di problematiche respiratorie. Si consiglia di applicarlo sul petto e sulla parte alta della schiena a livello dei polmoni massaggiando per favorirne l'assorbimento. Purifica e libera le vie respiratorie dando benessere e sollievo.\\n\\nL'unguento ha origini molto antiche, \u00e8 una preparazione per uso esterno in fase grassa. Gli unguenti Microcosmo contengono come base il burro di Karit\u00e8, la cera d'api e gli oli vegetali. La sostanza funzionale \u00e8 rappresentata dagli oleoliti spagirici e dagli oli essenziali. Gli oleoliti spagirici, estratti con olio di ricino secondo le tecniche della spagiria, hanno ottime propriet\u00e0 chimiche ed energetiche. Esse sono valorizzate ed amplificate dagli oli essenziali che caratterizzano anche il profumo degli unguenti.\"}\" data-sheets-userformat=\"{\"2\":15297,\"3\":{\"1\":0},\"9\":0,\"10\":2,\"11\":0,\"12\":0,\"14\":{\"1\":2,\"2\":0},\"15\":\"Calibri\",\"16\":11}\">Spagyric Oleolites of: Red Thyme and Helichrysum &#8211; Essential Oils of Eucalyptus, Mint , Scots Pine, Thyme.  <\/span><\/p>\n<p><span data-sheets-value=\"{\"1\":2,\"2\":\"Oleoliti Spagirici di: Timo Rosso e Elicriso - Oli Essenziali di Eucalipto, Menta , Pino Silvestre, Timo. Le propriet\u00e0 espettoranti e antibatteriche dell'oleolito di Timo e di Elicriso e degli oli essenziali rendono questo unguento particolarmente adatto in caso di problematiche respiratorie. Si consiglia di applicarlo sul petto e sulla parte alta della schiena a livello dei polmoni massaggiando per favorirne l'assorbimento. Purifica e libera le vie respiratorie dando benessere e sollievo.\\n\\nL'unguento ha origini molto antiche, \u00e8 una preparazione per uso esterno in fase grassa. Gli unguenti Microcosmo contengono come base il burro di Karit\u00e8, la cera d'api e gli oli vegetali. La sostanza funzionale \u00e8 rappresentata dagli oleoliti spagirici e dagli oli essenziali. Gli oleoliti spagirici, estratti con olio di ricino secondo le tecniche della spagiria, hanno ottime propriet\u00e0 chimiche ed energetiche. Esse sono valorizzate ed amplificate dagli oli essenziali che caratterizzano anche il profumo degli unguenti.\"}\" data-sheets-userformat=\"{\"2\":15297,\"3\":{\"1\":0},\"9\":0,\"10\":2,\"11\":0,\"12\":0,\"14\":{\"1\":2,\"2\":0},\"15\":\"Calibri\",\"16\":11}\">The expectorant and antibacterial properties of Thyme and Helichrysum oleolite and essential oils make this ointment particularly suitable for respiratory problems. It is recommended that it be applied to the chest and upper back at the level of the lungs, massaging to promote absorption. Purifies and clears the respiratory tract giving well-being and relief.<\/span><\/p>\n<p>Ointment has very ancient origins; it is a preparation for external use in the oily phase. Microcosmo ointments contain Shea butter, beeswax and vegetable oils as their base. The functional substance is spagyric oleolites and essential oils. Spagyric oleolites, extracted with castor oil according to spagyric techniques, have excellent chemical and energetic properties. They are enhanced and amplified by the essential oils that also characterize the scent of the ointments.<\/p>\n<p>Suitable for adults and children<\/p>\n<p>Size: 50ml<\/p>\n","protected":false},"excerpt":{"rendered":"<p>Ointment applied to the back and chest to promote breathing.<\/p>\n","protected":false},"featured_media":49149,"template":"","meta":{"_acf_changed":false},"product_brand":[],"product_cat":[12986,1493,12981,11232],"product_tag":[4619,7326,7329,522,502,7156,9831,538],"class_list":{"0":"post-48821","1":"product","2":"type-product","3":"status-publish","4":"has-post-thumbnail","6":"product_cat-body-en","7":"product_cat-cosmetics","8":"product_cat-microcosm","9":"product_cat-physiotherapy","10":"product_tag-balm-en-2","11":"product_tag-balsamic","12":"product_tag-breathing","13":"product_tag-eucalyptus","14":"product_tag-mint","15":"product_tag-ointment","16":"product_tag-pine-silvestre","17":"product_tag-thyme","19":"first","20":"instock","21":"taxable","22":"shipping-taxable","23":"purchasable","24":"product-type-simple"},"acf":[],"jetpack_sharing_enabled":true,"_links":{"self":[{"href":"https:\/\/cndestetik.ch\/en\/wp-json\/wp\/v2\/product\/48821","targetHints":{"allow":["GET"]}}],"collection":[{"href":"https:\/\/cndestetik.ch\/en\/wp-json\/wp\/v2\/product"}],"about":[{"href":"https:\/\/cndestetik.ch\/en\/wp-json\/wp\/v2\/types\/product"}],"wp:featuredmedia":[{"embeddable":true,"href":"https:\/\/cndestetik.ch\/en\/wp-json\/wp\/v2\/media\/49149"}],"wp:attachment":[{"href":"https:\/\/cndestetik.ch\/en\/wp-json\/wp\/v2\/media?parent=48821"}],"wp:term":[{"taxonomy":"product_brand","embeddable":true,"href":"https:\/\/cndestetik.ch\/en\/wp-json\/wp\/v2\/product_brand?post=48821"},{"taxonomy":"product_cat","embeddable":true,"href":"https:\/\/cndestetik.ch\/en\/wp-json\/wp\/v2\/product_cat?post=48821"},{"taxonomy":"product_tag","embeddable":true,"href":"https:\/\/cndestetik.ch\/en\/wp-json\/wp\/v2\/product_tag?post=48821"}],"curies":[{"name":"wp","href":"https:\/\/api.w.org\/{rel}","templated":true}]}}