{"id":48794,"date":"2022-06-21T09:55:04","date_gmt":"2022-06-21T07:55:04","guid":{"rendered":"https:\/\/cndestetik.ch\/prodotto\/pain-relieving-body-mud\/"},"modified":"2025-01-23T09:33:43","modified_gmt":"2025-01-23T08:33:43","slug":"mud-body-arnica-and-lavender","status":"publish","type":"product","link":"https:\/\/cndestetik.ch\/en\/prodotto\/mud-body-arnica-and-lavender\/","title":{"rendered":"Arnica and Lavender Body Mud"},"content":{"rendered":"<p><span data-sheets-value=\"{\"1\":2,\"2\":\"Con Oleoliti Spagirici di Lavanda e Arnica. Microcosmo ha deciso di arricchire il suo fango base con gli oleoliti spagirici di Lavanda e Arnica unendo cos\u00ec le straordinarie propriet\u00e0 di queste due piante a quelle dell'argilla. Si tratta di un fango dalla cremosit\u00e0 vellutata e piacevole da usare per i trattamenti sia corpo che viso. LArgilla e la Lavanda donano al fango eccellenti propriet\u00e0 purificanti e detossinanti che unite al potere antinfiammatorio dell'argilla e dell'Arnica lo rendono un valido alleato anche contro i dolori articolari e muscolari.\\nPer cosa lo si pu\u00f2 usare (per ogni voce il consiglio \u00e8 di arricchire il fango base co OE e\/o OSS specifici):\\n-Pelle impura di viso e corpo, Follicolite, Infiammazioni osteo-articolari e muscolari, Ventre gonfio, Cellulite, Piedi infiammati e gonfi.\"}\" data-sheets-userformat=\"{\"2\":15297,\"3\":{\"1\":0},\"9\":0,\"10\":2,\"11\":0,\"12\":0,\"14\":{\"1\":2,\"2\":0},\"15\":\"Calibri\",\"16\":11}\">With Spagyric Oleolites of Lavender and Arnica. Microcosmo decided to enrich its base mud with spagyric oleolites of Lavender and Arnica, thus combining the extraordinary properties of these two plants with those of clay. This is a mud with a velvety creaminess that is pleasant to use for both body and facial treatments.  <\/span><\/p>\n<p><span data-sheets-value=\"{\"1\":2,\"2\":\"Con Oleoliti Spagirici di Lavanda e Arnica. Microcosmo ha deciso di arricchire il suo fango base con gli oleoliti spagirici di Lavanda e Arnica unendo cos\u00ec le straordinarie propriet\u00e0 di queste due piante a quelle dell'argilla. Si tratta di un fango dalla cremosit\u00e0 vellutata e piacevole da usare per i trattamenti sia corpo che viso. LArgilla e la Lavanda donano al fango eccellenti propriet\u00e0 purificanti e detossinanti che unite al potere antinfiammatorio dell'argilla e dell'Arnica lo rendono un valido alleato anche contro i dolori articolari e muscolari.\\nPer cosa lo si pu\u00f2 usare (per ogni voce il consiglio \u00e8 di arricchire il fango base co OE e\/o OSS specifici):\\n-Pelle impura di viso e corpo, Follicolite, Infiammazioni osteo-articolari e muscolari, Ventre gonfio, Cellulite, Piedi infiammati e gonfi.\"}\" data-sheets-userformat=\"{\"2\":15297,\"3\":{\"1\":0},\"9\":0,\"10\":2,\"11\":0,\"12\":0,\"14\":{\"1\":2,\"2\":0},\"15\":\"Calibri\",\"16\":11}\">Clay and Lavender give the mud excellent purifying and detoxifying properties, which combined with the anti-inflammatory power of clay and Arnica make it a valuable ally against joint and muscle pain as well.<br \/>\nWhat you can use it for (for each item, the advice is to enrich the base mud co OE and\/or specific OSS):<br \/>\n<\/span><\/p>\n<p><span data-sheets-value=\"{\"1\":2,\"2\":\"Con Oleoliti Spagirici di Lavanda e Arnica. Microcosmo ha deciso di arricchire il suo fango base con gli oleoliti spagirici di Lavanda e Arnica unendo cos\u00ec le straordinarie propriet\u00e0 di queste due piante a quelle dell'argilla. Si tratta di un fango dalla cremosit\u00e0 vellutata e piacevole da usare per i trattamenti sia corpo che viso. LArgilla e la Lavanda donano al fango eccellenti propriet\u00e0 purificanti e detossinanti che unite al potere antinfiammatorio dell'argilla e dell'Arnica lo rendono un valido alleato anche contro i dolori articolari e muscolari.\\nPer cosa lo si pu\u00f2 usare (per ogni voce il consiglio \u00e8 di arricchire il fango base co OE e\/o OSS specifici):\\n-Pelle impura di viso e corpo, Follicolite, Infiammazioni osteo-articolari e muscolari, Ventre gonfio, Cellulite, Piedi infiammati e gonfi.\"}\" data-sheets-userformat=\"{\"2\":15297,\"3\":{\"1\":0},\"9\":0,\"10\":2,\"11\":0,\"12\":0,\"14\":{\"1\":2,\"2\":0},\"15\":\"Calibri\",\"16\":11}\">Impure skin of face and body<\/span><\/p>\n<p><span data-sheets-value=\"{\"1\":2,\"2\":\"Con Oleoliti Spagirici di Lavanda e Arnica. Microcosmo ha deciso di arricchire il suo fango base con gli oleoliti spagirici di Lavanda e Arnica unendo cos\u00ec le straordinarie propriet\u00e0 di queste due piante a quelle dell'argilla. Si tratta di un fango dalla cremosit\u00e0 vellutata e piacevole da usare per i trattamenti sia corpo che viso. LArgilla e la Lavanda donano al fango eccellenti propriet\u00e0 purificanti e detossinanti che unite al potere antinfiammatorio dell'argilla e dell'Arnica lo rendono un valido alleato anche contro i dolori articolari e muscolari.\\nPer cosa lo si pu\u00f2 usare (per ogni voce il consiglio \u00e8 di arricchire il fango base co OE e\/o OSS specifici):\\n-Pelle impura di viso e corpo, Follicolite, Infiammazioni osteo-articolari e muscolari, Ventre gonfio, Cellulite, Piedi infiammati e gonfi.\"}\" data-sheets-userformat=\"{\"2\":15297,\"3\":{\"1\":0},\"9\":0,\"10\":2,\"11\":0,\"12\":0,\"14\":{\"1\":2,\"2\":0},\"15\":\"Calibri\",\"16\":11}\">Folliculitis<\/span><\/p>\n<p><span data-sheets-value=\"{\"1\":2,\"2\":\"Con Oleoliti Spagirici di Lavanda e Arnica. Microcosmo ha deciso di arricchire il suo fango base con gli oleoliti spagirici di Lavanda e Arnica unendo cos\u00ec le straordinarie propriet\u00e0 di queste due piante a quelle dell'argilla. Si tratta di un fango dalla cremosit\u00e0 vellutata e piacevole da usare per i trattamenti sia corpo che viso. LArgilla e la Lavanda donano al fango eccellenti propriet\u00e0 purificanti e detossinanti che unite al potere antinfiammatorio dell'argilla e dell'Arnica lo rendono un valido alleato anche contro i dolori articolari e muscolari.\\nPer cosa lo si pu\u00f2 usare (per ogni voce il consiglio \u00e8 di arricchire il fango base co OE e\/o OSS specifici):\\n-Pelle impura di viso e corpo, Follicolite, Infiammazioni osteo-articolari e muscolari, Ventre gonfio, Cellulite, Piedi infiammati e gonfi.\"}\" data-sheets-userformat=\"{\"2\":15297,\"3\":{\"1\":0},\"9\":0,\"10\":2,\"11\":0,\"12\":0,\"14\":{\"1\":2,\"2\":0},\"15\":\"Calibri\",\"16\":11}\">Osteo-articular and muscular inflammation<\/span><\/p>\n<p><span data-sheets-value=\"{\"1\":2,\"2\":\"Con Oleoliti Spagirici di Lavanda e Arnica. Microcosmo ha deciso di arricchire il suo fango base con gli oleoliti spagirici di Lavanda e Arnica unendo cos\u00ec le straordinarie propriet\u00e0 di queste due piante a quelle dell'argilla. Si tratta di un fango dalla cremosit\u00e0 vellutata e piacevole da usare per i trattamenti sia corpo che viso. LArgilla e la Lavanda donano al fango eccellenti propriet\u00e0 purificanti e detossinanti che unite al potere antinfiammatorio dell'argilla e dell'Arnica lo rendono un valido alleato anche contro i dolori articolari e muscolari.\\nPer cosa lo si pu\u00f2 usare (per ogni voce il consiglio \u00e8 di arricchire il fango base co OE e\/o OSS specifici):\\n-Pelle impura di viso e corpo, Follicolite, Infiammazioni osteo-articolari e muscolari, Ventre gonfio, Cellulite, Piedi infiammati e gonfi.\"}\" data-sheets-userformat=\"{\"2\":15297,\"3\":{\"1\":0},\"9\":0,\"10\":2,\"11\":0,\"12\":0,\"14\":{\"1\":2,\"2\":0},\"15\":\"Calibri\",\"16\":11}\">Swollen belly<\/span><\/p>\n<p><span data-sheets-value=\"{\"1\":2,\"2\":\"Con Oleoliti Spagirici di Lavanda e Arnica. Microcosmo ha deciso di arricchire il suo fango base con gli oleoliti spagirici di Lavanda e Arnica unendo cos\u00ec le straordinarie propriet\u00e0 di queste due piante a quelle dell'argilla. Si tratta di un fango dalla cremosit\u00e0 vellutata e piacevole da usare per i trattamenti sia corpo che viso. LArgilla e la Lavanda donano al fango eccellenti propriet\u00e0 purificanti e detossinanti che unite al potere antinfiammatorio dell'argilla e dell'Arnica lo rendono un valido alleato anche contro i dolori articolari e muscolari.\\nPer cosa lo si pu\u00f2 usare (per ogni voce il consiglio \u00e8 di arricchire il fango base co OE e\/o OSS specifici):\\n-Pelle impura di viso e corpo, Follicolite, Infiammazioni osteo-articolari e muscolari, Ventre gonfio, Cellulite, Piedi infiammati e gonfi.\"}\" data-sheets-userformat=\"{\"2\":15297,\"3\":{\"1\":0},\"9\":0,\"10\":2,\"11\":0,\"12\":0,\"14\":{\"1\":2,\"2\":0},\"15\":\"Calibri\",\"16\":11}\">Cellulite<\/span><\/p>\n<p><span data-sheets-value=\"{\"1\":2,\"2\":\"Con Oleoliti Spagirici di Lavanda e Arnica. Microcosmo ha deciso di arricchire il suo fango base con gli oleoliti spagirici di Lavanda e Arnica unendo cos\u00ec le straordinarie propriet\u00e0 di queste due piante a quelle dell'argilla. Si tratta di un fango dalla cremosit\u00e0 vellutata e piacevole da usare per i trattamenti sia corpo che viso. LArgilla e la Lavanda donano al fango eccellenti propriet\u00e0 purificanti e detossinanti che unite al potere antinfiammatorio dell'argilla e dell'Arnica lo rendono un valido alleato anche contro i dolori articolari e muscolari.\\nPer cosa lo si pu\u00f2 usare (per ogni voce il consiglio \u00e8 di arricchire il fango base co OE e\/o OSS specifici):\\n-Pelle impura di viso e corpo, Follicolite, Infiammazioni osteo-articolari e muscolari, Ventre gonfio, Cellulite, Piedi infiammati e gonfi.\"}\" data-sheets-userformat=\"{\"2\":15297,\"3\":{\"1\":0},\"9\":0,\"10\":2,\"11\":0,\"12\":0,\"14\":{\"1\":2,\"2\":0},\"15\":\"Calibri\",\"16\":11}\">Inflamed and swollen feet.<\/span><\/p>\n","protected":false},"excerpt":{"rendered":"<p>Body Mud with <span data-sheets-value=\"{\"1\":2,\"2\":\"Con Oleoliti Spagirici di Lavanda e Arnica. Microcosmo ha deciso di arricchire il suo fango base con gli oleoliti spagirici di Lavanda e Arnica unendo cos\u00ec le straordinarie propriet\u00e0 di queste due piante a quelle dell'argilla. Si tratta di un fango dalla cremosit\u00e0 vellutata e piacevole da usare per i trattamenti sia corpo che viso. LArgilla e la Lavanda donano al fango eccellenti propriet\u00e0 purificanti e detossinanti che unite al potere antinfiammatorio dell'argilla e dell'Arnica lo rendono un valido alleato anche contro i dolori articolari e muscolari.\\nPer cosa lo si pu\u00f2 usare (per ogni voce il consiglio \u00e8 di arricchire il fango base co OE e\/o OSS specifici):\\n-Pelle impura di viso e corpo, Follicolite, Infiammazioni osteo-articolari e muscolari, Ventre gonfio, Cellulite, Piedi infiammati e gonfi.\"}\" data-sheets-userformat=\"{\"2\":15297,\"3\":{\"1\":0},\"9\":0,\"10\":2,\"11\":0,\"12\":0,\"14\":{\"1\":2,\"2\":0},\"15\":\"Calibri\",\"16\":11}\">Spagyric Oleolites of Lavender and Arnica<\/span>.<\/p>\n","protected":false},"featured_media":49015,"template":"","meta":{"_acf_changed":false},"product_brand":[],"product_cat":[12986,1493,12981,11232],"product_tag":[4816,1716,4578,505,3811],"class_list":{"0":"post-48794","1":"product","2":"type-product","3":"status-publish","4":"has-post-thumbnail","6":"product_cat-body-en","7":"product_cat-cosmetics","8":"product_cat-microcosm","9":"product_cat-physiotherapy","10":"product_tag-arnica-en","11":"product_tag-body-en","12":"product_tag-clay-en","13":"product_tag-lavender","14":"product_tag-mud","15":"pa_formato-1-2kg-en","16":"pa_formato-500g-en","18":"first","19":"instock","20":"taxable","21":"shipping-taxable","22":"purchasable","23":"product-type-variable"},"acf":[],"jetpack_sharing_enabled":true,"_links":{"self":[{"href":"https:\/\/cndestetik.ch\/en\/wp-json\/wp\/v2\/product\/48794","targetHints":{"allow":["GET"]}}],"collection":[{"href":"https:\/\/cndestetik.ch\/en\/wp-json\/wp\/v2\/product"}],"about":[{"href":"https:\/\/cndestetik.ch\/en\/wp-json\/wp\/v2\/types\/product"}],"wp:featuredmedia":[{"embeddable":true,"href":"https:\/\/cndestetik.ch\/en\/wp-json\/wp\/v2\/media\/49015"}],"wp:attachment":[{"href":"https:\/\/cndestetik.ch\/en\/wp-json\/wp\/v2\/media?parent=48794"}],"wp:term":[{"taxonomy":"product_brand","embeddable":true,"href":"https:\/\/cndestetik.ch\/en\/wp-json\/wp\/v2\/product_brand?post=48794"},{"taxonomy":"product_cat","embeddable":true,"href":"https:\/\/cndestetik.ch\/en\/wp-json\/wp\/v2\/product_cat?post=48794"},{"taxonomy":"product_tag","embeddable":true,"href":"https:\/\/cndestetik.ch\/en\/wp-json\/wp\/v2\/product_tag?post=48794"}],"curies":[{"name":"wp","href":"https:\/\/api.w.org\/{rel}","templated":true}]}}