{"id":48787,"date":"2022-06-20T16:41:59","date_gmt":"2022-06-20T14:41:59","guid":{"rendered":"https:\/\/cndestetik.ch\/prodotto\/pain-relief-ointment\/"},"modified":"2025-01-23T09:33:12","modified_gmt":"2025-01-23T08:33:12","slug":"ointment-pain-relieving","status":"publish","type":"product","link":"https:\/\/cndestetik.ch\/en\/prodotto\/ointment-pain-relieving\/","title":{"rendered":"Pain Relief Ointment"},"content":{"rendered":"<p><span data-sheets-value=\"{\"1\":2,\"2\":\"Oleoliti Spagirici di Iperico e Lavanda - Oli Essenziali di Chiodi di Garofano, Rosmarino e Canfora. L'oleolito di Iperico \u00e8 tradizionalmente usato come antinfiammatorio per muscoli e articolazioni. L'oleolito di lavanda ha ottime propriet\u00e0 rilassanti sulla muscolatura. Uniti a oli essenziali con propriet\u00e0 antinfiammatorie e riattivanti della circolazione rendono questo unguento particolarmente indicato come analgesico, per dolori reumatici, cervicali, lombari e contratture muscolari.\\n\\nL'unguento ha origini molto antiche, \u00e8 una preparazione per uso esterno in fase grassa. Gli unguenti Microcosmo contengono come base il burro di Karit\u00e8, la cera d'api e gli oli vegetali. La sostanza funzionale \u00e8 rappresentata dagli oleoliti spagirici e dagli oli essenziali. Gli oleoliti spagirici, estratti con olio di ricino secondo le tecniche della spagiria, hanno ottime propriet\u00e0 chimiche ed energetiche. Esse sono valorizzate ed amplificate dagli oli essenziali che caratterizzano anche il profumo degli unguenti.\"}\" data-sheets-userformat=\"{\"2\":15297,\"3\":{\"1\":0},\"9\":0,\"10\":2,\"11\":0,\"12\":0,\"14\":{\"1\":2,\"2\":0},\"15\":\"Calibri\",\"16\":11}\">Spagyric Oleolites of Hypericum and Lavender &#8211; Essential Oils of Clove, Rosemary and Camphor.  <\/span><\/p>\n<p><span data-sheets-value=\"{\"1\":2,\"2\":\"Oleoliti Spagirici di Iperico e Lavanda - Oli Essenziali di Chiodi di Garofano, Rosmarino e Canfora. L'oleolito di Iperico \u00e8 tradizionalmente usato come antinfiammatorio per muscoli e articolazioni. L'oleolito di lavanda ha ottime propriet\u00e0 rilassanti sulla muscolatura. Uniti a oli essenziali con propriet\u00e0 antinfiammatorie e riattivanti della circolazione rendono questo unguento particolarmente indicato come analgesico, per dolori reumatici, cervicali, lombari e contratture muscolari.\\n\\nL'unguento ha origini molto antiche, \u00e8 una preparazione per uso esterno in fase grassa. Gli unguenti Microcosmo contengono come base il burro di Karit\u00e8, la cera d'api e gli oli vegetali. La sostanza funzionale \u00e8 rappresentata dagli oleoliti spagirici e dagli oli essenziali. Gli oleoliti spagirici, estratti con olio di ricino secondo le tecniche della spagiria, hanno ottime propriet\u00e0 chimiche ed energetiche. Esse sono valorizzate ed amplificate dagli oli essenziali che caratterizzano anche il profumo degli unguenti.\"}\" data-sheets-userformat=\"{\"2\":15297,\"3\":{\"1\":0},\"9\":0,\"10\":2,\"11\":0,\"12\":0,\"14\":{\"1\":2,\"2\":0},\"15\":\"Calibri\",\"16\":11}\">Hypericum oleolite is traditionally used as an anti-inflammatory for muscles and joints. Lavender oleolite has excellent relaxing properties on the muscles. Combined with essential oils with anti-inflammatory and circulation-reactivating properties make this ointment particularly suitable as an analgesic, for rheumatic, neck, lower back pain and muscle contractures.<\/span><\/p>\n<p>Ointment has very ancient origins; it is a preparation for external use in the oily phase. Microcosmo ointments contain Shea butter, beeswax and vegetable oils as their base. The functional substance is spagyric oleolites and essential oils. Spagyric oleolites, extracted with castor oil according to spagyric techniques, have excellent chemical and energetic properties. They are enhanced and amplified by the essential oils that also characterize the scent of the ointments.<\/p>\n<p>Size: 50ml<\/p>\n","protected":false},"excerpt":{"rendered":"<p>Ointment applicable as an analgesic, combats muscle pain.<\/p>\n","protected":false},"featured_media":49136,"template":"","meta":{"_acf_changed":false},"product_brand":[],"product_cat":[12986,1493,12981,11232],"product_tag":[7275,7277,7286,7282,7156,1881],"class_list":{"0":"post-48787","1":"product","2":"type-product","3":"status-publish","4":"has-post-thumbnail","6":"product_cat-body-en","7":"product_cat-cosmetics","8":"product_cat-microcosm","9":"product_cat-physiotherapy","10":"product_tag-analgesic","11":"product_tag-cervical","12":"product_tag-lumbar","13":"product_tag-muscle-aches","14":"product_tag-ointment","15":"product_tag-st-johns-wort","17":"first","18":"instock","19":"taxable","20":"shipping-taxable","21":"purchasable","22":"product-type-simple"},"acf":[],"jetpack_sharing_enabled":true,"_links":{"self":[{"href":"https:\/\/cndestetik.ch\/en\/wp-json\/wp\/v2\/product\/48787","targetHints":{"allow":["GET"]}}],"collection":[{"href":"https:\/\/cndestetik.ch\/en\/wp-json\/wp\/v2\/product"}],"about":[{"href":"https:\/\/cndestetik.ch\/en\/wp-json\/wp\/v2\/types\/product"}],"wp:featuredmedia":[{"embeddable":true,"href":"https:\/\/cndestetik.ch\/en\/wp-json\/wp\/v2\/media\/49136"}],"wp:attachment":[{"href":"https:\/\/cndestetik.ch\/en\/wp-json\/wp\/v2\/media?parent=48787"}],"wp:term":[{"taxonomy":"product_brand","embeddable":true,"href":"https:\/\/cndestetik.ch\/en\/wp-json\/wp\/v2\/product_brand?post=48787"},{"taxonomy":"product_cat","embeddable":true,"href":"https:\/\/cndestetik.ch\/en\/wp-json\/wp\/v2\/product_cat?post=48787"},{"taxonomy":"product_tag","embeddable":true,"href":"https:\/\/cndestetik.ch\/en\/wp-json\/wp\/v2\/product_tag?post=48787"}],"curies":[{"name":"wp","href":"https:\/\/api.w.org\/{rel}","templated":true}]}}