{"id":48784,"date":"2022-06-22T10:39:06","date_gmt":"2022-06-22T08:39:06","guid":{"rendered":"https:\/\/cndestetik.ch\/prodotto\/blueberry-hydro-glycerinate\/"},"modified":"2025-01-23T09:46:25","modified_gmt":"2025-01-23T08:46:25","slug":"hydro-glycerinate-of-myrtle","status":"publish","type":"product","link":"https:\/\/cndestetik.ch\/en\/prodotto\/hydro-glycerinate-of-myrtle\/","title":{"rendered":"Blueberry Hydro-glycerinate"},"content":{"rendered":"<p><span data-sheets-value=\"{\"1\":2,\"2\":\"Questi estratti si possono utilizzare direttamente sulla pelle del viso e del corpo o in aggiunta ad altre basi (crema, gel o oli)\\nHa propriet\u00e0 disarrossante, vasoprotettore, astringente. Il suo utilizzo \u00e8 diffuso nelle preparazioni destinate al trattamento di pelli sensibili, arrossate e fragili, nonch\u00e8 al trattamento della couperose. Il mirtillo agisce proteggendo le pareti dei capillari pi\u00f9 fragili; in questo modo migliora la microcircolazione sottocutanea alleviando i rossori.\"}\" data-sheets-userformat=\"{\"2\":15297,\"3\":{\"1\":0},\"9\":0,\"10\":2,\"11\":0,\"12\":0,\"14\":{\"1\":2,\"2\":0},\"15\":\"Calibri\",\"16\":11}\">These extracts can be used directly on the skin of the face and body or in addition to other bases (cream, gels, or oils)<br \/>\nIt has de-reddening, vasoprotective, astringent properties. Its use is widespread in preparations intended for the treatment of sensitive, reddened and fragile skin, as well as for the treatment of rosacea.  <\/span><\/p>\n<p><span data-sheets-value=\"{\"1\":2,\"2\":\"Questi estratti si possono utilizzare direttamente sulla pelle del viso e del corpo o in aggiunta ad altre basi (crema, gel o oli)\\nHa propriet\u00e0 disarrossante, vasoprotettore, astringente. Il suo utilizzo \u00e8 diffuso nelle preparazioni destinate al trattamento di pelli sensibili, arrossate e fragili, nonch\u00e8 al trattamento della couperose. Il mirtillo agisce proteggendo le pareti dei capillari pi\u00f9 fragili; in questo modo migliora la microcircolazione sottocutanea alleviando i rossori.\"}\" data-sheets-userformat=\"{\"2\":15297,\"3\":{\"1\":0},\"9\":0,\"10\":2,\"11\":0,\"12\":0,\"14\":{\"1\":2,\"2\":0},\"15\":\"Calibri\",\"16\":11}\">Bilberry works by protecting the walls of the most fragile capillaries; thus, it improves subcutaneous microcirculation by relieving redness.<\/span><\/p>\n<p>Size: 30ml<\/p>\n","protected":false},"excerpt":{"rendered":"<p>Blueberry Hydro-Glycerinate, <span data-sheets-value=\"{\"1\":2,\"2\":\"Questi estratti si possono utilizzare direttamente sulla pelle del viso e del corpo o in aggiunta ad altre basi (crema, gel o oli)\\nHa propriet\u00e0 disarrossante, vasoprotettore, astringente. Il suo utilizzo \u00e8 diffuso nelle preparazioni destinate al trattamento di pelli sensibili, arrossate e fragili, nonch\u00e8 al trattamento della couperose. Il mirtillo agisce proteggendo le pareti dei capillari pi\u00f9 fragili; in questo modo migliora la microcircolazione sottocutanea alleviando i rossori.\"}\" data-sheets-userformat=\"{\"2\":15297,\"3\":{\"1\":0},\"9\":0,\"10\":2,\"11\":0,\"12\":0,\"14\":{\"1\":2,\"2\":0},\"15\":\"Calibri\",\"16\":11}\">disarresting, vasoprotective and astringent<\/span>.<\/p>\n","protected":false},"featured_media":46932,"template":"","meta":{"_acf_changed":false},"product_brand":[],"product_cat":[12986,1493,12990,12981],"product_tag":[7273,7195,435,3594,7236,7246,7254,9823],"class_list":{"0":"post-48784","1":"product","2":"type-product","3":"status-publish","4":"has-post-thumbnail","6":"product_cat-body-en","7":"product_cat-cosmetics","8":"product_cat-face","9":"product_cat-microcosm","10":"product_tag-alleviating","11":"product_tag-astringent","12":"product_tag-blueberry","13":"product_tag-cellulite-en","14":"product_tag-glycerinate","15":"product_tag-hydro","16":"product_tag-hydro-glycerinate","17":"product_tag-reddening-agent","19":"first","20":"instock","21":"taxable","22":"shipping-taxable","23":"purchasable","24":"product-type-simple"},"acf":[],"jetpack_sharing_enabled":true,"_links":{"self":[{"href":"https:\/\/cndestetik.ch\/en\/wp-json\/wp\/v2\/product\/48784","targetHints":{"allow":["GET"]}}],"collection":[{"href":"https:\/\/cndestetik.ch\/en\/wp-json\/wp\/v2\/product"}],"about":[{"href":"https:\/\/cndestetik.ch\/en\/wp-json\/wp\/v2\/types\/product"}],"wp:featuredmedia":[{"embeddable":true,"href":"https:\/\/cndestetik.ch\/en\/wp-json\/wp\/v2\/media\/46932"}],"wp:attachment":[{"href":"https:\/\/cndestetik.ch\/en\/wp-json\/wp\/v2\/media?parent=48784"}],"wp:term":[{"taxonomy":"product_brand","embeddable":true,"href":"https:\/\/cndestetik.ch\/en\/wp-json\/wp\/v2\/product_brand?post=48784"},{"taxonomy":"product_cat","embeddable":true,"href":"https:\/\/cndestetik.ch\/en\/wp-json\/wp\/v2\/product_cat?post=48784"},{"taxonomy":"product_tag","embeddable":true,"href":"https:\/\/cndestetik.ch\/en\/wp-json\/wp\/v2\/product_tag?post=48784"}],"curies":[{"name":"wp","href":"https:\/\/api.w.org\/{rel}","templated":true}]}}