{"id":48769,"date":"2022-06-22T10:48:47","date_gmt":"2022-06-22T08:48:47","guid":{"rendered":"https:\/\/cndestetik.ch\/prodotto\/hydro-glycerinate-of-horsetail\/"},"modified":"2025-01-23T09:47:44","modified_gmt":"2025-01-23T08:47:44","slug":"hydro-glycerinate-of-horsetail","status":"publish","type":"product","link":"https:\/\/cndestetik.ch\/en\/prodotto\/hydro-glycerinate-of-horsetail\/","title":{"rendered":"Hydro-Glycerinate of Horsetail"},"content":{"rendered":"<p><span data-sheets-value=\"{\"1\":2,\"2\":\"Questi estratti si possono utilizzare direttamente sulla pelle del viso e del corpo o in aggiunta ad altre basi (crema, gel o oli)\\nHa propriet\u00e0 rimineralizzante, per pelli rilassate, rugose, disidratate e atone. Una delle caratteristiche fondamentali dell'equiseto \u00e8 l'elevato contenuto di silice, sali di potassio, equisetonina e flavonoidi, che ne fanno una delle piante pi\u00f9 rimineralizzanti pi\u00f9 valide ed utilizzate nella fitocosmetica. Esso aiuta a fortificare i tessuti rendendo la pelle pi\u00f9 luminosa e brillante.\\n\\n\"}\" data-sheets-userformat=\"{\"2\":15297,\"3\":{\"1\":0},\"9\":0,\"10\":2,\"11\":0,\"12\":0,\"14\":{\"1\":2,\"2\":0},\"15\":\"Calibri\",\"16\":11}\">These extracts can be used directly on the skin of the face and body or in addition to other bases (cream, gels, or oils)<br \/>\nIt has remineralizing properties, for relaxed, wrinkled, dehydrated, and atonic skin.  <\/span><\/p>\n<p><span data-sheets-value=\"{\"1\":2,\"2\":\"Questi estratti si possono utilizzare direttamente sulla pelle del viso e del corpo o in aggiunta ad altre basi (crema, gel o oli)\\nHa propriet\u00e0 rimineralizzante, per pelli rilassate, rugose, disidratate e atone. Una delle caratteristiche fondamentali dell'equiseto \u00e8 l'elevato contenuto di silice, sali di potassio, equisetonina e flavonoidi, che ne fanno una delle piante pi\u00f9 rimineralizzanti pi\u00f9 valide ed utilizzate nella fitocosmetica. Esso aiuta a fortificare i tessuti rendendo la pelle pi\u00f9 luminosa e brillante.\\n\\n\"}\" data-sheets-userformat=\"{\"2\":15297,\"3\":{\"1\":0},\"9\":0,\"10\":2,\"11\":0,\"12\":0,\"14\":{\"1\":2,\"2\":0},\"15\":\"Calibri\",\"16\":11}\">One of the key characteristics of horsetail is its high content of silica, potassium salts, equisetonin, and flavonoids, making it one of the most valuable remineralizing plants used in phytocosmetics. It helps fortify tissues making the skin brighter and more brilliant.<\/span><\/p>\n<p>&nbsp;<\/p>\n<p>Size: 30ml<\/p>\n","protected":false},"excerpt":{"rendered":"<p><span data-sheets-value=\"{\"1\":2,\"2\":\"Questi estratti si possono utilizzare direttamente sulla pelle del viso e del corpo o in aggiunta ad altre basi (crema, gel o oli)nHa propriet\u00e0 tonificante, rivitalizzante, elasticizzante. I preparati a base di luppolo vengono utilizzati con molto successo nel trattamento di pelli atone, rugose, poco elastiche, sottili e rilassate. La sua caratteristica azione tonificante sui tessuti cutanei \u00e8 molta utilizzata anche nei trattamenti corpo rassodanti (seno, ventre, gambe)\"}\" data-sheets-userformat=\"{\"2\":15297,\"3\":{\"1\":0},\"9\":0,\"10\":2,\"11\":0,\"12\":0,\"14\":{\"1\":2,\"2\":0},\"15\":\"Calibri\",\"16\":11}\">Horsetail hydro-glycerinate, remineralizing, for relaxed, wrinkled, dehydrated and atonic skin.<\/span><\/p>\n","protected":false},"featured_media":54110,"template":"","meta":{"_acf_changed":false},"product_brand":[],"product_cat":[12986,1493,12990,12981,9905],"product_tag":[9820,7236,610,7246,7254,737],"class_list":{"0":"post-48769","1":"product","2":"type-product","3":"status-publish","4":"has-post-thumbnail","6":"product_cat-body-en","7":"product_cat-cosmetics","8":"product_cat-face","9":"product_cat-microcosm","10":"product_cat-pink-bird-en","11":"product_tag-fortifying","12":"product_tag-glycerinate","13":"product_tag-horsetail","14":"product_tag-hydro","15":"product_tag-hydro-glycerinate","16":"product_tag-illuminating","18":"first","19":"instock","20":"taxable","21":"shipping-taxable","22":"purchasable","23":"product-type-simple"},"acf":[],"jetpack_sharing_enabled":true,"_links":{"self":[{"href":"https:\/\/cndestetik.ch\/en\/wp-json\/wp\/v2\/product\/48769","targetHints":{"allow":["GET"]}}],"collection":[{"href":"https:\/\/cndestetik.ch\/en\/wp-json\/wp\/v2\/product"}],"about":[{"href":"https:\/\/cndestetik.ch\/en\/wp-json\/wp\/v2\/types\/product"}],"wp:featuredmedia":[{"embeddable":true,"href":"https:\/\/cndestetik.ch\/en\/wp-json\/wp\/v2\/media\/54110"}],"wp:attachment":[{"href":"https:\/\/cndestetik.ch\/en\/wp-json\/wp\/v2\/media?parent=48769"}],"wp:term":[{"taxonomy":"product_brand","embeddable":true,"href":"https:\/\/cndestetik.ch\/en\/wp-json\/wp\/v2\/product_brand?post=48769"},{"taxonomy":"product_cat","embeddable":true,"href":"https:\/\/cndestetik.ch\/en\/wp-json\/wp\/v2\/product_cat?post=48769"},{"taxonomy":"product_tag","embeddable":true,"href":"https:\/\/cndestetik.ch\/en\/wp-json\/wp\/v2\/product_tag?post=48769"}],"curies":[{"name":"wp","href":"https:\/\/api.w.org\/{rel}","templated":true}]}}