{"id":48746,"date":"2022-06-20T10:55:49","date_gmt":"2022-06-20T08:55:49","guid":{"rendered":"https:\/\/cndestetik.ch\/prodotto\/soothing-dry-oil\/"},"modified":"2025-01-23T09:31:50","modified_gmt":"2025-01-23T08:31:50","slug":"oil-dry-soothing","status":"publish","type":"product","link":"https:\/\/cndestetik.ch\/en\/prodotto\/oil-dry-soothing\/","title":{"rendered":"Soothing Dry Oil"},"content":{"rendered":"<p><span data-sheets-value=\"{\"1\":2,\"2\":\"Illumina ed ammorbidisce la cute. Grazie all\u2019Estratto Spagirico di Calendula \u00e8 un ottimo lenitivo, ideale per la pelle arrossata dai raggi solari. \u00c8 stato studiato per dare nutrimento senza ungere. Si pu\u00f2 applicare anche prima di entrare in piscina per evitare di essere aggrediti dal cloro; adatto anche alla protezione dei capelli.\"}\" data-sheets-userformat=\"{\"2\":15297,\"3\":{\"1\":0},\"9\":0,\"10\":2,\"11\":0,\"12\":0,\"14\":{\"1\":2,\"2\":0},\"15\":\"Calibri\",\"16\":11}\">Brightens and softens the skin. Thanks to the Spagyric Extract of Calendula, it is an excellent soother, ideal for skin reddened by the sun&#8217;s rays. It is designed to give nourishment without greasiness. It can also be applied before entering the pool to avoid being attacked by chlorine; also suitable for hair protection.<\/span><\/p>\n<p>Size: 125ml.<\/p>\n","protected":false},"excerpt":{"rendered":"<p><span data-sheets-value=\"{\"1\":2,\"2\":\"Illumina ed ammorbidisce la cute. Grazie all\u2019Estratto Spagirico di Calendula \u00e8 un ottimo lenitivo, ideale per la pelle arrossata dai raggi solari. \u00c8 stato studiato per dare nutrimento senza ungere. Si pu\u00f2 applicare anche prima di entrare in piscina per evitare di essere aggrediti dal cloro; adatto anche alla protezione dei capelli.\"}\" data-sheets-userformat=\"{\"2\":15297,\"3\":{\"1\":0},\"9\":0,\"10\":2,\"11\":0,\"12\":0,\"14\":{\"1\":2,\"2\":0},\"15\":\"Calibri\",\"16\":11}\">Soothing dry oil, ideal for sunburned skin.<\/span><\/p>\n","protected":false},"featured_media":49120,"template":"","meta":{"_acf_changed":false},"product_brand":[],"product_cat":[12986,1493,12981,9905],"product_tag":[4149,7215,2188,567],"class_list":{"0":"post-48746","1":"product","2":"type-product","3":"status-publish","4":"has-post-thumbnail","6":"product_cat-body-en","7":"product_cat-cosmetics","8":"product_cat-microcosm","9":"product_cat-pink-bird-en","10":"product_tag-dry-en","11":"product_tag-dry-oil","12":"product_tag-oil-en-2","13":"product_tag-soothing","14":"pa_formato-125ml-en","15":"pa_formato-500ml-en","17":"first","18":"instock","19":"taxable","20":"shipping-taxable","21":"purchasable","22":"product-type-variable"},"acf":[],"jetpack_sharing_enabled":true,"_links":{"self":[{"href":"https:\/\/cndestetik.ch\/en\/wp-json\/wp\/v2\/product\/48746","targetHints":{"allow":["GET"]}}],"collection":[{"href":"https:\/\/cndestetik.ch\/en\/wp-json\/wp\/v2\/product"}],"about":[{"href":"https:\/\/cndestetik.ch\/en\/wp-json\/wp\/v2\/types\/product"}],"wp:featuredmedia":[{"embeddable":true,"href":"https:\/\/cndestetik.ch\/en\/wp-json\/wp\/v2\/media\/49120"}],"wp:attachment":[{"href":"https:\/\/cndestetik.ch\/en\/wp-json\/wp\/v2\/media?parent=48746"}],"wp:term":[{"taxonomy":"product_brand","embeddable":true,"href":"https:\/\/cndestetik.ch\/en\/wp-json\/wp\/v2\/product_brand?post=48746"},{"taxonomy":"product_cat","embeddable":true,"href":"https:\/\/cndestetik.ch\/en\/wp-json\/wp\/v2\/product_cat?post=48746"},{"taxonomy":"product_tag","embeddable":true,"href":"https:\/\/cndestetik.ch\/en\/wp-json\/wp\/v2\/product_tag?post=48746"}],"curies":[{"name":"wp","href":"https:\/\/api.w.org\/{rel}","templated":true}]}}