{"id":48704,"date":"2022-06-20T10:27:57","date_gmt":"2022-06-20T08:27:57","guid":{"rendered":"https:\/\/cndestetik.ch\/prodotto\/horsetail-salis\/"},"modified":"2025-01-23T09:31:45","modified_gmt":"2025-01-23T08:31:45","slug":"horsetail-salis","status":"publish","type":"product","link":"https:\/\/cndestetik.ch\/en\/prodotto\/horsetail-salis\/","title":{"rendered":"Horsetail Salis"},"content":{"rendered":"<p><span data-sheets-value=\"{\"1\":2,\"2\":\"Il sale inglese, che \u00e8 solfato di magnesio idratato, \u00e8 un materiale naturale al 100% che prende il suo nome da Epsom, una citt\u00e0 del sud dell'inghilterra dove il sale viene ottenuto dall'acqua delle terme locali. Visto che la nostra pelle assorbe liquidi e farmaci \u00e8 in grado di farlo anche con i preziosi minerali trovati nell'acqua. I risultati sono straordinari. I sali di Epsom hanno un potere drenante e detossinante che \u00e8 visibile dopo il primo trattamento, ma che si mette in evidenza continuando il lavoro con costanza e ottenendo grandi risultati anche su situazioni gravi come l'obesit\u00e0. Sono un eccellente alleato per chi ha problematiche legate alla ritenzione idrica essendo in grado di scardinare questo meccanismo che crea sempre pi\u00f9 disagi al benessere quotidiano. Ottimi nel dimagrimento e coadiuvanti nel trattamento della cellulite e della circolazione sanguigna, in quanto hanno anche la capacit\u00e0 di proteggere i capillari donando un piacevole senso di leggerezza alle gambe stanche. Consigliati alle donne in gravidanza per mantenere le gambe leggere, sgonfie e per proteggere la microcircolazione linfatica.\\n\\nCONSIGLI PER L'UTILIZZO:\\nI sali di Epsom si possono utilizzare con i bendaggi o con i pantasalis per chi ne dispone. Si procede preparando una soluzione di acqua e sale di Epsom imbibendo i bendaggi e facendoli indossare per 30 min. Microcapsulazione: si tratta di un particolare procedimento che insedia i principi attivi nelle fibre e garantisce un rilascio graduale e uniforme sulla cute. Questa tecnologia permette di abbinare in maniera estremamente efficace i benefici dei principi attivi dei sali di Epsom alla compressione graduata ottenuta con i pantasalis o con i bendaggi. Il risultato \u00e8 un piacevole massaggio che dona leggerezza alle gambe e si prende cura dei capillari drenando in profondit\u00e0 e detossinando l'organismo. I sali di Epsom possono essere utilizzati come pediluvio o come peeling corpo mischiandoli ad un olio vegetale.\"}\" data-sheets-userformat=\"{\"2\":15297,\"3\":{\"1\":0},\"9\":0,\"10\":2,\"11\":0,\"12\":0,\"14\":{\"1\":2,\"2\":0},\"15\":\"Calibri\",\"16\":11}\"><span style=\"vertical-align: inherit\"><span style=\"vertical-align: inherit\">Epsom salts have a draining and detoxifying power that is visible after the first treatment, but it becomes evident by continuing the work consistently and getting great results.<\/span><\/span><\/span><\/p>\n<p><span data-sheets-value=\"{\"1\":2,\"2\":\"Il sale inglese, che \u00e8 solfato di magnesio idratato, \u00e8 un materiale naturale al 100% che prende il suo nome da Epsom, una citt\u00e0 del sud dell'inghilterra dove il sale viene ottenuto dall'acqua delle terme locali. Visto che la nostra pelle assorbe liquidi e farmaci \u00e8 in grado di farlo anche con i preziosi minerali trovati nell'acqua. I risultati sono straordinari. I sali di Epsom hanno un potere drenante e detossinante che \u00e8 visibile dopo il primo trattamento, ma che si mette in evidenza continuando il lavoro con costanza e ottenendo grandi risultati anche su situazioni gravi come l'obesit\u00e0. Sono un eccellente alleato per chi ha problematiche legate alla ritenzione idrica essendo in grado di scardinare questo meccanismo che crea sempre pi\u00f9 disagi al benessere quotidiano. Ottimi nel dimagrimento e coadiuvanti nel trattamento della cellulite e della circolazione sanguigna, in quanto hanno anche la capacit\u00e0 di proteggere i capillari donando un piacevole senso di leggerezza alle gambe stanche. Consigliati alle donne in gravidanza per mantenere le gambe leggere, sgonfie e per proteggere la microcircolazione linfatica.\\n\\nCONSIGLI PER L'UTILIZZO:\\nI sali di Epsom si possono utilizzare con i bendaggi o con i pantasalis per chi ne dispone. Si procede preparando una soluzione di acqua e sale di Epsom imbibendo i bendaggi e facendoli indossare per 30 min. Microcapsulazione: si tratta di un particolare procedimento che insedia i principi attivi nelle fibre e garantisce un rilascio graduale e uniforme sulla cute. Questa tecnologia permette di abbinare in maniera estremamente efficace i benefici dei principi attivi dei sali di Epsom alla compressione graduata ottenuta con i pantasalis o con i bendaggi. Il risultato \u00e8 un piacevole massaggio che dona leggerezza alle gambe e si prende cura dei capillari drenando in profondit\u00e0 e detossinando l'organismo. I sali di Epsom possono essere utilizzati come pediluvio o come peeling corpo mischiandoli ad un olio vegetale.\"}\" data-sheets-userformat=\"{\"2\":15297,\"3\":{\"1\":0},\"9\":0,\"10\":2,\"11\":0,\"12\":0,\"14\":{\"1\":2,\"2\":0},\"15\":\"Calibri\",\"16\":11}\"><span style=\"vertical-align: inherit\"><span style=\"vertical-align: inherit\">The combination with horsetail makes Epsom salt suitable for remineralizing skin treatments.<\/span><\/span><\/span><\/p>\n<p><span style=\"vertical-align: inherit\"><span style=\"vertical-align: inherit\">Making peels with Equisetum salis helps to drain and detoxify the skin thoroughly as well as remineralize it.  <\/span><span style=\"vertical-align: inherit\">The result will be a toned and glowing skin.<\/span><\/span><\/p>\n<p><span style=\"vertical-align: inherit\"><span style=\"vertical-align: inherit\">Ideal during seasonal changes , before or after the vacations as a treatment to make the skin sun-ready and to prolong the tan.<\/span><\/span><\/p>\n<p><span style=\"vertical-align: inherit\"><span style=\"vertical-align: inherit\">TIPS FOR USE:  <\/span><\/span><br \/>\n<span style=\"vertical-align: inherit\"><span style=\"vertical-align: inherit\">Prepare horsetail salis with vegetable oil (sesame oil is ideal for treatment) and essential oils, or even better with aloe gel and essential oils, to make a scrub.  <\/span><span style=\"vertical-align: inherit\">Massage it all over the body and leave it on for about 10 minutes for excellent results.<\/span><\/span><\/p>\n","protected":false},"excerpt":{"rendered":"<p><span data-sheets-value=\"{\"1\":2,\"2\":\"Il sale inglese, che \u00e8 solfato di magnesio idratato, \u00e8 un materiale naturale al 100% che prende il suo nome da Epsom, una citt\u00e0 del sud dell'inghilterra dove il sale viene ottenuto dall'acqua delle terme locali. Visto che la nostra pelle assorbe liquidi e farmaci \u00e8 in grado di farlo anche con i preziosi minerali trovati nell'acqua. I risultati sono straordinari. I sali di Epsom hanno un potere drenante e detossinante che \u00e8 visibile dopo il primo trattamento, ma che si mette in evidenza continuando il lavoro con costanza e ottenendo grandi risultati anche su situazioni gravi come l'obesit\u00e0. Sono un eccellente alleato per chi ha problematiche legate alla ritenzione idrica essendo in grado di scardinare questo meccanismo che crea sempre pi\u00f9 disagi al benessere quotidiano. Ottimi nel dimagrimento e coadiuvanti nel trattamento della cellulite e della circolazione sanguigna, in quanto hanno anche la capacit\u00e0 di proteggere i capillari donando un piacevole senso di leggerezza alle gambe stanche. Consigliati alle donne in gravidanza per mantenere le gambe leggere, sgonfie e per proteggere la microcircolazione linfatica.\\n\\nCONSIGLI PER L'UTILIZZO:\\nI sali di Epsom si possono utilizzare con i bendaggi o con i pantasalis per chi ne dispone. Si procede preparando una soluzione di acqua e sale di Epsom imbibendo i bendaggi e facendoli indossare per 30 min. Microcapsulazione: si tratta di un particolare procedimento che insedia i principi attivi nelle fibre e garantisce un rilascio graduale e uniforme sulla cute. Questa tecnologia permette di abbinare in maniera estremamente efficace i benefici dei principi attivi dei sali di Epsom alla compressione graduata ottenuta con i pantasalis o con i bendaggi. Il risultato \u00e8 un piacevole massaggio che dona leggerezza alle gambe e si prende cura dei capillari drenando in profondit\u00e0 e detossinando l'organismo. I sali di Epsom possono essere utilizzati come pediluvio o come peeling corpo mischiandoli ad un olio vegetale.\"}\" data-sheets-userformat=\"{\"2\":15297,\"3\":{\"1\":0},\"9\":0,\"10\":2,\"11\":0,\"12\":0,\"14\":{\"1\":2,\"2\":0},\"15\":\"Calibri\",\"16\":11}\"><span style=\"vertical-align: inherit\"><span style=\"vertical-align: inherit\">The combination with horsetail makes Epsom salt suitable for remineralizing skin treatments.<\/span><\/span><\/span><\/p>\n","protected":false},"featured_media":49010,"template":"","meta":{"_acf_changed":false},"product_brand":[],"product_cat":[12986,1493,12981],"product_tag":[3671,610,7169],"class_list":{"0":"post-48704","1":"product","2":"type-product","3":"status-publish","4":"has-post-thumbnail","6":"product_cat-body-en","7":"product_cat-cosmetics","8":"product_cat-microcosm","9":"product_tag-epsom-en","10":"product_tag-horsetail","11":"product_tag-salis-en","12":"pa_formato-200g-en","13":"pa_formato-500g-en","15":"first","16":"instock","17":"taxable","18":"shipping-taxable","19":"purchasable","20":"product-type-variable"},"acf":[],"jetpack_sharing_enabled":true,"_links":{"self":[{"href":"https:\/\/cndestetik.ch\/en\/wp-json\/wp\/v2\/product\/48704","targetHints":{"allow":["GET"]}}],"collection":[{"href":"https:\/\/cndestetik.ch\/en\/wp-json\/wp\/v2\/product"}],"about":[{"href":"https:\/\/cndestetik.ch\/en\/wp-json\/wp\/v2\/types\/product"}],"wp:featuredmedia":[{"embeddable":true,"href":"https:\/\/cndestetik.ch\/en\/wp-json\/wp\/v2\/media\/49010"}],"wp:attachment":[{"href":"https:\/\/cndestetik.ch\/en\/wp-json\/wp\/v2\/media?parent=48704"}],"wp:term":[{"taxonomy":"product_brand","embeddable":true,"href":"https:\/\/cndestetik.ch\/en\/wp-json\/wp\/v2\/product_brand?post=48704"},{"taxonomy":"product_cat","embeddable":true,"href":"https:\/\/cndestetik.ch\/en\/wp-json\/wp\/v2\/product_cat?post=48704"},{"taxonomy":"product_tag","embeddable":true,"href":"https:\/\/cndestetik.ch\/en\/wp-json\/wp\/v2\/product_tag?post=48704"}],"curies":[{"name":"wp","href":"https:\/\/api.w.org\/{rel}","templated":true}]}}