{"id":48683,"date":"2022-06-15T16:47:11","date_gmt":"2022-06-15T14:47:11","guid":{"rendered":"https:\/\/cndestetik.ch\/prodotto\/arnica-ointment\/"},"modified":"2025-02-07T08:52:38","modified_gmt":"2025-02-07T07:52:38","slug":"ointment-arnica","status":"publish","type":"product","link":"https:\/\/cndestetik.ch\/en\/prodotto\/ointment-arnica\/","title":{"rendered":"Arnica Ointment"},"content":{"rendered":"<p><span data-sheets-value=\"{\"1\":2,\"2\":\"Oleolito Spagirico Arnica - O.E. Lavanda - Rosmarino - Canfora\\nLa sua concentrazione di Arnica favorisce la circolazione del sangue senza avere azione rubefacente. Proprio per questo \u00e8 indicato come coadiuvante nel trattamento di lividi, distorsioni, strappi ecc.,in cui serve a favorire la circolazione per il riassorbimento del sangue e del liquido dell'infiammazione senza riscaldare eccessivamente la parte. Il potenziamento con gli oli essenziali come la Canfora ed il Rosmarino, che contiene una percentuale di Canfora a sua volta, aiutano il processo di risoluzione dell'infiammazione con un discreto effetto analgesico. L'unguento Arnica \u00e8 indicato per: lividi,contusioni,distorsioni e strappi muscolari, sui muscoliche faticano in maniera significativa prima o dopo l'attivit\u00e0 fisica per sostenere l'attivit\u00e0 circolatoria e prevenire stress muscolare o strappi, tendiniti, cicatrici e smagliature, caviglie gonfie.\\n\\nL'unguento ha origini molto antiche, \u00e8 una preparazione per uso esterno in fase grassa. Gli unguenti Microcosmo contengono come base il burro di Karit\u00e8, la cera d'api e gli oli vegetali. La sostanza funzionale \u00e8 rappresentata dagli oleoliti spagirici e dagli oli essenziali. Gli oleoliti spagirici, estratti con olio di ricino secondo le tecniche della spagiria, hanno ottime propriet\u00e0 chimiche ed energetiche. Esse sono valorizzate ed amplificate dagli oli essenziali che caratterizzano anche il profumo degli unguenti.\"}\" data-sheets-userformat=\"{\"2\":15297,\"3\":{\"1\":0},\"9\":0,\"10\":2,\"11\":0,\"12\":0,\"14\":{\"1\":2,\"2\":0},\"15\":\"Calibri\",\"16\":11}\" data-sheets-textstyleruns=\"{\"1\":0}\uee10{\"1\":662,\"2\":{\"5\":1}}\uee10{\"1\":724}\uee10{\"1\":871,\"2\":{\"5\":1}}\uee10{\"1\":925}\">Oleolite Spagyric Arnica &#8211; O.E. Lavender &#8211; Rosemary &#8211; Camphor<br \/>\nIts concentration of Arnica promotes blood circulation without having rubefacient action. This is precisely why it is indicated as an adjuvant in the treatment of bruises, sprains, strains etc. ,in which it serves to promote circulation to reabsorb blood and fluid from the inflammation without overheating the part. Enhancement with essential oils such as Camphor and Rosemary, which contains a percentage of Camphor in turn, help the process of resolving inflammation with a fair amount of analgesic effect. Arnica ointment is indicated for: bruises, contusions, sprains and muscle tears, on muscles that are significantly strained before or after physical activity to support circulatory activity and prevent muscle stress or tears, tendonitis, scars and stretch marks, and swollen ankles.<\/span><\/p>\n<p>Ointment has very ancient origins; it is a preparation for external use in the oily phase. Microcosmo ointments contain Shea butter, beeswax and vegetable oils as their base. The functional substance is spagyric oleolites and essential oils. Spagyric oleolites, extracted with castor oil according to spagyric techniques, have excellent chemical and energetic properties. They are enhanced and amplified by the essential oils that also characterize the scent of the ointments.<\/p>\n<p>Size: 50ml<\/p>\n","protected":false},"excerpt":{"rendered":"<p><span data-sheets-value=\"{\"1\":2,\"2\":\"Oleolito Spagirico Arnica - O.E. Lavanda - Rosmarino - Canfora\\nLa sua concentrazione di Arnica favorisce la circolazione del sangue senza avere azione rubefacente. Proprio per questo \u00e8 indicato come coadiuvante nel trattamento di lividi, distorsioni, strappi ecc.,in cui serve a favorire la circolazione per il riassorbimento del sangue e del liquido dell'infiammazione senza riscaldare eccessivamente la parte. Il potenziamento con gli oli essenziali come la Canfora ed il Rosmarino, che contiene una percentuale di Canfora a sua volta, aiutano il processo di risoluzione dell'infiammazione con un discreto effetto analgesico. L'unguento Arnica \u00e8 indicato per: lividi,contusioni,distorsioni e strappi muscolari, sui muscoliche faticano in maniera significativa prima o dopo l'attivit\u00e0 fisica per sostenere l'attivit\u00e0 circolatoria e prevenire stress muscolare o strappi, tendiniti, cicatrici e smagliature, caviglie gonfie.\\n\\nL'unguento ha origini molto antiche, \u00e8 una preparazione per uso esterno in fase grassa. Gli unguenti Microcosmo contengono come base il burro di Karit\u00e8, la cera d'api e gli oli vegetali. La sostanza funzionale \u00e8 rappresentata dagli oleoliti spagirici e dagli oli essenziali. Gli oleoliti spagirici, estratti con olio di ricino secondo le tecniche della spagiria, hanno ottime propriet\u00e0 chimiche ed energetiche. Esse sono valorizzate ed amplificate dagli oli essenziali che caratterizzano anche il profumo degli unguenti.\"}\" data-sheets-userformat=\"{\"2\":15297,\"3\":{\"1\":0},\"9\":0,\"10\":2,\"11\":0,\"12\":0,\"14\":{\"1\":2,\"2\":0},\"15\":\"Calibri\",\"16\":11}\" data-sheets-textstyleruns=\"{\"1\":0}\uee10{\"1\":662,\"2\":{\"5\":1}}\uee10{\"1\":724}\uee10{\"1\":871,\"2\":{\"5\":1}}\uee10{\"1\":925}\">Its concentration of Arnica promotes blood circulation.<\/span><\/p>\n","protected":false},"featured_media":49140,"template":"","meta":{"_acf_changed":false},"product_brand":[],"product_cat":[12986,12981,11232],"product_tag":[4816,9425,505,7156,7149,486],"class_list":{"0":"post-48683","1":"product","2":"type-product","3":"status-publish","4":"has-post-thumbnail","6":"product_cat-body-en","7":"product_cat-microcosm","8":"product_cat-physiotherapy","9":"product_tag-arnica-en","10":"product_tag-camphor","11":"product_tag-lavender","12":"product_tag-ointment","13":"product_tag-painkiller","14":"product_tag-rosemary","16":"first","17":"instock","18":"taxable","19":"shipping-taxable","20":"purchasable","21":"product-type-simple"},"acf":[],"jetpack_sharing_enabled":true,"_links":{"self":[{"href":"https:\/\/cndestetik.ch\/en\/wp-json\/wp\/v2\/product\/48683","targetHints":{"allow":["GET"]}}],"collection":[{"href":"https:\/\/cndestetik.ch\/en\/wp-json\/wp\/v2\/product"}],"about":[{"href":"https:\/\/cndestetik.ch\/en\/wp-json\/wp\/v2\/types\/product"}],"wp:featuredmedia":[{"embeddable":true,"href":"https:\/\/cndestetik.ch\/en\/wp-json\/wp\/v2\/media\/49140"}],"wp:attachment":[{"href":"https:\/\/cndestetik.ch\/en\/wp-json\/wp\/v2\/media?parent=48683"}],"wp:term":[{"taxonomy":"product_brand","embeddable":true,"href":"https:\/\/cndestetik.ch\/en\/wp-json\/wp\/v2\/product_brand?post=48683"},{"taxonomy":"product_cat","embeddable":true,"href":"https:\/\/cndestetik.ch\/en\/wp-json\/wp\/v2\/product_cat?post=48683"},{"taxonomy":"product_tag","embeddable":true,"href":"https:\/\/cndestetik.ch\/en\/wp-json\/wp\/v2\/product_tag?post=48683"}],"curies":[{"name":"wp","href":"https:\/\/api.w.org\/{rel}","templated":true}]}}