{"id":47067,"date":"2021-03-10T10:33:14","date_gmt":"2021-03-10T09:33:14","guid":{"rendered":"https:\/\/cndestetik.ch\/prodotto\/colloidal-silver-20-ppm-cosmetic-use\/"},"modified":"2025-01-24T13:01:26","modified_gmt":"2025-01-24T12:01:26","slug":"silver-colloidal-30ml","status":"publish","type":"product","link":"https:\/\/cndestetik.ch\/en\/prodotto\/silver-colloidal-30ml\/","title":{"rendered":"Colloidal Silver 20 PPM &#8211; cosmetic use"},"content":{"rendered":"<p><span data-sheets-value=\"{\"1\":2,\"2\":\"Il colloide \u00e8 una sostanza che dispersa in un liquido da luogo ad aggregati particellari molto piccoli. Pi\u00f9 le particelle sono piccole pi\u00f9 alto \u00e8 l'assorbimento e minore la tossicit\u00e0 sul corpo. L'Argento \u00e8 uno degli estratti naturali pi\u00f9 attivo come antibatterico, antimicotico e antivirale. E' un prodotto che pu\u00f2 essere utilizzato sulle pelli che soffrono di: IMPURITA', INFEZIONI, HERPES, FOLLICOLITE, ACNE, MICOSI, VERRUCHE, PICCOLI TAGLI E ABRASIONI.nAiuta con efficacia a combattere le cariche microbiche dannose aiutando la pelle a ritrovare il suo naturale equilibrio. In questo formato spray \u00e8 particolarmente indicato per trattare le PELLI IMPURE in quanto si pu\u00f2 nebulizzare direttamente sulla zona, ad esempio il viso, senza essere aggressivo. Pu\u00f2 infatti entrare in contatto con mucose e occhi senza effetti collaterali. E' quindi consigliato per le sue caratteristiche nei seguenti trattamenti: TRATTAMENTO PELLI IMPURE DEL VISO - TRATTAMENTO DELLE PELLI IMPURE DI PETTO E SCHIENA - TRATTAMENTO DELLA FOLLICOLITEnModalit\u00e0 d'uso: vaporizzare puro sull'area da trattare. Sia per pelli impure che per la follicolite consiglia l'uso dell'argento anche a casannPer micosi di mani e piedi (o piccole aree cutanee) e verruche o per unghie incarnite consigliamo due prodotti pi\u00f9 specifici ed efficaci per questi particolari inestetismi:n-TRATTAMENTO MICOSIn- GEL UNGHIA INCARNITA\"}\" data-sheets-userformat=\"{\"2\":15297,\"3\":{\"1\":0},\"9\":0,\"10\":2,\"11\":0,\"12\":0,\"14\":{\"1\":2,\"2\":0},\"15\":\"Calibri\",\"16\":11}\">Colloid is a substance that dispersed in a liquid gives rise to very small particulate aggregates. The smaller the particles, the higher the absorption and the lower the toxicity on the body. Silver is one of the most active natural extracts as an antibacterial, antifungal and antiviral. It is a product that can be used on skins suffering from: IMPURITIES, INFECTIONS, HERPES, FOLLICULITIS, ACNE, MYCOSIS, WARTS, SMALL CUTS AND ABRASIONS.<br \/>  It effectively helps fight harmful microbial charges while helping the skin regain its natural balance. In this spray format, it is particularly good for treating IMPURE SKINS as it can be sprayed directly onto the area, such as the face, without being aggressive. Indeed, it can come into contact with mucous membranes and eyes without side effects. It is therefore recommended for its characteristics in the following treatments: TREATMENT OF IMPURE FACE SKIN &#8211; TREATMENT OF IMPURE SKIN OF THE BOTTOM AND BACK &#8211; TREATMENT OF FOLLICOLITE<br \/> Directions for use: spray pure on the area to be treated. For both impure skin and folliculitis, he also recommends the use of silver at home<\/span><\/p>\n<p>For mycosis of the hands and feet (or small skin areas) and warts or ingrown nails we recommend two products that are more specific and effective for these particular blemishes:<br \/> &#8211; MYCOSIS TREATMENT<br \/> &#8211; INCARNITE NAIL GEL<\/p>\n<p>Size: 30ml<\/p>\n","protected":false},"excerpt":{"rendered":"<p>MICROCOSMO Colloidal Silver. Colloid is a substance that dispersed in a liquid gives rise to very small particulate aggregates. The smaller the particles, the higher their absorption and the lower the toxicity on the body.<\/p>\n<p>MICROCOSMO&#8217;s Colloidal Silver is characterized by the small size of the colloids (11 nanometers) and the high concentration (20PPM) of them<\/p>\n<p>Silver is one of the most active natural extracts as an antibacterial and antiviral.<\/p>\n<p>In cosmetics, it is a product that can be used on skin suffering from:<br \/> &#8211; IMPURITY<\/p>\n<p>&#8211; INFECTIONS.<\/p>\n<p>&#8211; HERPES<\/p>\n<p>&#8211; PHOLLICOLITE.<\/p>\n<p>&#8211; ACNE<\/p>\n<p>&#8211; MICOSIS<\/p>\n<p>&#8211; VERRUCHE<\/p>\n<p>&#8211; SMALL CUTS AND ABRASIONS<\/p>\n","protected":false},"featured_media":36643,"template":"","meta":{"_acf_changed":false},"product_brand":[],"product_cat":[12986,1493,12990,12981,11229],"product_tag":[3555,4870,4867,402,4873,841,649,705,4876,4879,4865,820,440],"class_list":{"0":"post-47067","1":"product","2":"type-product","3":"status-publish","4":"has-post-thumbnail","6":"product_cat-body-en","7":"product_cat-cosmetics","8":"product_cat-face","9":"product_cat-microcosm","10":"product_cat-tatuators","11":"product_tag-acne-en","12":"product_tag-colloidal","13":"product_tag-colloidal-silver","14":"product_tag-earth","15":"product_tag-maske-en","16":"product_tag-microcosm","17":"product_tag-mineral","18":"product_tag-minerals","19":"product_tag-mycosis","20":"product_tag-pellimpure-en","21":"product_tag-silver-en","22":"product_tag-skincare-en","23":"product_tag-spagyria-en","25":"first","26":"instock","27":"taxable","28":"shipping-taxable","29":"purchasable","30":"product-type-simple"},"acf":[],"jetpack_sharing_enabled":true,"_links":{"self":[{"href":"https:\/\/cndestetik.ch\/en\/wp-json\/wp\/v2\/product\/47067","targetHints":{"allow":["GET"]}}],"collection":[{"href":"https:\/\/cndestetik.ch\/en\/wp-json\/wp\/v2\/product"}],"about":[{"href":"https:\/\/cndestetik.ch\/en\/wp-json\/wp\/v2\/types\/product"}],"wp:featuredmedia":[{"embeddable":true,"href":"https:\/\/cndestetik.ch\/en\/wp-json\/wp\/v2\/media\/36643"}],"wp:attachment":[{"href":"https:\/\/cndestetik.ch\/en\/wp-json\/wp\/v2\/media?parent=47067"}],"wp:term":[{"taxonomy":"product_brand","embeddable":true,"href":"https:\/\/cndestetik.ch\/en\/wp-json\/wp\/v2\/product_brand?post=47067"},{"taxonomy":"product_cat","embeddable":true,"href":"https:\/\/cndestetik.ch\/en\/wp-json\/wp\/v2\/product_cat?post=47067"},{"taxonomy":"product_tag","embeddable":true,"href":"https:\/\/cndestetik.ch\/en\/wp-json\/wp\/v2\/product_tag?post=47067"}],"curies":[{"name":"wp","href":"https:\/\/api.w.org\/{rel}","templated":true}]}}