{"id":46120,"date":"2020-10-30T06:19:12","date_gmt":"2020-10-30T05:19:12","guid":{"rendered":"https:\/\/ticinoweb01.jcloud.ik-server.com\/cndestetik\/prodotto\/synergy-of-essential-oils-presence\/"},"modified":"2025-01-23T09:09:16","modified_gmt":"2025-01-23T08:09:16","slug":"synergy-of-essentials-presence","status":"publish","type":"product","link":"https:\/\/cndestetik.ch\/en\/prodotto\/synergy-of-essentials-presence\/","title":{"rendered":"Synergy of essential oils Presence"},"content":{"rendered":"<p><span data-sheets-value=\"{\"1\":2,\"2\":\"Una sinergia dal profumo balsamico e resinoso. Favorisce la concentrazione radicandoti profondamente in te stesso.\\nPuoi utilizzare le 5 sinergie olfattive Microcosmo per:\\n1) AROMATIZZARE GLI AMBIENTI - Metti un p\u00f2 d'acqua e qualche goccia della Sinergia scelta nel diffusore di essenze (Fornelletto in terracotta Microcosmo). Sfrutta la capacit\u00e0 dell'unione dei 4 elementi fuoco, terra, acqua e aria per aromatizzare l'ambiente e donare al tuo centro una qualit\u00e0 in pi\u00f9 di benessere.\\n2)AROMATIZZARE E CARATTERIZZARE UN OLIO O UNA CREMA BASE - Scegli insieme alla tua cliente la Sinergia pi\u00f9 indicata per lei. Aggiungi la sinergia scelta ad una Crema Massaggio base o ad un olio vegetale per creare un prodotto da massaggio specifico. In questo modo offri un viaggio di profumi e messaggi della natura, insieme al tocco e alla cura esperta delle tua mani. Dosaggi: 2-3% di sinergia nel veicolo che hai scelto (Olio Vegetale o Crema Base). 20 gocce equivalgono circa ad 1 ml., quindi puoi aggiungere circa 40-50 gocce in 100 ml. (in una porzione di crema o olio vegetale dedicato ad un massaggio corpo \u00e8 consigliabile aggiungere circa 7-10 gocce di sinergia)\\n3)AROMATIZZARE E CARATTERIZZARE UNO SCRUB CORPO - Componi uno scrub corpo personalizzato con i Sali di Epsom scegliendo l'olio vegetale pi\u00f9 indicato e facendo scegliere alla tua cliente una tra le sinergie di O.E. Unisci circa 4-5 cucchiai di Sali di Epsom, circa 7-10 gocce di Sinergia e Olio Vegetale q.b.\\n4)AROMATIZZARE E CARATTERIZZARE UN PEDILUVIO - In questo modo dai ancora pi\u00f9 valore a questo splndido gesto di cura riconoscendone cos\u00ec la sua importanza. Per fare questo aggiungi 3-4 gocce di Sinergia in un pugno di Sali di Epsom e solubilizzali nell'acqua del pediluvio.\\n5)AROMATIZZARE E CARATTERIZZARE UN BAGNO CALDO - In vasca normale o idromassaggio. Aggiungi 6-8 gocce di Sinergia in un pugno di Sali di Epsom (o pi\u00f9 Sali di Epsom a seconda che tu voglia rendere il bagno anche drenante e depurativo dei tessuti) e disperdili in acqua.\\n6)AROMATIZZARE E CARATTERIZZARE UN BAGNO DI VAPORE - Scegli insieme alla tua cliente la Sinergia pi\u00f9 indicata per lei e aggiungila nel bagno di vapore in quantit\u00e0 di circa 6-8 gocce. Le offrirai un viaggio di profumi che incentivano il rilassamento ed il benessere.\"}\" data-sheets-userformat=\"{\"2\":15297,\"3\":{\"1\":0},\"9\":0,\"10\":2,\"11\":0,\"12\":0,\"14\":{\"1\":2,\"2\":0},\"15\":\"Calibri\",\"16\":11}\">A synergy with a balsamic and resinous scent. It promotes concentration by rooting you deeply in yourself.<br \/>\nYou can use the 5 Microcosm olfactory synergies for:<br \/>\n<\/span><\/p>\n<p><span data-sheets-value=\"{\"1\":2,\"2\":\"Una sinergia dal profumo balsamico e resinoso. Favorisce la concentrazione radicandoti profondamente in te stesso.\\nPuoi utilizzare le 5 sinergie olfattive Microcosmo per:\\n1) AROMATIZZARE GLI AMBIENTI - Metti un p\u00f2 d'acqua e qualche goccia della Sinergia scelta nel diffusore di essenze (Fornelletto in terracotta Microcosmo). Sfrutta la capacit\u00e0 dell'unione dei 4 elementi fuoco, terra, acqua e aria per aromatizzare l'ambiente e donare al tuo centro una qualit\u00e0 in pi\u00f9 di benessere.\\n2)AROMATIZZARE E CARATTERIZZARE UN OLIO O UNA CREMA BASE - Scegli insieme alla tua cliente la Sinergia pi\u00f9 indicata per lei. Aggiungi la sinergia scelta ad una Crema Massaggio base o ad un olio vegetale per creare un prodotto da massaggio specifico. In questo modo offri un viaggio di profumi e messaggi della natura, insieme al tocco e alla cura esperta delle tua mani. Dosaggi: 2-3% di sinergia nel veicolo che hai scelto (Olio Vegetale o Crema Base). 20 gocce equivalgono circa ad 1 ml., quindi puoi aggiungere circa 40-50 gocce in 100 ml. (in una porzione di crema o olio vegetale dedicato ad un massaggio corpo \u00e8 consigliabile aggiungere circa 7-10 gocce di sinergia)\\n3)AROMATIZZARE E CARATTERIZZARE UNO SCRUB CORPO - Componi uno scrub corpo personalizzato con i Sali di Epsom scegliendo l'olio vegetale pi\u00f9 indicato e facendo scegliere alla tua cliente una tra le sinergie di O.E. Unisci circa 4-5 cucchiai di Sali di Epsom, circa 7-10 gocce di Sinergia e Olio Vegetale q.b.\\n4)AROMATIZZARE E CARATTERIZZARE UN PEDILUVIO - In questo modo dai ancora pi\u00f9 valore a questo splndido gesto di cura riconoscendone cos\u00ec la sua importanza. Per fare questo aggiungi 3-4 gocce di Sinergia in un pugno di Sali di Epsom e solubilizzali nell'acqua del pediluvio.\\n5)AROMATIZZARE E CARATTERIZZARE UN BAGNO CALDO - In vasca normale o idromassaggio. Aggiungi 6-8 gocce di Sinergia in un pugno di Sali di Epsom (o pi\u00f9 Sali di Epsom a seconda che tu voglia rendere il bagno anche drenante e depurativo dei tessuti) e disperdili in acqua.\\n6)AROMATIZZARE E CARATTERIZZARE UN BAGNO DI VAPORE - Scegli insieme alla tua cliente la Sinergia pi\u00f9 indicata per lei e aggiungila nel bagno di vapore in quantit\u00e0 di circa 6-8 gocce. Le offrirai un viaggio di profumi che incentivano il rilassamento ed il benessere.\"}\" data-sheets-userformat=\"{\"2\":15297,\"3\":{\"1\":0},\"9\":0,\"10\":2,\"11\":0,\"12\":0,\"14\":{\"1\":2,\"2\":0},\"15\":\"Calibri\",\"16\":11}\">1) AROMATIZE ENVIRONMENTS-Put some water and a few drops of the chosen Synergy in the essence diffuser (Microcosm terracotta stove). Take advantage of the ability of the union of the 4 elements fire, earth, water and air to aromatize the environment and give your center an extra quality of well-being.<br \/>\n<\/span><\/p>\n<p><span data-sheets-value=\"{\"1\":2,\"2\":\"Una sinergia dal profumo balsamico e resinoso. Favorisce la concentrazione radicandoti profondamente in te stesso.\\nPuoi utilizzare le 5 sinergie olfattive Microcosmo per:\\n1) AROMATIZZARE GLI AMBIENTI - Metti un p\u00f2 d'acqua e qualche goccia della Sinergia scelta nel diffusore di essenze (Fornelletto in terracotta Microcosmo). Sfrutta la capacit\u00e0 dell'unione dei 4 elementi fuoco, terra, acqua e aria per aromatizzare l'ambiente e donare al tuo centro una qualit\u00e0 in pi\u00f9 di benessere.\\n2)AROMATIZZARE E CARATTERIZZARE UN OLIO O UNA CREMA BASE - Scegli insieme alla tua cliente la Sinergia pi\u00f9 indicata per lei. Aggiungi la sinergia scelta ad una Crema Massaggio base o ad un olio vegetale per creare un prodotto da massaggio specifico. In questo modo offri un viaggio di profumi e messaggi della natura, insieme al tocco e alla cura esperta delle tua mani. Dosaggi: 2-3% di sinergia nel veicolo che hai scelto (Olio Vegetale o Crema Base). 20 gocce equivalgono circa ad 1 ml., quindi puoi aggiungere circa 40-50 gocce in 100 ml. (in una porzione di crema o olio vegetale dedicato ad un massaggio corpo \u00e8 consigliabile aggiungere circa 7-10 gocce di sinergia)\\n3)AROMATIZZARE E CARATTERIZZARE UNO SCRUB CORPO - Componi uno scrub corpo personalizzato con i Sali di Epsom scegliendo l'olio vegetale pi\u00f9 indicato e facendo scegliere alla tua cliente una tra le sinergie di O.E. Unisci circa 4-5 cucchiai di Sali di Epsom, circa 7-10 gocce di Sinergia e Olio Vegetale q.b.\\n4)AROMATIZZARE E CARATTERIZZARE UN PEDILUVIO - In questo modo dai ancora pi\u00f9 valore a questo splndido gesto di cura riconoscendone cos\u00ec la sua importanza. Per fare questo aggiungi 3-4 gocce di Sinergia in un pugno di Sali di Epsom e solubilizzali nell'acqua del pediluvio.\\n5)AROMATIZZARE E CARATTERIZZARE UN BAGNO CALDO - In vasca normale o idromassaggio. Aggiungi 6-8 gocce di Sinergia in un pugno di Sali di Epsom (o pi\u00f9 Sali di Epsom a seconda che tu voglia rendere il bagno anche drenante e depurativo dei tessuti) e disperdili in acqua.\\n6)AROMATIZZARE E CARATTERIZZARE UN BAGNO DI VAPORE - Scegli insieme alla tua cliente la Sinergia pi\u00f9 indicata per lei e aggiungila nel bagno di vapore in quantit\u00e0 di circa 6-8 gocce. Le offrirai un viaggio di profumi che incentivano il rilassamento ed il benessere.\"}\" data-sheets-userformat=\"{\"2\":15297,\"3\":{\"1\":0},\"9\":0,\"10\":2,\"11\":0,\"12\":0,\"14\":{\"1\":2,\"2\":0},\"15\":\"Calibri\",\"16\":11}\">2)AROMATIZING AND CHARACTERIZING AN OIL OR CREAM BASE &#8211; Choose together with your client the Synergy best suited for her. Add your chosen synergy to a basic Massage Cream or vegetable oil to create a specific massage product. In this way you offer a journey of scents and messages from nature, along with the expert touch and care of your hands. Dosages: 2-3% synergy in your chosen vehicle (Plant Oil or Cream Base). 20 drops is about equivalent to 1 ml., so you can add about 40-50 drops in 100 ml. (In a portion of cream or vegetable oil dedicated to a body massage, it is advisable to add about 7-10 drops of synergy)<br \/>\n<\/span><\/p>\n<p><span data-sheets-value=\"{\"1\":2,\"2\":\"Una sinergia dal profumo balsamico e resinoso. Favorisce la concentrazione radicandoti profondamente in te stesso.\\nPuoi utilizzare le 5 sinergie olfattive Microcosmo per:\\n1) AROMATIZZARE GLI AMBIENTI - Metti un p\u00f2 d'acqua e qualche goccia della Sinergia scelta nel diffusore di essenze (Fornelletto in terracotta Microcosmo). Sfrutta la capacit\u00e0 dell'unione dei 4 elementi fuoco, terra, acqua e aria per aromatizzare l'ambiente e donare al tuo centro una qualit\u00e0 in pi\u00f9 di benessere.\\n2)AROMATIZZARE E CARATTERIZZARE UN OLIO O UNA CREMA BASE - Scegli insieme alla tua cliente la Sinergia pi\u00f9 indicata per lei. Aggiungi la sinergia scelta ad una Crema Massaggio base o ad un olio vegetale per creare un prodotto da massaggio specifico. In questo modo offri un viaggio di profumi e messaggi della natura, insieme al tocco e alla cura esperta delle tua mani. Dosaggi: 2-3% di sinergia nel veicolo che hai scelto (Olio Vegetale o Crema Base). 20 gocce equivalgono circa ad 1 ml., quindi puoi aggiungere circa 40-50 gocce in 100 ml. (in una porzione di crema o olio vegetale dedicato ad un massaggio corpo \u00e8 consigliabile aggiungere circa 7-10 gocce di sinergia)\\n3)AROMATIZZARE E CARATTERIZZARE UNO SCRUB CORPO - Componi uno scrub corpo personalizzato con i Sali di Epsom scegliendo l'olio vegetale pi\u00f9 indicato e facendo scegliere alla tua cliente una tra le sinergie di O.E. Unisci circa 4-5 cucchiai di Sali di Epsom, circa 7-10 gocce di Sinergia e Olio Vegetale q.b.\\n4)AROMATIZZARE E CARATTERIZZARE UN PEDILUVIO - In questo modo dai ancora pi\u00f9 valore a questo splndido gesto di cura riconoscendone cos\u00ec la sua importanza. Per fare questo aggiungi 3-4 gocce di Sinergia in un pugno di Sali di Epsom e solubilizzali nell'acqua del pediluvio.\\n5)AROMATIZZARE E CARATTERIZZARE UN BAGNO CALDO - In vasca normale o idromassaggio. Aggiungi 6-8 gocce di Sinergia in un pugno di Sali di Epsom (o pi\u00f9 Sali di Epsom a seconda che tu voglia rendere il bagno anche drenante e depurativo dei tessuti) e disperdili in acqua.\\n6)AROMATIZZARE E CARATTERIZZARE UN BAGNO DI VAPORE - Scegli insieme alla tua cliente la Sinergia pi\u00f9 indicata per lei e aggiungila nel bagno di vapore in quantit\u00e0 di circa 6-8 gocce. Le offrirai un viaggio di profumi che incentivano il rilassamento ed il benessere.\"}\" data-sheets-userformat=\"{\"2\":15297,\"3\":{\"1\":0},\"9\":0,\"10\":2,\"11\":0,\"12\":0,\"14\":{\"1\":2,\"2\":0},\"15\":\"Calibri\",\"16\":11}\">3)AROMATIZE AND CHARACTERIZE A BODY SCRUB &#8211; Compose a customized body scrub with Epsom Salts by choosing the most suitable vegetable oil and having your client choose one of the O.E. synergies. Combine about 4-5 tablespoons of Epsom Salts, about 7-10 drops of Synergy and Vegetable Oil to taste.<br \/>\n<\/span><\/p>\n<p><span data-sheets-value=\"{\"1\":2,\"2\":\"Una sinergia dal profumo balsamico e resinoso. Favorisce la concentrazione radicandoti profondamente in te stesso.\\nPuoi utilizzare le 5 sinergie olfattive Microcosmo per:\\n1) AROMATIZZARE GLI AMBIENTI - Metti un p\u00f2 d'acqua e qualche goccia della Sinergia scelta nel diffusore di essenze (Fornelletto in terracotta Microcosmo). Sfrutta la capacit\u00e0 dell'unione dei 4 elementi fuoco, terra, acqua e aria per aromatizzare l'ambiente e donare al tuo centro una qualit\u00e0 in pi\u00f9 di benessere.\\n2)AROMATIZZARE E CARATTERIZZARE UN OLIO O UNA CREMA BASE - Scegli insieme alla tua cliente la Sinergia pi\u00f9 indicata per lei. Aggiungi la sinergia scelta ad una Crema Massaggio base o ad un olio vegetale per creare un prodotto da massaggio specifico. In questo modo offri un viaggio di profumi e messaggi della natura, insieme al tocco e alla cura esperta delle tua mani. Dosaggi: 2-3% di sinergia nel veicolo che hai scelto (Olio Vegetale o Crema Base). 20 gocce equivalgono circa ad 1 ml., quindi puoi aggiungere circa 40-50 gocce in 100 ml. (in una porzione di crema o olio vegetale dedicato ad un massaggio corpo \u00e8 consigliabile aggiungere circa 7-10 gocce di sinergia)\\n3)AROMATIZZARE E CARATTERIZZARE UNO SCRUB CORPO - Componi uno scrub corpo personalizzato con i Sali di Epsom scegliendo l'olio vegetale pi\u00f9 indicato e facendo scegliere alla tua cliente una tra le sinergie di O.E. Unisci circa 4-5 cucchiai di Sali di Epsom, circa 7-10 gocce di Sinergia e Olio Vegetale q.b.\\n4)AROMATIZZARE E CARATTERIZZARE UN PEDILUVIO - In questo modo dai ancora pi\u00f9 valore a questo splndido gesto di cura riconoscendone cos\u00ec la sua importanza. Per fare questo aggiungi 3-4 gocce di Sinergia in un pugno di Sali di Epsom e solubilizzali nell'acqua del pediluvio.\\n5)AROMATIZZARE E CARATTERIZZARE UN BAGNO CALDO - In vasca normale o idromassaggio. Aggiungi 6-8 gocce di Sinergia in un pugno di Sali di Epsom (o pi\u00f9 Sali di Epsom a seconda che tu voglia rendere il bagno anche drenante e depurativo dei tessuti) e disperdili in acqua.\\n6)AROMATIZZARE E CARATTERIZZARE UN BAGNO DI VAPORE - Scegli insieme alla tua cliente la Sinergia pi\u00f9 indicata per lei e aggiungila nel bagno di vapore in quantit\u00e0 di circa 6-8 gocce. Le offrirai un viaggio di profumi che incentivano il rilassamento ed il benessere.\"}\" data-sheets-userformat=\"{\"2\":15297,\"3\":{\"1\":0},\"9\":0,\"10\":2,\"11\":0,\"12\":0,\"14\":{\"1\":2,\"2\":0},\"15\":\"Calibri\",\"16\":11}\">4)AROMATIZING AND CHARACTERIZING A PEDILUCE &#8211; In this way you give even more value to this splndid gesture of care thus recognizing its importance. To do this, add 3-4 drops of Synergy to a handful of Epsom salts and solubilize them in the foot bath water.<br \/>\n<\/span><\/p>\n<p><span data-sheets-value=\"{\"1\":2,\"2\":\"Una sinergia dal profumo balsamico e resinoso. Favorisce la concentrazione radicandoti profondamente in te stesso.\\nPuoi utilizzare le 5 sinergie olfattive Microcosmo per:\\n1) AROMATIZZARE GLI AMBIENTI - Metti un p\u00f2 d'acqua e qualche goccia della Sinergia scelta nel diffusore di essenze (Fornelletto in terracotta Microcosmo). Sfrutta la capacit\u00e0 dell'unione dei 4 elementi fuoco, terra, acqua e aria per aromatizzare l'ambiente e donare al tuo centro una qualit\u00e0 in pi\u00f9 di benessere.\\n2)AROMATIZZARE E CARATTERIZZARE UN OLIO O UNA CREMA BASE - Scegli insieme alla tua cliente la Sinergia pi\u00f9 indicata per lei. Aggiungi la sinergia scelta ad una Crema Massaggio base o ad un olio vegetale per creare un prodotto da massaggio specifico. In questo modo offri un viaggio di profumi e messaggi della natura, insieme al tocco e alla cura esperta delle tua mani. Dosaggi: 2-3% di sinergia nel veicolo che hai scelto (Olio Vegetale o Crema Base). 20 gocce equivalgono circa ad 1 ml., quindi puoi aggiungere circa 40-50 gocce in 100 ml. (in una porzione di crema o olio vegetale dedicato ad un massaggio corpo \u00e8 consigliabile aggiungere circa 7-10 gocce di sinergia)\\n3)AROMATIZZARE E CARATTERIZZARE UNO SCRUB CORPO - Componi uno scrub corpo personalizzato con i Sali di Epsom scegliendo l'olio vegetale pi\u00f9 indicato e facendo scegliere alla tua cliente una tra le sinergie di O.E. Unisci circa 4-5 cucchiai di Sali di Epsom, circa 7-10 gocce di Sinergia e Olio Vegetale q.b.\\n4)AROMATIZZARE E CARATTERIZZARE UN PEDILUVIO - In questo modo dai ancora pi\u00f9 valore a questo splndido gesto di cura riconoscendone cos\u00ec la sua importanza. Per fare questo aggiungi 3-4 gocce di Sinergia in un pugno di Sali di Epsom e solubilizzali nell'acqua del pediluvio.\\n5)AROMATIZZARE E CARATTERIZZARE UN BAGNO CALDO - In vasca normale o idromassaggio. Aggiungi 6-8 gocce di Sinergia in un pugno di Sali di Epsom (o pi\u00f9 Sali di Epsom a seconda che tu voglia rendere il bagno anche drenante e depurativo dei tessuti) e disperdili in acqua.\\n6)AROMATIZZARE E CARATTERIZZARE UN BAGNO DI VAPORE - Scegli insieme alla tua cliente la Sinergia pi\u00f9 indicata per lei e aggiungila nel bagno di vapore in quantit\u00e0 di circa 6-8 gocce. Le offrirai un viaggio di profumi che incentivano il rilassamento ed il benessere.\"}\" data-sheets-userformat=\"{\"2\":15297,\"3\":{\"1\":0},\"9\":0,\"10\":2,\"11\":0,\"12\":0,\"14\":{\"1\":2,\"2\":0},\"15\":\"Calibri\",\"16\":11}\">5)AROMATIZING AND CHARACTERIZING A HOT BATH &#8211; In a regular tub or whirlpool. Add 6-8 drops of Synergy to a handful of Epsom salts (or more Epsom salts depending on whether you want to make the bath also draining and tissue purifying) and disperse them in water.<br \/>\n<\/span><\/p>\n<p><span data-sheets-value=\"{\"1\":2,\"2\":\"Una sinergia dal profumo balsamico e resinoso. Favorisce la concentrazione radicandoti profondamente in te stesso.\\nPuoi utilizzare le 5 sinergie olfattive Microcosmo per:\\n1) AROMATIZZARE GLI AMBIENTI - Metti un p\u00f2 d'acqua e qualche goccia della Sinergia scelta nel diffusore di essenze (Fornelletto in terracotta Microcosmo). Sfrutta la capacit\u00e0 dell'unione dei 4 elementi fuoco, terra, acqua e aria per aromatizzare l'ambiente e donare al tuo centro una qualit\u00e0 in pi\u00f9 di benessere.\\n2)AROMATIZZARE E CARATTERIZZARE UN OLIO O UNA CREMA BASE - Scegli insieme alla tua cliente la Sinergia pi\u00f9 indicata per lei. Aggiungi la sinergia scelta ad una Crema Massaggio base o ad un olio vegetale per creare un prodotto da massaggio specifico. In questo modo offri un viaggio di profumi e messaggi della natura, insieme al tocco e alla cura esperta delle tua mani. Dosaggi: 2-3% di sinergia nel veicolo che hai scelto (Olio Vegetale o Crema Base). 20 gocce equivalgono circa ad 1 ml., quindi puoi aggiungere circa 40-50 gocce in 100 ml. (in una porzione di crema o olio vegetale dedicato ad un massaggio corpo \u00e8 consigliabile aggiungere circa 7-10 gocce di sinergia)\\n3)AROMATIZZARE E CARATTERIZZARE UNO SCRUB CORPO - Componi uno scrub corpo personalizzato con i Sali di Epsom scegliendo l'olio vegetale pi\u00f9 indicato e facendo scegliere alla tua cliente una tra le sinergie di O.E. Unisci circa 4-5 cucchiai di Sali di Epsom, circa 7-10 gocce di Sinergia e Olio Vegetale q.b.\\n4)AROMATIZZARE E CARATTERIZZARE UN PEDILUVIO - In questo modo dai ancora pi\u00f9 valore a questo splndido gesto di cura riconoscendone cos\u00ec la sua importanza. Per fare questo aggiungi 3-4 gocce di Sinergia in un pugno di Sali di Epsom e solubilizzali nell'acqua del pediluvio.\\n5)AROMATIZZARE E CARATTERIZZARE UN BAGNO CALDO - In vasca normale o idromassaggio. Aggiungi 6-8 gocce di Sinergia in un pugno di Sali di Epsom (o pi\u00f9 Sali di Epsom a seconda che tu voglia rendere il bagno anche drenante e depurativo dei tessuti) e disperdili in acqua.\\n6)AROMATIZZARE E CARATTERIZZARE UN BAGNO DI VAPORE - Scegli insieme alla tua cliente la Sinergia pi\u00f9 indicata per lei e aggiungila nel bagno di vapore in quantit\u00e0 di circa 6-8 gocce. Le offrirai un viaggio di profumi che incentivano il rilassamento ed il benessere.\"}\" data-sheets-userformat=\"{\"2\":15297,\"3\":{\"1\":0},\"9\":0,\"10\":2,\"11\":0,\"12\":0,\"14\":{\"1\":2,\"2\":0},\"15\":\"Calibri\",\"16\":11}\">6)AROMATIZE AND CHARACTERIZE A STEAM BATH &#8211; Choose together with your client the Synergy most suitable for her and add it to the steam bath in quantities of about 6-8 drops. You will offer her a journey of scents that encourage relaxation and well-being.<\/span><\/p>\n","protected":false},"excerpt":{"rendered":"<p>Synergy of balsamic and resinous essential oils.<\/p>\n","protected":false},"featured_media":57880,"template":"","meta":{"_acf_changed":false},"product_brand":[],"product_cat":[2308,12981],"product_tag":[4252,2311,4270,522,511,4292,4294,4253,4295,486,4296,4297,4293],"class_list":{"0":"post-46120","1":"product","2":"type-product","3":"status-publish","4":"has-post-thumbnail","6":"product_cat-essences","7":"product_cat-microcosm","8":"product_tag-essence-en","9":"product_tag-essential","10":"product_tag-essentials","11":"product_tag-eucalyptus","12":"product_tag-juniper","13":"product_tag-nutmeg-en","14":"product_tag-nutmeg-en-2","15":"product_tag-oils","16":"product_tag-presence","17":"product_tag-rosemary","18":"product_tag-synergy","19":"product_tag-vetyver-en","20":"product_tag-walnut","21":"pa_formato-10ml-en","22":"pa_formato-30ml-en","24":"first","25":"instock","26":"taxable","27":"shipping-taxable","28":"purchasable","29":"product-type-variable"},"acf":[],"jetpack_sharing_enabled":true,"_links":{"self":[{"href":"https:\/\/cndestetik.ch\/en\/wp-json\/wp\/v2\/product\/46120","targetHints":{"allow":["GET"]}}],"collection":[{"href":"https:\/\/cndestetik.ch\/en\/wp-json\/wp\/v2\/product"}],"about":[{"href":"https:\/\/cndestetik.ch\/en\/wp-json\/wp\/v2\/types\/product"}],"wp:featuredmedia":[{"embeddable":true,"href":"https:\/\/cndestetik.ch\/en\/wp-json\/wp\/v2\/media\/57880"}],"wp:attachment":[{"href":"https:\/\/cndestetik.ch\/en\/wp-json\/wp\/v2\/media?parent=46120"}],"wp:term":[{"taxonomy":"product_brand","embeddable":true,"href":"https:\/\/cndestetik.ch\/en\/wp-json\/wp\/v2\/product_brand?post=46120"},{"taxonomy":"product_cat","embeddable":true,"href":"https:\/\/cndestetik.ch\/en\/wp-json\/wp\/v2\/product_cat?post=46120"},{"taxonomy":"product_tag","embeddable":true,"href":"https:\/\/cndestetik.ch\/en\/wp-json\/wp\/v2\/product_tag?post=46120"}],"curies":[{"name":"wp","href":"https:\/\/api.w.org\/{rel}","templated":true}]}}