{"id":46106,"date":"2022-06-20T13:08:59","date_gmt":"2022-06-20T11:08:59","guid":{"rendered":"https:\/\/ticinoweb01.jcloud.ik-server.com\/cndestetik\/prodotto\/mini-wooden-aromatherapy-diffuser\/"},"modified":"2025-01-23T08:44:13","modified_gmt":"2025-01-23T07:44:13","slug":"mini-diffuser-in-wood-for-aromatherapy","status":"publish","type":"product","link":"https:\/\/cndestetik.ch\/en\/prodotto\/mini-diffuser-in-wood-for-aromatherapy\/","title":{"rendered":"Mini wooden aromatherapy diffuser"},"content":{"rendered":"<p><span data-sheets-value=\"{\"1\":2,\"2\":\"Accessorio indispensabile per chi vuole portare con se facilmente le proprie essenze.\\nNell'apposita mini bottiglia in vetro inserisci la tua essenza preferita o la tua sinergia preferita, avvita il tappo e il gioco \u00e8 fatto. L'essenza, molecola volatile, impregner\u00e0 il legno e diffonder\u00e0 nel tempo tutte le sue caratteristiche e pregi.\\nMolto utile in macchina al posto dei profumatori chimici oppure nei piccoli ambienti (come il bagno o l'interno degli armadi); da tenere sulla scrivania o sul comodino.\\nOttimo anche come idea regalo!\"}\" data-sheets-userformat=\"{\"2\":15297,\"3\":{\"1\":0},\"9\":0,\"10\":2,\"11\":0,\"12\":0,\"14\":{\"1\":2,\"2\":0},\"15\":\"Calibri\",\"16\":11}\">Indispensable accessory for those who want to carry their essences with them easily.<br \/>\nIn the mini glass bottle insert your favorite essence or synergy, screw on the cap and that&#8217;s it. The essence, a volatile molecule, will impregnate the wood and diffuse all its characteristics and merits over time.<br \/>\nVery useful in the car instead of chemical perfumers or in small rooms (such as the bathroom or the inside of closets); keep it on your desk or bedside table.<br \/>\nAlso great as a gift idea! <\/span><\/p>\n","protected":false},"excerpt":{"rendered":"<p>Small container for essential oils or synergies.<\/p>\n","protected":false},"featured_media":54354,"template":"","meta":{"_acf_changed":false},"product_brand":[],"product_cat":[2308,8513,12981],"product_tag":[2326,2327,4252,2311,2313,504,4270,4253,4269],"class_list":{"0":"post-46106","1":"product","2":"type-product","3":"status-publish","4":"has-post-thumbnail","6":"product_cat-essences","7":"product_cat-last-pieces","8":"product_cat-microcosm","9":"product_tag-aroma-en","10":"product_tag-aromatherapy","11":"product_tag-essence-en","12":"product_tag-essential","13":"product_tag-essential-oil-en","14":"product_tag-essential-oils","15":"product_tag-essentials","16":"product_tag-oils","17":"product_tag-speaker","19":"first","20":"instock","21":"taxable","22":"shipping-taxable","23":"purchasable","24":"product-type-simple"},"acf":[],"jetpack_sharing_enabled":true,"_links":{"self":[{"href":"https:\/\/cndestetik.ch\/en\/wp-json\/wp\/v2\/product\/46106","targetHints":{"allow":["GET"]}}],"collection":[{"href":"https:\/\/cndestetik.ch\/en\/wp-json\/wp\/v2\/product"}],"about":[{"href":"https:\/\/cndestetik.ch\/en\/wp-json\/wp\/v2\/types\/product"}],"wp:featuredmedia":[{"embeddable":true,"href":"https:\/\/cndestetik.ch\/en\/wp-json\/wp\/v2\/media\/54354"}],"wp:attachment":[{"href":"https:\/\/cndestetik.ch\/en\/wp-json\/wp\/v2\/media?parent=46106"}],"wp:term":[{"taxonomy":"product_brand","embeddable":true,"href":"https:\/\/cndestetik.ch\/en\/wp-json\/wp\/v2\/product_brand?post=46106"},{"taxonomy":"product_cat","embeddable":true,"href":"https:\/\/cndestetik.ch\/en\/wp-json\/wp\/v2\/product_cat?post=46106"},{"taxonomy":"product_tag","embeddable":true,"href":"https:\/\/cndestetik.ch\/en\/wp-json\/wp\/v2\/product_tag?post=46106"}],"curies":[{"name":"wp","href":"https:\/\/api.w.org\/{rel}","templated":true}]}}