{"id":45838,"date":"2022-06-15T14:27:28","date_gmt":"2022-06-15T12:27:28","guid":{"rendered":"https:\/\/ticinoweb01.jcloud.ik-server.com\/cndestetik\/prodotto\/spf-50-total-shield-cream\/"},"modified":"2022-11-15T16:43:00","modified_gmt":"2022-11-15T15:43:00","slug":"cream-shield-total-spf-50","status":"publish","type":"product","link":"https:\/\/cndestetik.ch\/en\/prodotto\/cream-shield-total-spf-50\/","title":{"rendered":"Spf 50+ total shield cream"},"content":{"rendered":"<p><span data-sheets-value=\"{\"1\":2,\"2\":\"Grazie agli estratti di Calendula e Camomilla ha le stesse peculiarit\u00e0 rigenerative ed emollienti degli altri solari. La sua caratteristica \u00e8 quella di essere particolarmente coprente e protettiva nei confronti dei raggi solari. Per questo \u00e8 indicata sulle aree pi\u00f9 sensibili e delicate della cute come nei, macchie cutanee, tatuaggi, unghie con smalto semipermanente e non e zone di maggiore irritabilit\u00e0.\"}\" data-sheets-userformat=\"{\"2\":15299,\"3\":{\"1\":0},\"4\":{\"1\":2,\"2\":16777215},\"9\":0,\"10\":2,\"11\":0,\"12\":0,\"14\":{\"1\":2,\"2\":0},\"15\":\"Calibri\",\"16\":11}\">Thanks to extracts of Calendula and Chamomile, it has the same regenerative and emollient properties as other sunscreens.  <\/span><\/p>\n<p><span data-sheets-value=\"{\"1\":2,\"2\":\"Grazie agli estratti di Calendula e Camomilla ha le stesse peculiarit\u00e0 rigenerative ed emollienti degli altri solari. La sua caratteristica \u00e8 quella di essere particolarmente coprente e protettiva nei confronti dei raggi solari. Per questo \u00e8 indicata sulle aree pi\u00f9 sensibili e delicate della cute come nei, macchie cutanee, tatuaggi, unghie con smalto semipermanente e non e zone di maggiore irritabilit\u00e0.\"}\" data-sheets-userformat=\"{\"2\":15299,\"3\":{\"1\":0},\"4\":{\"1\":2,\"2\":16777215},\"9\":0,\"10\":2,\"11\":0,\"12\":0,\"14\":{\"1\":2,\"2\":0},\"15\":\"Calibri\",\"16\":11}\">Its characteristic is that it is particularly opaque and protective against the sun&#8217;s rays. Therefore, it is indicated on the most sensitive and delicate areas of the skin such as moles, skin spots, tattoos, nails with semi-permanent and non-permanent nail polish, and areas of increased irritability.<\/span><\/p>\n<p>Size: 20ml<\/p>\n<div id=\":cb\" class=\"Ar Au Ao\">\n<div id=\":c7\" class=\"Am Al editable LW-avf tS-tW tS-tY\" role=\"textbox\" aria-label=\"Corpo del messaggio\">\n<p>Microcosm sunscreens contain only physical filters, which are small mineral particles that reflect the sun&#8217;s rays, preventing them from reaching and scalding the skin. They do not overheat the skin, do not leave annoying patinas, and protect thoroughly.<\/p>\n<p>In addition, the products contain the spagyric extracts of Calendula, which is sun-bound, regenerates and protects the skin from aging.<\/p>\n<\/div>\n<\/div>\n","protected":false},"excerpt":{"rendered":"<p>Protection suitable for the most sensitive and delicate areas.<\/p>\n","protected":false},"featured_media":45686,"template":"","meta":{"_acf_changed":false},"product_brand":[],"product_cat":[3298],"product_tag":[4066,4067,3832,4057,4069,4068,4070,4071],"class_list":{"0":"post-45838","1":"product","2":"type-product","3":"status-publish","4":"has-post-thumbnail","6":"product_cat-04-solari-en","7":"product_tag-50-en","8":"product_tag-cnd-en","9":"product_tag-cream-en","10":"product_tag-protection-en","11":"product_tag-shield","12":"product_tag-shield-cream","13":"product_tag-spf-50-en","14":"product_tag-total-en","16":"first","17":"outofstock","18":"taxable","19":"shipping-taxable","20":"product-type-simple"},"acf":[],"jetpack_sharing_enabled":true,"_links":{"self":[{"href":"https:\/\/cndestetik.ch\/en\/wp-json\/wp\/v2\/product\/45838","targetHints":{"allow":["GET"]}}],"collection":[{"href":"https:\/\/cndestetik.ch\/en\/wp-json\/wp\/v2\/product"}],"about":[{"href":"https:\/\/cndestetik.ch\/en\/wp-json\/wp\/v2\/types\/product"}],"wp:featuredmedia":[{"embeddable":true,"href":"https:\/\/cndestetik.ch\/en\/wp-json\/wp\/v2\/media\/45686"}],"wp:attachment":[{"href":"https:\/\/cndestetik.ch\/en\/wp-json\/wp\/v2\/media?parent=45838"}],"wp:term":[{"taxonomy":"product_brand","embeddable":true,"href":"https:\/\/cndestetik.ch\/en\/wp-json\/wp\/v2\/product_brand?post=45838"},{"taxonomy":"product_cat","embeddable":true,"href":"https:\/\/cndestetik.ch\/en\/wp-json\/wp\/v2\/product_cat?post=45838"},{"taxonomy":"product_tag","embeddable":true,"href":"https:\/\/cndestetik.ch\/en\/wp-json\/wp\/v2\/product_tag?post=45838"}],"curies":[{"name":"wp","href":"https:\/\/api.w.org\/{rel}","templated":true}]}}