{"id":40086,"date":"2022-06-03T11:43:01","date_gmt":"2022-06-03T09:43:01","guid":{"rendered":"https:\/\/ticinoweb01.jcloud.ik-server.com\/cndestetik\/prodotto\/shape-herbal-tea\/"},"modified":"2022-12-01T10:51:51","modified_gmt":"2022-12-01T09:51:51","slug":"herbal-tea-shape","status":"publish","type":"product","link":"https:\/\/cndestetik.ch\/en\/prodotto\/herbal-tea-shape\/","title":{"rendered":"Shape Herbal Tea"},"content":{"rendered":"<p>12 2.5 Gr Pyramids in Organic Doypack<\/p>\n<p><span data-sheets-value=\"{\"1\":2,\"2\":\"INGREDIENTI: The Verde, lemongrass, zenzero, mate Brasiliano, finocchio, foglie di ortica, buccia di Limone, bacche di goji, scaglie di ananas. Ricca di Vitamine C,E,A,B e di sali minerali, \u00e8 un valido aiuto per aumentare i livelli di energie. I suoi ingredienti aiutano a prolungare il senso di saziet\u00e0 e a stimolare il metabolismo. Riduce i grassi ed \u00e8 ottima per ridurre la ritenzione idrica. Infusione 5-10 min. 90 gradi. Bere 1-2 tazze al giorno, vicine ai pasti. Sconsigliato alla sera. Abbinare almeno 60 minuti di camminata leggera al giorno oppure attivit\u00e0 sportiva. Da abbinare ai trattamenti snellenti che sono sia i pi\u00f9 ambiti che i pi\u00f9 insidiosi. Il risultato sta tutto nella \\\"buona educazione della cliente\\\". I trattamenti abbinabili alla nostra tisana consigliati sono: TRATTAMENTO CORPO SNELLENTE\/MASSAGGIO ANTICELLULITE RASSODANTE\/TERMOTERAPIA\"}\" data-sheets-userformat=\"{\"2\":15297,\"3\":{\"1\":0},\"9\":0,\"10\":2,\"11\":0,\"12\":0,\"14\":{\"1\":2,\"2\":0},\"15\":\"Calibri\",\"16\":11}\">INGREDIENTS: Green tea, lemongrass, ginger, Brazilian mate, fennel, nettle leaves, lemon peel, goji berries, pineapple flakes.  <\/span><\/p>\n<p><span data-sheets-value=\"{\"1\":2,\"2\":\"INGREDIENTI: The Verde, lemongrass, zenzero, mate Brasiliano, finocchio, foglie di ortica, buccia di Limone, bacche di goji, scaglie di ananas. Ricca di Vitamine C,E,A,B e di sali minerali, \u00e8 un valido aiuto per aumentare i livelli di energie. I suoi ingredienti aiutano a prolungare il senso di saziet\u00e0 e a stimolare il metabolismo. Riduce i grassi ed \u00e8 ottima per ridurre la ritenzione idrica. Infusione 5-10 min. 90 gradi. Bere 1-2 tazze al giorno, vicine ai pasti. Sconsigliato alla sera. Abbinare almeno 60 minuti di camminata leggera al giorno oppure attivit\u00e0 sportiva. Da abbinare ai trattamenti snellenti che sono sia i pi\u00f9 ambiti che i pi\u00f9 insidiosi. Il risultato sta tutto nella \\\"buona educazione della cliente\\\". I trattamenti abbinabili alla nostra tisana consigliati sono: TRATTAMENTO CORPO SNELLENTE\/MASSAGGIO ANTICELLULITE RASSODANTE\/TERMOTERAPIA\"}\" data-sheets-userformat=\"{\"2\":15297,\"3\":{\"1\":0},\"9\":0,\"10\":2,\"11\":0,\"12\":0,\"14\":{\"1\":2,\"2\":0},\"15\":\"Calibri\",\"16\":11}\">Rich in Vitamins C,E,A,B and minerals, it is a valuable aid in boosting energy levels. Its ingredients help prolong satiety and boost metabolism. It reduces fat and is good for reducing water retention. Infusion 5-10 min. 90 degrees. Drink 1-2 cups daily, close to meals. Not recommended in the evening. Combine at least 60 minutes of light walking a day or sports activity.  <\/span><\/p>\n<p><span data-sheets-value=\"{\"1\":2,\"2\":\"INGREDIENTI: The Verde, lemongrass, zenzero, mate Brasiliano, finocchio, foglie di ortica, buccia di Limone, bacche di goji, scaglie di ananas. Ricca di Vitamine C,E,A,B e di sali minerali, \u00e8 un valido aiuto per aumentare i livelli di energie. I suoi ingredienti aiutano a prolungare il senso di saziet\u00e0 e a stimolare il metabolismo. Riduce i grassi ed \u00e8 ottima per ridurre la ritenzione idrica. Infusione 5-10 min. 90 gradi. Bere 1-2 tazze al giorno, vicine ai pasti. Sconsigliato alla sera. Abbinare almeno 60 minuti di camminata leggera al giorno oppure attivit\u00e0 sportiva. Da abbinare ai trattamenti snellenti che sono sia i pi\u00f9 ambiti che i pi\u00f9 insidiosi. Il risultato sta tutto nella \\\"buona educazione della cliente\\\". I trattamenti abbinabili alla nostra tisana consigliati sono: TRATTAMENTO CORPO SNELLENTE\/MASSAGGIO ANTICELLULITE RASSODANTE\/TERMOTERAPIA\"}\" data-sheets-userformat=\"{\"2\":15297,\"3\":{\"1\":0},\"9\":0,\"10\":2,\"11\":0,\"12\":0,\"14\":{\"1\":2,\"2\":0},\"15\":\"Calibri\",\"16\":11}\">To be combined with slimming treatments that are both the most coveted and the most insidious. The result is all in the &#8220;good education of the client.&#8221; The treatments that can be combined with our recommended herbal tea are: SLIMMING BODY TREATMENT\/FIRMING ANTI-CELLULITE MASSAGE\/THERMOTHERAPY<\/span><\/p>\n<p>1 Package = 7.9 CHF &#8211; 6 Packages = 7.5 CHF per package &#8211; 12 Packages = 7 CHF per package<\/p>\n","protected":false},"excerpt":{"rendered":"<p>Slimming wellness herbal tea. 12 biodegradable pyramid filters for body wellness. To be combined with cabin treatments.<\/p>\n","protected":false},"featured_media":40597,"template":"","meta":{"_acf_changed":false},"product_brand":[],"product_cat":[1993],"product_tag":[2028,2000,2030,2001,2029,2031],"class_list":{"0":"post-40086","1":"product","2":"type-product","3":"status-publish","4":"has-post-thumbnail","6":"product_cat-wellness-herbal-teas","7":"product_tag-form","8":"product_tag-herbal-tea","9":"product_tag-herbal-tea-shape","10":"product_tag-herbal-teas","11":"product_tag-shape-en","12":"product_tag-shape-herbal-teas","13":"pa_pacchetto-1-package","14":"pa_pacchetto-12-packages","15":"pa_pacchetto-6-packages","17":"first","18":"instock","19":"taxable","20":"shipping-taxable","21":"purchasable","22":"product-type-variable","23":"has-default-attributes"},"acf":[],"jetpack_sharing_enabled":true,"_links":{"self":[{"href":"https:\/\/cndestetik.ch\/en\/wp-json\/wp\/v2\/product\/40086","targetHints":{"allow":["GET"]}}],"collection":[{"href":"https:\/\/cndestetik.ch\/en\/wp-json\/wp\/v2\/product"}],"about":[{"href":"https:\/\/cndestetik.ch\/en\/wp-json\/wp\/v2\/types\/product"}],"wp:featuredmedia":[{"embeddable":true,"href":"https:\/\/cndestetik.ch\/en\/wp-json\/wp\/v2\/media\/40597"}],"wp:attachment":[{"href":"https:\/\/cndestetik.ch\/en\/wp-json\/wp\/v2\/media?parent=40086"}],"wp:term":[{"taxonomy":"product_brand","embeddable":true,"href":"https:\/\/cndestetik.ch\/en\/wp-json\/wp\/v2\/product_brand?post=40086"},{"taxonomy":"product_cat","embeddable":true,"href":"https:\/\/cndestetik.ch\/en\/wp-json\/wp\/v2\/product_cat?post=40086"},{"taxonomy":"product_tag","embeddable":true,"href":"https:\/\/cndestetik.ch\/en\/wp-json\/wp\/v2\/product_tag?post=40086"}],"curies":[{"name":"wp","href":"https:\/\/api.w.org\/{rel}","templated":true}]}}