{"id":38308,"date":"2020-12-17T11:24:34","date_gmt":"2020-12-17T10:24:34","guid":{"rendered":"https:\/\/ticinoweb01.jcloud.ik-server.com\/cndestetik\/prodotto\/mixture-risanambiente-microcosmo\/"},"modified":"2025-01-23T09:11:55","modified_gmt":"2025-01-23T08:11:55","slug":"mixture-risanambiente","status":"publish","type":"product","link":"https:\/\/cndestetik.ch\/en\/prodotto\/mixture-risanambiente\/","title":{"rendered":"Risanambiente Blend"},"content":{"rendered":"<p><span data-sheets-value=\"{\"1\":2,\"2\":\"Gli olio essenziali contenuti nella miscela, oltre ad essere riconoscuti dalla letteratura scientifica per la loro azione nei confronti dei pi\u00f9 diffusi contaminanti ambientali, hanno anche un'azione pi\u00f9 sottile che lavora sul piano energetico per una sanificazione completa degli spazi. La miscela risanambiente \u00e8 ottenuta utilizzando solo gli oli essenziali puri e selezionati per il controllo dei pi\u00f9 importanti contaminanti microbici. Efficacia scientificamente testata in spazi comunitari.\\nCOME PUOI USARLA?\\n-In diffusione nell'ambiente: 2-3 gocce per 10 metri quadrati che si vogliono sanificare. Diffusione durante il giorno o durante la notte per almeno 7 ore per 15 giorni. Per il mantenimento si consiglia la diffusione per 7 ore (notte o giorno) una o due volte alla settimana.\\n-Aggiungendola al sapone liquido neutro per creare un sapone sanificante (180 gocce in 300 ml.)\\n-Aggiungendola al gel aloe per creare un gel mani sanificante (60 gocce in 100 ml.)\\n-Per realizzare uno spray sanificante idroalcolico (per ambienti e superfici)\\nTENERE LA MISCELA RISANAMBIENTE LONTANO DALLA PORTATA DEI BAMBINI. CONSERVARE IN LUOGO FRESC E ASCIUTTO.\"}\" data-sheets-userformat=\"{\"2\":15297,\"3\":{\"1\":0},\"9\":0,\"10\":2,\"11\":0,\"12\":0,\"14\":{\"1\":2,\"2\":0},\"15\":\"Calibri\",\"16\":11}\">The essential oils in the blend, in addition to being recognized in the scientific literature for their action against the most common environmental contaminants, also have a more subtle action that works on the energetic level for complete sanitization of spaces. The restorative blend is obtained by using only the pure and selected essential oils for the control of the most important microbial contaminants. Scientifically tested efficacy in community spaces.<br \/>\n<\/span><\/p>\n<p><span data-sheets-value=\"{\"1\":2,\"2\":\"Gli olio essenziali contenuti nella miscela, oltre ad essere riconoscuti dalla letteratura scientifica per la loro azione nei confronti dei pi\u00f9 diffusi contaminanti ambientali, hanno anche un'azione pi\u00f9 sottile che lavora sul piano energetico per una sanificazione completa degli spazi. La miscela risanambiente \u00e8 ottenuta utilizzando solo gli oli essenziali puri e selezionati per il controllo dei pi\u00f9 importanti contaminanti microbici. Efficacia scientificamente testata in spazi comunitari.\\nCOME PUOI USARLA?\\n-In diffusione nell'ambiente: 2-3 gocce per 10 metri quadrati che si vogliono sanificare. Diffusione durante il giorno o durante la notte per almeno 7 ore per 15 giorni. Per il mantenimento si consiglia la diffusione per 7 ore (notte o giorno) una o due volte alla settimana.\\n-Aggiungendola al sapone liquido neutro per creare un sapone sanificante (180 gocce in 300 ml.)\\n-Aggiungendola al gel aloe per creare un gel mani sanificante (60 gocce in 100 ml.)\\n-Per realizzare uno spray sanificante idroalcolico (per ambienti e superfici)\\nTENERE LA MISCELA RISANAMBIENTE LONTANO DALLA PORTATA DEI BAMBINI. CONSERVARE IN LUOGO FRESC E ASCIUTTO.\"}\" data-sheets-userformat=\"{\"2\":15297,\"3\":{\"1\":0},\"9\":0,\"10\":2,\"11\":0,\"12\":0,\"14\":{\"1\":2,\"2\":0},\"15\":\"Calibri\",\"16\":11}\">HOW CAN YOU USE IT?<br \/>\n<\/span><\/p>\n<p><span data-sheets-value=\"{\"1\":2,\"2\":\"Gli olio essenziali contenuti nella miscela, oltre ad essere riconoscuti dalla letteratura scientifica per la loro azione nei confronti dei pi\u00f9 diffusi contaminanti ambientali, hanno anche un'azione pi\u00f9 sottile che lavora sul piano energetico per una sanificazione completa degli spazi. La miscela risanambiente \u00e8 ottenuta utilizzando solo gli oli essenziali puri e selezionati per il controllo dei pi\u00f9 importanti contaminanti microbici. Efficacia scientificamente testata in spazi comunitari.\\nCOME PUOI USARLA?\\n-In diffusione nell'ambiente: 2-3 gocce per 10 metri quadrati che si vogliono sanificare. Diffusione durante il giorno o durante la notte per almeno 7 ore per 15 giorni. Per il mantenimento si consiglia la diffusione per 7 ore (notte o giorno) una o due volte alla settimana.\\n-Aggiungendola al sapone liquido neutro per creare un sapone sanificante (180 gocce in 300 ml.)\\n-Aggiungendola al gel aloe per creare un gel mani sanificante (60 gocce in 100 ml.)\\n-Per realizzare uno spray sanificante idroalcolico (per ambienti e superfici)\\nTENERE LA MISCELA RISANAMBIENTE LONTANO DALLA PORTATA DEI BAMBINI. CONSERVARE IN LUOGO FRESC E ASCIUTTO.\"}\" data-sheets-userformat=\"{\"2\":15297,\"3\":{\"1\":0},\"9\":0,\"10\":2,\"11\":0,\"12\":0,\"14\":{\"1\":2,\"2\":0},\"15\":\"Calibri\",\"16\":11}\">-In diffusion in the environment: 2-3 drops per 10 square meters that you want to sanitize. Diffusion during the day or night for at least 7 hours for 15 days. For maintenance, we recommend spreading it for 7 hours (night or day) once or twice a week.<br \/>\n-Add it to neutral liquid soap to create a sanitizing soap (180 drops in 300 ml.)<br \/>\n-Add it to aloe gel to create a sanitizing hand gel (60 drops in 100 ml.)<br \/>\n-To make a hydroalcoholic sanitizing spray (for rooms and surfaces)<br \/>\n<\/span><\/p>\n<p><span data-sheets-value=\"{\"1\":2,\"2\":\"Gli olio essenziali contenuti nella miscela, oltre ad essere riconoscuti dalla letteratura scientifica per la loro azione nei confronti dei pi\u00f9 diffusi contaminanti ambientali, hanno anche un'azione pi\u00f9 sottile che lavora sul piano energetico per una sanificazione completa degli spazi. La miscela risanambiente \u00e8 ottenuta utilizzando solo gli oli essenziali puri e selezionati per il controllo dei pi\u00f9 importanti contaminanti microbici. Efficacia scientificamente testata in spazi comunitari.\\nCOME PUOI USARLA?\\n-In diffusione nell'ambiente: 2-3 gocce per 10 metri quadrati che si vogliono sanificare. Diffusione durante il giorno o durante la notte per almeno 7 ore per 15 giorni. Per il mantenimento si consiglia la diffusione per 7 ore (notte o giorno) una o due volte alla settimana.\\n-Aggiungendola al sapone liquido neutro per creare un sapone sanificante (180 gocce in 300 ml.)\\n-Aggiungendola al gel aloe per creare un gel mani sanificante (60 gocce in 100 ml.)\\n-Per realizzare uno spray sanificante idroalcolico (per ambienti e superfici)\\nTENERE LA MISCELA RISANAMBIENTE LONTANO DALLA PORTATA DEI BAMBINI. CONSERVARE IN LUOGO FRESC E ASCIUTTO.\"}\" data-sheets-userformat=\"{\"2\":15297,\"3\":{\"1\":0},\"9\":0,\"10\":2,\"11\":0,\"12\":0,\"14\":{\"1\":2,\"2\":0},\"15\":\"Calibri\",\"16\":11}\">KEEP THE SANITATION MIXTURE OUT OF THE REACH OF CHILDREN. STORE IN A COOL, DRY PLACE.<\/span><\/p>\n","protected":false},"excerpt":{"rendered":"<p><span data-sheets-value=\"{\"1\":2,\"2\":\"Passare del tempo in uno spazio pulito dagli Oli Essenziali aiuta a stare bene. Gli oli essenziali contenuti nella miscela, oltre ad essere riconosciuti dalla letteratura scientifica per la loro azione nei confronti dei pi\u00f9 diffusi contaminanti ambientali, hanno anche un\u2019azione pi\u00f9 sottile che lavora sul piano energetico per una sanificazione completa degli spazi. La miscela risanambiente \u00e8 ottenuta utilizzando solo oli essenziali puri e selezionati per il controllo dei pi\u00f9 importanti contaminanti microbici. Efficacia scientificamente testata in spazi comunitari. Come puoi usarla? \u2022 in diffusione nell\u2019ambiente \u2022 aggiungendola al gel aloe per creare un gel mani sanificante \u2022 aggiungendola al sapone liquido neutro per creare un sapone sanificante Come sappiamo gli igienizzanti a base di candeggina a lungo andare sono dannosi per la pelle e la persona in generale, gli Oli Essenziali sono dei validi sostituti senza effetti dannosi e con attivit\u00e0 testata.\"}\" data-sheets-userformat=\"{\"2\":14530,\"4\":{\"1\":2,\"2\":16777215},\"9\":0,\"10\":2,\"14\":{\"1\":2,\"2\":0},\"15\":\"Arial\",\"16\":10}\">Risanambiente mixture. Spending time in a space cleaned by Essential Oils helps you feel good.<\/span><\/p>\n<p><span data-sheets-value=\"{\"1\":2,\"2\":\"Passare del tempo in uno spazio pulito dagli Oli Essenziali aiuta a stare bene. Gli oli essenziali contenuti nella miscela, oltre ad essere riconosciuti dalla letteratura scientifica per la loro azione nei confronti dei pi\u00f9 diffusi contaminanti ambientali, hanno anche un\u2019azione pi\u00f9 sottile che lavora sul piano energetico per una sanificazione completa degli spazi. La miscela risanambiente \u00e8 ottenuta utilizzando solo oli essenziali puri e selezionati per il controllo dei pi\u00f9 importanti contaminanti microbici. Efficacia scientificamente testata in spazi comunitari. Come puoi usarla? \u2022 in diffusione nell\u2019ambiente \u2022 aggiungendola al gel aloe per creare un gel mani sanificante \u2022 aggiungendola al sapone liquido neutro per creare un sapone sanificante Come sappiamo gli igienizzanti a base di candeggina a lungo andare sono dannosi per la pelle e la persona in generale, gli Oli Essenziali sono dei validi sostituti senza effetti dannosi e con attivit\u00e0 testata.\"}\" data-sheets-userformat=\"{\"2\":14530,\"4\":{\"1\":2,\"2\":16777215},\"9\":0,\"10\":2,\"14\":{\"1\":2,\"2\":0},\"15\":\"Arial\",\"16\":10}\">The restorative blend is made using only pure and selected essential oils to control the most important microbial contaminants.<\/span><\/p>\n<p>Scientifically tested efficacy in community spaces.<\/p>\n<p>&nbsp;<\/p>\n","protected":false},"featured_media":46068,"template":"","meta":{"_acf_changed":false},"product_brand":[],"product_cat":[2308,12981],"product_tag":[400,841,842,843],"class_list":{"0":"post-38308","1":"product","2":"type-product","3":"status-publish","4":"has-post-thumbnail","6":"product_cat-essences","7":"product_cat-microcosm","8":"product_tag-essences","9":"product_tag-microcosm","10":"product_tag-mixture","11":"product_tag-risanambiente-en","12":"pa_formato-10ml-en","13":"pa_formato-30ml-en","15":"first","16":"instock","17":"taxable","18":"shipping-taxable","19":"purchasable","20":"product-type-variable"},"acf":[],"jetpack_sharing_enabled":true,"_links":{"self":[{"href":"https:\/\/cndestetik.ch\/en\/wp-json\/wp\/v2\/product\/38308","targetHints":{"allow":["GET"]}}],"collection":[{"href":"https:\/\/cndestetik.ch\/en\/wp-json\/wp\/v2\/product"}],"about":[{"href":"https:\/\/cndestetik.ch\/en\/wp-json\/wp\/v2\/types\/product"}],"wp:featuredmedia":[{"embeddable":true,"href":"https:\/\/cndestetik.ch\/en\/wp-json\/wp\/v2\/media\/46068"}],"wp:attachment":[{"href":"https:\/\/cndestetik.ch\/en\/wp-json\/wp\/v2\/media?parent=38308"}],"wp:term":[{"taxonomy":"product_brand","embeddable":true,"href":"https:\/\/cndestetik.ch\/en\/wp-json\/wp\/v2\/product_brand?post=38308"},{"taxonomy":"product_cat","embeddable":true,"href":"https:\/\/cndestetik.ch\/en\/wp-json\/wp\/v2\/product_cat?post=38308"},{"taxonomy":"product_tag","embeddable":true,"href":"https:\/\/cndestetik.ch\/en\/wp-json\/wp\/v2\/product_tag?post=38308"}],"curies":[{"name":"wp","href":"https:\/\/api.w.org\/{rel}","templated":true}]}}