{"id":37961,"date":"2020-10-15T11:42:08","date_gmt":"2020-10-15T09:42:08","guid":{"rendered":"https:\/\/ticinoweb01.jcloud.ik-server.com\/cndestetik\/prodotto\/rose-hydrolate\/"},"modified":"2025-01-24T08:24:03","modified_gmt":"2025-01-24T07:24:03","slug":"hydrolate-of-rose","status":"publish","type":"product","link":"https:\/\/cndestetik.ch\/en\/prodotto\/hydrolate-of-rose\/","title":{"rendered":"Rose Hydrolate"},"content":{"rendered":"<p><span data-sheets-value=\"{\"1\":2,\"2\":\"Durante il processo di distillazione in corrente di vapore delle piante fresche, raccolte nel loro momento balsamico, si ottengono gli idrolati, impregnati di oli essenziali e di altri principi potenziati. Semplici e puri i nostri idrolati sono un'alternativa agli estratti in alcool e agli oli essenziali, ma non hanno le stesse controindicazioni, possono essere usati anche puri sulla pelle, per rinfrescare tonificare e rimuovere impurit\u00e0. Rimangono una delle vie di cura e bellezza principali, rigenerando e tonificando la nostra pelle.\\nSi utilizzano bagnando un batuffolo di cotone passandolo sulla pelle, oppure pi\u00f9 comodamente si possono utilizzare vaporizzandoli direttamente sul viso o sul corpo facendoli penetrare con dei picchiettamenti.\\nLa Rosa \u00e8 antisettica, lenitiva e rinfrescante. Dona luminosit\u00e0 al viso. Ottimo antirughe. Adatto a pi\u00f9 tipi di pelle, soprattutto quelle delicate.\"}\" data-sheets-userformat=\"{\"2\":15297,\"3\":{\"1\":0},\"9\":0,\"10\":2,\"11\":0,\"12\":0,\"14\":{\"1\":2,\"2\":0},\"15\":\"Calibri\",\"16\":11}\">During the process of steam distillation of fresh plants, harvested in their balsamic moment, hydrolates, impregnated with essential oils and other enhanced principles, are obtained. Simple and pure, our hydrolates are an alternative to alcohol extracts and essential oils, but they do not have the same contraindications; they can also be used pure on the skin to refresh tone and remove impurities.  <\/span><\/p>\n<p><span data-sheets-value=\"{\"1\":2,\"2\":\"Durante il processo di distillazione in corrente di vapore delle piante fresche, raccolte nel loro momento balsamico, si ottengono gli idrolati, impregnati di oli essenziali e di altri principi potenziati. Semplici e puri i nostri idrolati sono un'alternativa agli estratti in alcool e agli oli essenziali, ma non hanno le stesse controindicazioni, possono essere usati anche puri sulla pelle, per rinfrescare tonificare e rimuovere impurit\u00e0. Rimangono una delle vie di cura e bellezza principali, rigenerando e tonificando la nostra pelle.\\nSi utilizzano bagnando un batuffolo di cotone passandolo sulla pelle, oppure pi\u00f9 comodamente si possono utilizzare vaporizzandoli direttamente sul viso o sul corpo facendoli penetrare con dei picchiettamenti.\\nLa Rosa \u00e8 antisettica, lenitiva e rinfrescante. Dona luminosit\u00e0 al viso. Ottimo antirughe. Adatto a pi\u00f9 tipi di pelle, soprattutto quelle delicate.\"}\" data-sheets-userformat=\"{\"2\":15297,\"3\":{\"1\":0},\"9\":0,\"10\":2,\"11\":0,\"12\":0,\"14\":{\"1\":2,\"2\":0},\"15\":\"Calibri\",\"16\":11}\">They remain one of the main avenues of care and beauty, regenerating and toning our skin.<br \/>\nThey are used by wetting a cotton ball by passing it over the skin, or more conveniently you can use them by spraying them directly on the face or body by patting them in.<br \/>\n<\/span><\/p>\n<p><span data-sheets-value=\"{\"1\":2,\"2\":\"Durante il processo di distillazione in corrente di vapore delle piante fresche, raccolte nel loro momento balsamico, si ottengono gli idrolati, impregnati di oli essenziali e di altri principi potenziati. Semplici e puri i nostri idrolati sono un'alternativa agli estratti in alcool e agli oli essenziali, ma non hanno le stesse controindicazioni, possono essere usati anche puri sulla pelle, per rinfrescare tonificare e rimuovere impurit\u00e0. Rimangono una delle vie di cura e bellezza principali, rigenerando e tonificando la nostra pelle.\\nSi utilizzano bagnando un batuffolo di cotone passandolo sulla pelle, oppure pi\u00f9 comodamente si possono utilizzare vaporizzandoli direttamente sul viso o sul corpo facendoli penetrare con dei picchiettamenti.\\nLa Rosa \u00e8 antisettica, lenitiva e rinfrescante. Dona luminosit\u00e0 al viso. Ottimo antirughe. Adatto a pi\u00f9 tipi di pelle, soprattutto quelle delicate.\"}\" data-sheets-userformat=\"{\"2\":15297,\"3\":{\"1\":0},\"9\":0,\"10\":2,\"11\":0,\"12\":0,\"14\":{\"1\":2,\"2\":0},\"15\":\"Calibri\",\"16\":11}\">Rose is antiseptic, soothing and refreshing. It gives radiance to the face. Excellent anti-wrinkle. Suitable for multiple skin types, especially delicate skin types.<\/span><\/p>\n","protected":false},"excerpt":{"rendered":"<p>Rose hydrolate is soothing and refreshing. It works as an anti-wrinkle and skin brightener.<\/p>\n","protected":false},"featured_media":37487,"template":"","meta":{"_acf_changed":false},"product_brand":[],"product_cat":[12986,1493,12990,12981,9905],"product_tag":[583,4178,737,4794,546,4179],"class_list":{"0":"post-37961","1":"product","2":"type-product","3":"status-publish","4":"has-post-thumbnail","6":"product_cat-body-en","7":"product_cat-cosmetics","8":"product_cat-face","9":"product_cat-microcosm","10":"product_cat-pink-bird-en","11":"product_tag-anti-wrinkle","12":"product_tag-hydrolate","13":"product_tag-illuminating","14":"product_tag-refreshing","15":"product_tag-rose","16":"product_tag-soothing-en-2","17":"pa_formato-100ml-en","18":"pa_formato-500ml-en","20":"first","21":"instock","22":"taxable","23":"shipping-taxable","24":"purchasable","25":"product-type-variable","26":"has-default-attributes"},"acf":[],"jetpack_sharing_enabled":true,"_links":{"self":[{"href":"https:\/\/cndestetik.ch\/en\/wp-json\/wp\/v2\/product\/37961","targetHints":{"allow":["GET"]}}],"collection":[{"href":"https:\/\/cndestetik.ch\/en\/wp-json\/wp\/v2\/product"}],"about":[{"href":"https:\/\/cndestetik.ch\/en\/wp-json\/wp\/v2\/types\/product"}],"wp:featuredmedia":[{"embeddable":true,"href":"https:\/\/cndestetik.ch\/en\/wp-json\/wp\/v2\/media\/37487"}],"wp:attachment":[{"href":"https:\/\/cndestetik.ch\/en\/wp-json\/wp\/v2\/media?parent=37961"}],"wp:term":[{"taxonomy":"product_brand","embeddable":true,"href":"https:\/\/cndestetik.ch\/en\/wp-json\/wp\/v2\/product_brand?post=37961"},{"taxonomy":"product_cat","embeddable":true,"href":"https:\/\/cndestetik.ch\/en\/wp-json\/wp\/v2\/product_cat?post=37961"},{"taxonomy":"product_tag","embeddable":true,"href":"https:\/\/cndestetik.ch\/en\/wp-json\/wp\/v2\/product_tag?post=37961"}],"curies":[{"name":"wp","href":"https:\/\/api.w.org\/{rel}","templated":true}]}}