{"id":37956,"date":"2020-10-15T11:42:04","date_gmt":"2020-10-15T09:42:04","guid":{"rendered":"https:\/\/ticinoweb01.jcloud.ik-server.com\/cndestetik\/prodotto\/sage-hydrolate\/"},"modified":"2025-01-24T08:23:57","modified_gmt":"2025-01-24T07:23:57","slug":"hydrolate-of-sage","status":"publish","type":"product","link":"https:\/\/cndestetik.ch\/en\/prodotto\/hydrolate-of-sage\/","title":{"rendered":"Sage Hydrolate"},"content":{"rendered":"<p><span data-sheets-value=\"{\"1\":2,\"2\":\"Durante il processo di distillazione in corrente di vapore delle piante fresche, raccolte nel loro momento balsamico, si ottengono gli idrolati, impregnati di oli essenziali e di altri principi potenziati. Semplici e puri i nostri idrolati sono un'alternativa agli estratti in alcool e agli oli essenziali, ma non hanno le stesse controindicazioni, possono essere usati anche puri sulla pelle, per rinfrescare tonificare e rimuovere impurit\u00e0. Rimangono una delle vie di cura e bellezza principali, rigenerando e tonificando la nostra pelle.\\nSi utilizzano bagnando un batuffolo di cotone passandolo sulla pelle, oppure pi\u00f9 comodamente si possono utilizzare vaporizzandoli direttamente sul viso o sul corpo facendoli penetrare con dei picchiettamenti.\\nLa Salvia \u00e8 adatta nei casi di sudorazione eccessiva, \u00e8 indicata come antirughe, idratante, sebo normalizzante. Ottime propriet\u00e0 come regolatore ormonale. Spruzzato sul decolt\u00e9 femminile aiuta a riequilibrare e a rilassare. Utile anche nel trattamento delle smagliature.\"}\" data-sheets-userformat=\"{\"2\":15297,\"3\":{\"1\":0},\"9\":0,\"10\":2,\"11\":0,\"12\":0,\"14\":{\"1\":2,\"2\":0},\"15\":\"Calibri\",\"16\":11}\">During the process of steam distillation of fresh plants, harvested in their balsamic moment, hydrolates, impregnated with essential oils and other enhanced principles, are obtained. Simple and pure, our hydrolates are an alternative to alcohol extracts and essential oils, but they do not have the same contraindications; they can also be used pure on the skin to refresh tone and remove impurities. They remain one of the main avenues of care and beauty, regenerating and toning our skin.<br \/>\nThey are used by wetting a cotton ball by passing it over the skin, or more conveniently, they can be used by steaming them directly on the face or body by patting them in.<br \/>\nSage is suitable in cases of excessive sweating, is indicated as an anti-wrinkle, moisturizing, sebum normalizing. Excellent properties as a hormone regulator. Sprayed on the female d\u00e9colletage, it helps to balance and relax. Also useful in the treatment of stretch marks.<\/span><\/p>\n","protected":false},"excerpt":{"rendered":"<p>Sage hydrolate, available in two sizes: 100ml and 500ml<\/p>\n","protected":false},"featured_media":37490,"template":"","meta":{"_acf_changed":false},"product_brand":[],"product_cat":[12986,1493,12990,12981,9905],"product_tag":[583,4178,586,487,4793],"class_list":{"0":"post-37956","1":"product","2":"type-product","3":"status-publish","4":"has-post-thumbnail","6":"product_cat-body-en","7":"product_cat-cosmetics","8":"product_cat-face","9":"product_cat-microcosm","10":"product_cat-pink-bird-en","11":"product_tag-anti-wrinkle","12":"product_tag-hydrolate","13":"product_tag-moisturizer","14":"product_tag-sage","15":"product_tag-sweating","16":"pa_formato-100ml-en","17":"pa_formato-500ml-en","19":"first","20":"instock","21":"taxable","22":"shipping-taxable","23":"purchasable","24":"product-type-variable"},"acf":[],"jetpack_sharing_enabled":true,"_links":{"self":[{"href":"https:\/\/cndestetik.ch\/en\/wp-json\/wp\/v2\/product\/37956","targetHints":{"allow":["GET"]}}],"collection":[{"href":"https:\/\/cndestetik.ch\/en\/wp-json\/wp\/v2\/product"}],"about":[{"href":"https:\/\/cndestetik.ch\/en\/wp-json\/wp\/v2\/types\/product"}],"wp:featuredmedia":[{"embeddable":true,"href":"https:\/\/cndestetik.ch\/en\/wp-json\/wp\/v2\/media\/37490"}],"wp:attachment":[{"href":"https:\/\/cndestetik.ch\/en\/wp-json\/wp\/v2\/media?parent=37956"}],"wp:term":[{"taxonomy":"product_brand","embeddable":true,"href":"https:\/\/cndestetik.ch\/en\/wp-json\/wp\/v2\/product_brand?post=37956"},{"taxonomy":"product_cat","embeddable":true,"href":"https:\/\/cndestetik.ch\/en\/wp-json\/wp\/v2\/product_cat?post=37956"},{"taxonomy":"product_tag","embeddable":true,"href":"https:\/\/cndestetik.ch\/en\/wp-json\/wp\/v2\/product_tag?post=37956"}],"curies":[{"name":"wp","href":"https:\/\/api.w.org\/{rel}","templated":true}]}}