{"id":37882,"date":"2020-10-15T11:37:49","date_gmt":"2020-10-15T09:37:49","guid":{"rendered":"https:\/\/ticinoweb01.jcloud.ik-server.com\/cndestetik\/prodotto\/shea-butter-face-mask\/"},"modified":"2025-01-23T09:55:17","modified_gmt":"2025-01-23T08:55:17","slug":"mask-faced-with-butter-karite","status":"publish","type":"product","link":"https:\/\/cndestetik.ch\/en\/prodotto\/mask-faced-with-butter-karite\/","title":{"rendered":"Shea butter face mask"},"content":{"rendered":"<p><span data-sheets-value=\"{\"1\":2,\"2\":\"Con burro di Karit\u00e8 e Caolino. E' la maschera base Microcosmo; la sua formulazione con burro di Karit\u00e8 e Argilla Bianca la rende estremamente nutriente ed elasticizzata oltre che purificante per il derma. Pu\u00f2 essere impreziosita e personalizzata in base al tipo di pelle o al tipo di trattamento che si vuole svolgere con Oleoliti Spagirici singoli, Oli Essenziali e Idroglicerici mirati.\\n\\nModalita d'uso:\\nDopo un'attenta detersione con latte detergente, gommage e\/o peeling stendere la maschera e lasciare in posa almeno 15 min. prima di sciacquare. Le maschere pi\u00f9 cremose possono essere applicate (quantit\u00e0 adeguata) anche la sera e lasciate in posa tutta la notte per essere sciacquate la mattina.\"}\" data-sheets-userformat=\"{\"2\":15297,\"3\":{\"1\":0},\"9\":0,\"10\":2,\"11\":0,\"12\":0,\"14\":{\"1\":2,\"2\":0},\"15\":\"Calibri\",\"16\":11}\">With Shea butter and Kaolin. This is Microcosm&#8217;s basic mask; its formulation with Shea butter and White Clay makes it extremely nourishing and elasticizing as well as purifying to the dermis. It can be embellished and customized according to the skin type or the type of treatment to be carried out with single Spagyric Oleolites, Essential Oils, and targeted Hydroglycerics.<\/span><\/p>\n<p>Directions for use:<br \/>\nAfter careful cleansing with cleansing milk, scrub and\/or peel apply the mask and leave on at least 15 min. before rinsing. Creamier masks can also be applied (appropriate amount) in the evening and left on overnight to be rinsed off in the morning.<\/p>\n<p>Size: 100ml<\/p>\n","protected":false},"excerpt":{"rendered":"<p>Shea butter purifying face mask.<\/p>\n","protected":false},"featured_media":37676,"template":"","meta":{"_acf_changed":false},"product_brand":[],"product_cat":[1493,12990,12981],"product_tag":[758,431,4724,442,440],"class_list":{"0":"post-37882","1":"product","2":"type-product","3":"status-publish","4":"has-post-thumbnail","6":"product_cat-cosmetics","7":"product_cat-face","8":"product_cat-microcosm","9":"product_tag-face-en","10":"product_tag-kaolin-en","11":"product_tag-mask-en","12":"product_tag-shea-en","13":"product_tag-spagyria-en","15":"first","16":"instock","17":"taxable","18":"shipping-taxable","19":"purchasable","20":"product-type-simple"},"acf":[],"jetpack_sharing_enabled":true,"_links":{"self":[{"href":"https:\/\/cndestetik.ch\/en\/wp-json\/wp\/v2\/product\/37882","targetHints":{"allow":["GET"]}}],"collection":[{"href":"https:\/\/cndestetik.ch\/en\/wp-json\/wp\/v2\/product"}],"about":[{"href":"https:\/\/cndestetik.ch\/en\/wp-json\/wp\/v2\/types\/product"}],"wp:featuredmedia":[{"embeddable":true,"href":"https:\/\/cndestetik.ch\/en\/wp-json\/wp\/v2\/media\/37676"}],"wp:attachment":[{"href":"https:\/\/cndestetik.ch\/en\/wp-json\/wp\/v2\/media?parent=37882"}],"wp:term":[{"taxonomy":"product_brand","embeddable":true,"href":"https:\/\/cndestetik.ch\/en\/wp-json\/wp\/v2\/product_brand?post=37882"},{"taxonomy":"product_cat","embeddable":true,"href":"https:\/\/cndestetik.ch\/en\/wp-json\/wp\/v2\/product_cat?post=37882"},{"taxonomy":"product_tag","embeddable":true,"href":"https:\/\/cndestetik.ch\/en\/wp-json\/wp\/v2\/product_tag?post=37882"}],"curies":[{"name":"wp","href":"https:\/\/api.w.org\/{rel}","templated":true}]}}