{"id":70544,"date":"2025-02-10T11:09:23","date_gmt":"2025-02-10T10:09:23","guid":{"rendered":"https:\/\/cndestetik.ch\/prodotto\/lotion-spray-spf-15-sonnenmilch-gesicht-koerperspray\/"},"modified":"2025-02-10T11:09:23","modified_gmt":"2025-02-10T10:09:23","slug":"lotion-spray-spf-15-sonnenmilch-gesicht-koerperspray","status":"publish","type":"product","link":"https:\/\/cndestetik.ch\/de\/prodotto\/lotion-spray-spf-15-sonnenmilch-gesicht-koerperspray\/","title":{"rendered":"Lotion Spray SPF 15 Sonnenmilch Gesicht &amp; K\u00f6rperspray"},"content":{"rendered":"<p>Eine frische und parf\u00fcmierte Formel f\u00fcr den Sonnenschutz SFP 15, der durch photostabile und meeresfreundliche Sonnenfilter mit breitem Spektrum gew\u00e4hrleistet wird. Physalis angulata-Extrakt sch\u00fctzt die Haut vor hitze- und infrarotstrahlungsbedingten Sch\u00e4den und beugt der Lichtalterung vor, w\u00e4hrend Arginin eine feuchtigkeitsspendende und reparierende Wirkung entfaltet. Die fl\u00fcssige, leichte Textur zieht schnell ein und fettet nicht, so dass die Haut auch nach dem Sonnenbad weich und samtig bleibt. <\/p>\n<p>Wasserfest. Die praktische Spr\u00fchdose erm\u00f6glicht eine einfache und korrekte Dosierung, unabh\u00e4ngig von der Neigung. <\/p>\n<p>Gr\u00f6\u00dfe: 200ml.<\/p>\n<p>Empfohlener Verkaufspreis: 25CHF<\/p>\n","protected":false},"excerpt":{"rendered":"<p>Eine frische, duftende Formel f\u00fcr den Sonnenschutz SFP 15, der durch photostabile und meeresfreundliche Breitband-Sonnenfilter gew\u00e4hrleistet wird.<\/p>\n","protected":false},"featured_media":70482,"template":"","meta":{"_acf_changed":false},"product_brand":[],"product_cat":[12998,12985,3300],"product_tag":[4134,4111,7887],"class_list":{"0":"post-70544","1":"product","2":"type-product","3":"status-publish","4":"has-post-thumbnail","6":"product_cat-beauty-spa-de","7":"product_cat-body","8":"product_cat-04-solari-de","9":"product_tag-milch","10":"product_tag-solar-de","11":"product_tag-spray-de","13":"first","14":"instock","15":"taxable","16":"shipping-taxable","17":"purchasable","18":"product-type-simple"},"acf":[],"jetpack_sharing_enabled":true,"_links":{"self":[{"href":"https:\/\/cndestetik.ch\/de\/wp-json\/wp\/v2\/product\/70544","targetHints":{"allow":["GET"]}}],"collection":[{"href":"https:\/\/cndestetik.ch\/de\/wp-json\/wp\/v2\/product"}],"about":[{"href":"https:\/\/cndestetik.ch\/de\/wp-json\/wp\/v2\/types\/product"}],"wp:featuredmedia":[{"embeddable":true,"href":"https:\/\/cndestetik.ch\/de\/wp-json\/wp\/v2\/media\/70482"}],"wp:attachment":[{"href":"https:\/\/cndestetik.ch\/de\/wp-json\/wp\/v2\/media?parent=70544"}],"wp:term":[{"taxonomy":"product_brand","embeddable":true,"href":"https:\/\/cndestetik.ch\/de\/wp-json\/wp\/v2\/product_brand?post=70544"},{"taxonomy":"product_cat","embeddable":true,"href":"https:\/\/cndestetik.ch\/de\/wp-json\/wp\/v2\/product_cat?post=70544"},{"taxonomy":"product_tag","embeddable":true,"href":"https:\/\/cndestetik.ch\/de\/wp-json\/wp\/v2\/product_tag?post=70544"}],"curies":[{"name":"wp","href":"https:\/\/api.w.org\/{rel}","templated":true}]}}