{"id":70543,"date":"2025-02-10T11:09:22","date_gmt":"2025-02-10T10:09:22","guid":{"rendered":"https:\/\/cndestetik.ch\/prodotto\/lotion-spray-spf-50-sonnenmilch-gesicht-koerperspray\/"},"modified":"2025-02-10T11:09:22","modified_gmt":"2025-02-10T10:09:22","slug":"lotion-spray-spf-50-sonnenmilch-gesicht-koerperspray","status":"publish","type":"product","link":"https:\/\/cndestetik.ch\/de\/prodotto\/lotion-spray-spf-50-sonnenmilch-gesicht-koerperspray\/","title":{"rendered":"Lotion Spray SPF 50 Sonnenmilch Gesicht &amp; K\u00f6rperspray"},"content":{"rendered":"<p>Eine Riff-freundliche Breitbandfilter-Plattform, die ausgew\u00e4hlt wurde, um einen wirksamen und lang anhaltenden Schutz mit LSF 50 zu bieten. Diese ultraleichte, schnell einziehende Formel sch\u00fctzt die Haut und beugt UV-Sch\u00e4den vor, wirkt der Lichtalterung entgegen und macht Sonnenexposition sicher. Arginin und seine feuchtigkeitsspendenden Eigenschaften sorgen f\u00fcr sofortigen Komfort und lassen die Haut lange Zeit hydratisiert und weich. <\/p>\n<p>Wasserfest. Die praktische Spr\u00fchdose erm\u00f6glicht ein einfaches und korrektes Dosieren, unabh\u00e4ngig von dem eingenommenen Winkel. <\/p>\n<p>Gr\u00f6\u00dfe: 200ml.<\/p>\n<p>Empfohlener Verkaufspreis: 33CHF<\/p>\n","protected":false},"excerpt":{"rendered":"<p>Eine rifffreundliche Breitband-Filterplattform, die ausgew\u00e4hlt wurde, um einen wirksamen und stabilen Schutz mit LSF 50 zu bieten.<\/p>\n","protected":false},"featured_media":70500,"template":"","meta":{"_acf_changed":false},"product_brand":[],"product_cat":[12998,12985,3300],"product_tag":[4134,4111,7887],"class_list":{"0":"post-70543","1":"product","2":"type-product","3":"status-publish","4":"has-post-thumbnail","6":"product_cat-beauty-spa-de","7":"product_cat-body","8":"product_cat-04-solari-de","9":"product_tag-milch","10":"product_tag-solar-de","11":"product_tag-spray-de","13":"first","14":"instock","15":"taxable","16":"shipping-taxable","17":"purchasable","18":"product-type-simple"},"acf":[],"jetpack_sharing_enabled":true,"_links":{"self":[{"href":"https:\/\/cndestetik.ch\/de\/wp-json\/wp\/v2\/product\/70543","targetHints":{"allow":["GET"]}}],"collection":[{"href":"https:\/\/cndestetik.ch\/de\/wp-json\/wp\/v2\/product"}],"about":[{"href":"https:\/\/cndestetik.ch\/de\/wp-json\/wp\/v2\/types\/product"}],"wp:featuredmedia":[{"embeddable":true,"href":"https:\/\/cndestetik.ch\/de\/wp-json\/wp\/v2\/media\/70500"}],"wp:attachment":[{"href":"https:\/\/cndestetik.ch\/de\/wp-json\/wp\/v2\/media?parent=70543"}],"wp:term":[{"taxonomy":"product_brand","embeddable":true,"href":"https:\/\/cndestetik.ch\/de\/wp-json\/wp\/v2\/product_brand?post=70543"},{"taxonomy":"product_cat","embeddable":true,"href":"https:\/\/cndestetik.ch\/de\/wp-json\/wp\/v2\/product_cat?post=70543"},{"taxonomy":"product_tag","embeddable":true,"href":"https:\/\/cndestetik.ch\/de\/wp-json\/wp\/v2\/product_tag?post=70543"}],"curies":[{"name":"wp","href":"https:\/\/api.w.org\/{rel}","templated":true}]}}