{"id":70538,"date":"2025-02-10T11:09:23","date_gmt":"2025-02-10T10:09:23","guid":{"rendered":"https:\/\/cndestetik.ch\/prodotto\/lotion-spray-spf-30-spray-sun-milk-gesicht-koerper\/"},"modified":"2025-02-10T11:09:23","modified_gmt":"2025-02-10T10:09:23","slug":"lotion-spray-spf-30-spray-sun-milk-gesicht-koerper","status":"publish","type":"product","link":"https:\/\/cndestetik.ch\/de\/prodotto\/lotion-spray-spf-30-spray-sun-milk-gesicht-koerper\/","title":{"rendered":"Lotion Spray SPF 30 Spray Sun Milk Gesicht &amp; K\u00f6rper"},"content":{"rendered":"<p>Wirksamer Schutz vor UV- und Infrarotstrahlen dank einer frischen, leichten Formel, die leicht einzieht, ohne zu fetten. Die photostabile Breitspektrum-Filterplattform respektiert das Korallenriff und bietet Schutz mit LSF 30, w\u00e4hrend Physalis angulata-Extrakt vor Hitze- und Infrarotsch\u00e4den sch\u00fctzt und die Hautfunktion wiederherstellt. Die feuchtigkeitsspendenden und seidigen Eigenschaften von Arginin verleihen der Haut ein samtig-weiches Gef\u00fchl, auch nach dem Sonnenbad. <\/p>\n<p>Wasserfest. Die praktische Spr\u00fchdose erm\u00f6glicht ein einfaches und korrektes Dosieren, unabh\u00e4ngig von dem eingenommenen Winkel. <\/p>\n<p>Gr\u00f6\u00dfe: 200ml.<\/p>\n<p>Empfohlener Verkaufspreis: 29CHF<\/p>\n","protected":false},"excerpt":{"rendered":"<p>Wirksamer Schutz vor UV- und Infrarotstrahlung dank einer frischen, leichten Formel, die leicht einzieht, ohne zu fetten.<\/p>\n","protected":false},"featured_media":70495,"template":"","meta":{"_acf_changed":false},"product_brand":[],"product_cat":[12998,12985,3300],"product_tag":[4134,4111,7887],"class_list":{"0":"post-70538","1":"product","2":"type-product","3":"status-publish","4":"has-post-thumbnail","6":"product_cat-beauty-spa-de","7":"product_cat-body","8":"product_cat-04-solari-de","9":"product_tag-milch","10":"product_tag-solar-de","11":"product_tag-spray-de","13":"first","14":"instock","15":"taxable","16":"shipping-taxable","17":"purchasable","18":"product-type-simple"},"acf":[],"jetpack_sharing_enabled":true,"_links":{"self":[{"href":"https:\/\/cndestetik.ch\/de\/wp-json\/wp\/v2\/product\/70538","targetHints":{"allow":["GET"]}}],"collection":[{"href":"https:\/\/cndestetik.ch\/de\/wp-json\/wp\/v2\/product"}],"about":[{"href":"https:\/\/cndestetik.ch\/de\/wp-json\/wp\/v2\/types\/product"}],"wp:featuredmedia":[{"embeddable":true,"href":"https:\/\/cndestetik.ch\/de\/wp-json\/wp\/v2\/media\/70495"}],"wp:attachment":[{"href":"https:\/\/cndestetik.ch\/de\/wp-json\/wp\/v2\/media?parent=70538"}],"wp:term":[{"taxonomy":"product_brand","embeddable":true,"href":"https:\/\/cndestetik.ch\/de\/wp-json\/wp\/v2\/product_brand?post=70538"},{"taxonomy":"product_cat","embeddable":true,"href":"https:\/\/cndestetik.ch\/de\/wp-json\/wp\/v2\/product_cat?post=70538"},{"taxonomy":"product_tag","embeddable":true,"href":"https:\/\/cndestetik.ch\/de\/wp-json\/wp\/v2\/product_tag?post=70538"}],"curies":[{"name":"wp","href":"https:\/\/api.w.org\/{rel}","templated":true}]}}