{"id":70537,"date":"2025-02-10T11:09:23","date_gmt":"2025-02-10T10:09:23","guid":{"rendered":"https:\/\/cndestetik.ch\/prodotto\/after-sun-butter-gesicht-koerper\/"},"modified":"2025-02-10T11:09:23","modified_gmt":"2025-02-10T10:09:23","slug":"after-sun-butter-gesicht-koerper","status":"publish","type":"product","link":"https:\/\/cndestetik.ch\/de\/prodotto\/after-sun-butter-gesicht-koerper\/","title":{"rendered":"After Sun Butter Gesicht &amp; K\u00f6rper"},"content":{"rendered":"<p>Die Konsistenz von Butter, die Farbe von Limette, ein frischer und angenehmer Duft, in einem After-Sun-Produkt mit n\u00e4hrender und beruhigender Wirkung. Die speziellen \u00d6le von Macadamia und Kokosnuss spenden der Haut Feuchtigkeit und machen sie weich und samtig, w\u00e4hrend Oryzanol die Lichtalterung verhindert.<\/p>\n<p>Gleichzeitig wirkt ein technischer Wirkstoff, der aus Pfefferminze gewonnen wird und reich an Flavonoiden ist, auf die Hautreaktivit\u00e4t (beruhigende Wirkung) und die sensorische Wahrnehmung (Wohlf\u00fchleffekt) ein und bringt die Haut wieder in einen optimalen Zustand des Gleichgewichts und des Wohlbefindens. Gr\u00f6\u00dfe: 250ml. Empfohlener Verkaufspreis: 37CHF<\/p>\n","protected":false},"excerpt":{"rendered":"<p>Die Konsistenz von Butter, die Farbe von Limette, ein frischer und angenehmer Duft, in einem After-Sun-Produkt mit n\u00e4hrender und beruhigender Wirkung.<\/p>\n","protected":false},"featured_media":70469,"template":"","meta":{"_acf_changed":false},"product_brand":[],"product_cat":[12998,12985,3300],"product_tag":[4148,13676,1893,594,13328],"class_list":{"0":"post-70537","1":"product","2":"type-product","3":"status-publish","4":"has-post-thumbnail","6":"product_cat-beauty-spa-de","7":"product_cat-body","8":"product_cat-04-solari-de","9":"product_tag-after-sun","10":"product_tag-blumig","11":"product_tag-emulsion-de","12":"product_tag-feuchtigkeitscreme","13":"product_tag-veloute","15":"first","16":"instock","17":"taxable","18":"shipping-taxable","19":"purchasable","20":"product-type-simple"},"acf":[],"jetpack_sharing_enabled":true,"_links":{"self":[{"href":"https:\/\/cndestetik.ch\/de\/wp-json\/wp\/v2\/product\/70537","targetHints":{"allow":["GET"]}}],"collection":[{"href":"https:\/\/cndestetik.ch\/de\/wp-json\/wp\/v2\/product"}],"about":[{"href":"https:\/\/cndestetik.ch\/de\/wp-json\/wp\/v2\/types\/product"}],"wp:featuredmedia":[{"embeddable":true,"href":"https:\/\/cndestetik.ch\/de\/wp-json\/wp\/v2\/media\/70469"}],"wp:attachment":[{"href":"https:\/\/cndestetik.ch\/de\/wp-json\/wp\/v2\/media?parent=70537"}],"wp:term":[{"taxonomy":"product_brand","embeddable":true,"href":"https:\/\/cndestetik.ch\/de\/wp-json\/wp\/v2\/product_brand?post=70537"},{"taxonomy":"product_cat","embeddable":true,"href":"https:\/\/cndestetik.ch\/de\/wp-json\/wp\/v2\/product_cat?post=70537"},{"taxonomy":"product_tag","embeddable":true,"href":"https:\/\/cndestetik.ch\/de\/wp-json\/wp\/v2\/product_tag?post=70537"}],"curies":[{"name":"wp","href":"https:\/\/api.w.org\/{rel}","templated":true}]}}