{"id":70533,"date":"2025-02-10T11:09:23","date_gmt":"2025-02-10T10:09:23","guid":{"rendered":"https:\/\/cndestetik.ch\/prodotto\/gesichtscreme-spf-50-akne-hautspezifische-sonnen-gesichtscreme\/"},"modified":"2025-02-10T11:09:23","modified_gmt":"2025-02-10T10:09:23","slug":"gesichtscreme-spf-50-akne-hautspezifische-sonnen-gesichtscreme","status":"publish","type":"product","link":"https:\/\/cndestetik.ch\/de\/prodotto\/gesichtscreme-spf-50-akne-hautspezifische-sonnen-gesichtscreme\/","title":{"rendered":"Gesichtscreme SPF 50+ Akne Hautspezifische Sonnen-Gesichtscreme"},"content":{"rendered":"<p>Akneanf\u00e4llige Haut erfordert besondere Aufmerksamkeit bei Sonneneinstrahlung.<br \/>\nNeben den durch UV-Strahlen verursachten Sch\u00e4den gibt es zwei Aspekte, die es zu bek\u00e4mpfen gilt: die m\u00f6gliche Verschlimmerung des Entz\u00fcndungszustandes und die Tendenz zur Entwicklung von Dyschromien und Flecken. F\u00fcr diesen Hauttyp bietet Beauty Spa ein Produkt, das synergetisch wirkt: Die Avenantramide haben eine weichmachende und beruhigende Wirkung, w\u00e4hrend ein neues technologisches Molek\u00fcl vor Pigmentst\u00f6rungen sch\u00fctzt und gleichzeitig eine Lichtschutzwirkung aus\u00fcbt, die durch Niacinamid verst\u00e4rkt wird. Schlie\u00dflich wirkt ein Inhaltsstoff auf der Basis nat\u00fcrlicher Zellulosefasern gegen Glanz und \u00fcbersch\u00fcssigen Talg.  <\/p>\n<p>Die besondere Textur beg\u00fcnstigt das richtige Auftragen des Produkts, das Schutz und Komfort garantiert.<\/p>\n<p>Gr\u00f6\u00dfe: 50ml.<\/p>\n<p>Empfohlener Verkaufspreis: 33CHF<\/p>\n","protected":false},"excerpt":{"rendered":"<p>Die besondere Textur beg\u00fcnstigt das richtige Auftragen des Produkts, das Schutz und Komfort garantiert.<\/p>\n","protected":false},"featured_media":70444,"template":"","meta":{"_acf_changed":false},"product_brand":[],"product_cat":[12998,12985,3300],"product_tag":[2095,13673,775,7151],"class_list":{"0":"post-70533","1":"product","2":"type-product","3":"status-publish","4":"has-post-thumbnail","6":"product_cat-beauty-spa-de","7":"product_cat-body","8":"product_cat-04-solari-de","9":"product_tag-braunen-de","10":"product_tag-selbstbrauner","11":"product_tag-tanner-de","12":"product_tag-tropfen","14":"first","15":"instock","16":"taxable","17":"shipping-taxable","18":"purchasable","19":"product-type-simple"},"acf":[],"jetpack_sharing_enabled":true,"_links":{"self":[{"href":"https:\/\/cndestetik.ch\/de\/wp-json\/wp\/v2\/product\/70533","targetHints":{"allow":["GET"]}}],"collection":[{"href":"https:\/\/cndestetik.ch\/de\/wp-json\/wp\/v2\/product"}],"about":[{"href":"https:\/\/cndestetik.ch\/de\/wp-json\/wp\/v2\/types\/product"}],"wp:featuredmedia":[{"embeddable":true,"href":"https:\/\/cndestetik.ch\/de\/wp-json\/wp\/v2\/media\/70444"}],"wp:attachment":[{"href":"https:\/\/cndestetik.ch\/de\/wp-json\/wp\/v2\/media?parent=70533"}],"wp:term":[{"taxonomy":"product_brand","embeddable":true,"href":"https:\/\/cndestetik.ch\/de\/wp-json\/wp\/v2\/product_brand?post=70533"},{"taxonomy":"product_cat","embeddable":true,"href":"https:\/\/cndestetik.ch\/de\/wp-json\/wp\/v2\/product_cat?post=70533"},{"taxonomy":"product_tag","embeddable":true,"href":"https:\/\/cndestetik.ch\/de\/wp-json\/wp\/v2\/product_tag?post=70533"}],"curies":[{"name":"wp","href":"https:\/\/api.w.org\/{rel}","templated":true}]}}